{"id":3517,"date":"2023-05-22T16:28:48","date_gmt":"2023-05-22T14:28:48","guid":{"rendered":"https:\/\/www.camping-serendipite.fr\/camping-ecologico-cantal\/"},"modified":"2025-02-10T14:12:34","modified_gmt":"2025-02-10T13:12:34","slug":"camping-ecologico-cantal","status":"publish","type":"page","link":"https:\/\/www.camping-serendipite.fr\/es\/camping-ecologico-cantal\/","title":{"rendered":"Nuestro enfoque ecol\u00f3gico"},"content":{"rendered":"<section id=\"ls-section-block_226e7a2424c25278ce83c81023c2f4a2\" class=\"ls-section  page-chapeau has-p-b p-b-0\" >\r\n        <div class=\"container \">\r\n        \n\n<h1 class=\"ls__heading wp-block-heading has-text-align-center deco-center\"><br\/>Camping ecol\u00f3gicamente comprometido<strong>en el Cantal<\/strong><\/h1>\n\n\r\n    <\/div>\r\n<\/section><section id=\"ls-section-block_e2ffd185eeae37bb658218e150b898c0\" class=\"ls-section  fond-one has-p-t p-t-0\" >\r\n        <div class=\"container container--wide\">\r\n        \n\n<div class=\"wp-block-columns is-layout-flex wp-container-core-columns-is-layout-9d6595d7 wp-block-columns-is-layout-flex\">\n<div class=\"wp-block-column is-vertically-aligned-center is-layout-flow wp-block-column-is-layout-flow\" style=\"flex-basis:60%\">\n<figure class=\"wp-block-image size-full animated fadeInLeft delay-100ms slow\"><a href=\"https:\/\/www.camping-serendipite.fr\/wp-content\/uploads\/2023\/06\/camping-auvergne-hebergement-grand-confort-exterieur-nature.webp\"><img decoding=\"async\" width=\"800\" height=\"600\" src=\"https:\/\/www.camping-serendipite.fr\/wp-content\/uploads\/2023\/06\/camping-auvergne-hebergement-grand-confort-exterieur-nature.webp\" alt=\"camping auvergne alojamiento gran comodidad naturaleza al aire libre\" class=\"wp-image-1439\" srcset=\"https:\/\/www.camping-serendipite.fr\/wp-content\/uploads\/2023\/06\/camping-auvergne-hebergement-grand-confort-exterieur-nature.webp 800w, https:\/\/www.camping-serendipite.fr\/wp-content\/uploads\/2023\/06\/camping-auvergne-hebergement-grand-confort-exterieur-nature-300x225.webp 300w, https:\/\/www.camping-serendipite.fr\/wp-content\/uploads\/2023\/06\/camping-auvergne-hebergement-grand-confort-exterieur-nature-768x576.webp 768w\" sizes=\"(max-width: 800px) 100vw, 800px\" \/><\/a><\/figure>\n<\/div>\n\n\n\n<div class=\"wp-block-column is-vertically-aligned-center is-layout-flow wp-block-column-is-layout-flow\" style=\"flex-basis:40%\">\n<h2 class=\"ls__heading wp-block-heading deco\">Nuestros compromisos ecol\u00f3gicos en el camping <strong>cerca del Parc naturel r\u00e9gional des Volcans d&#8217;Auvergne<\/strong><\/h2>\n\n\n\n<p class=\"ls-paragraph\">El <a href=\"https:\/\/www.camping-serendipite.fr\/es\/\">camping S\u00e9rendipit\u00e9, en el Cantal<\/a>, apuesta por un enfoque ecol\u00f3gico, no para crear expectaci\u00f3n, sino por convicci\u00f3n.<\/p>\n\n\n\n<p class=\"ls-paragraph\">\u00c9stos son nuestros <strong>principales compromisos<\/strong>:<\/p>\n\n\n\n<ul class=\"ls-list wp-block-list\">\n<li><strong>Productos de limpieza ecocertificados<\/strong> en botellas reutilizables.<\/li>\n\n\n\n<li><strong>Nuevos alquileres fabricados en Francia<\/strong>, con madera procedente de bosques gestionados ecol\u00f3gicamente: una alternativa \u00e9tica a las casas m\u00f3viles.<\/li>\n\n\n\n<li>Concienciaci\u00f3n sobre la <strong>gesti\u00f3n de<\/strong> <strong>residuos<\/strong>: compostaje, clasificaci\u00f3n selectiva y no utilizaci\u00f3n de ropa desechable.<\/li>\n\n\n\n<li>Buena <strong>gesti\u00f3n de<\/strong> <strong>la energ\u00eda<\/strong> (agua y electricidad): grifos mezcladores que ahorran agua, bombillas de bajo consumo y concienciaci\u00f3n sobre las buenas pr\u00e1cticas.<\/li>\n\n\n\n<li><strong>Tiendas<\/strong>: compra a productores, proveedores y dise\u00f1adores locales (para comestibles, aperitivos, recuerdos, etc.).<\/li>\n<\/ul>\n<\/div>\n<\/div>\n\n\r\n    <\/div>\r\n<\/section><section id=\"services\" class=\"ls-section  home-ecologie-image home-ecologie has-parallax has-p-t p-t-15 has-p-b p-b-15\" >\r\n        <div class=\"container container--full\">\r\n        \n\n<div class=\"wp-block-columns is-layout-flex wp-container-core-columns-is-layout-9d6595d7 wp-block-columns-is-layout-flex\">\n<div class=\"wp-block-column is-vertically-aligned-center first is-layout-flow wp-block-column-is-layout-flow\">\n<div id=\"ls-heading ls-titre-div-block_741e195b135d271f616478b266f53666\" class=\"ls-titre-div titre-blob aligncenter h2-like has-text-color has-color-2-color\" >\n    <br>Un compromiso con el medio ambiente<\/div>\n<\/div>\n\n\n\n<div class=\"wp-block-column second has-color-1-background-color has-background is-layout-flow wp-block-column-is-layout-flow\" style=\"flex-basis:60%\">\n<h2 class=\"ls__heading wp-block-heading has-text-align-center deco\">Acciones ecol\u00f3gicas del camping<\/h2>\n\n\n\n<p class=\"ls-paragraph\">Estamos poniendo en marcha una serie de medidas para<strong>obtener una etiqueta ecol\u00f3gica<\/strong> y una <strong>etiqueta de<\/strong> <strong>calidad<\/strong> para la temporada 2025.  <\/p>\n\n\n\n<p class=\"ls-paragraph\">\u00c9stas son las <strong>4<\/strong> <strong>\u00e1reas<\/strong> en las que nos centramos:<\/p>\n\n\n\n<ul class=\"ls-list wp-block-list\">\n<li><strong>Recepci\u00f3n<\/strong>: estar disponible, informada y ser eficiente para ayudar a que tu estancia est\u00e9 libre de estr\u00e9s, organizada y sea agradable.<\/li>\n\n\n\n<li><strong>limpieza<\/strong> <strong>:<\/strong> mantenimiento y limpieza de las zonas comunes, parcelas y chal\u00e9s varias veces al d\u00eda.<\/li>\n\n\n\n<li><strong>ubicaci\u00f3n<\/strong>: nos comprometemos a conservar la tierra y a tratarla con respeto y protecci\u00f3n. La integraci\u00f3n de nuestras instalaciones en el paisaje tambi\u00e9n es primordial para nosotros. <\/li>\n\n\n\n<li><strong>el medio ambiente<\/strong>: nuestra gesti\u00f3n es ecorresponsable, \u00e9tica y sostenible.<\/li>\n<\/ul>\n\n\n\n<p class=\"ls-paragraph\">Nos esforzamos constantemente por mejorar nuestra capacidad de gesti\u00f3n mejorando este maravilloso sitio.<\/p>\n<\/div>\n<\/div>\n\n\r\n    <\/div>\r\n<\/section><section id=\"ls-section-block_e155347bd03c0aaaf4b6b7364b71dd49\" class=\"ls-section  fond-three has-p-t p-t-14 has-p-b p-b-14\" >\r\n        <div class=\"container container--wide\">\r\n        \n\n<div class=\"wp-block-columns is-layout-flex wp-container-core-columns-is-layout-9d6595d7 wp-block-columns-is-layout-flex\">\n<div class=\"wp-block-column is-vertically-aligned-center is-layout-flow wp-block-column-is-layout-flow\" style=\"flex-basis:40%\">\n<h2 class=\"ls__heading wp-block-heading deco\"><br\/><strong>El<\/strong> enfoque ecol\u00f3gico del camping<\/h2>\n\n\n\n<p class=\"ls-paragraph\">Nuestras acciones y elecciones est\u00e1n en consonancia con nuestros compromisos.<\/p>\n\n\n\n<p class=\"ls-paragraph\">\u00a1Aqu\u00ed no hay parques de autocaravanas! \u00bfSab\u00edas que s\u00f3lo el alojamiento de alquiler representa el 70% del impacto medioambiental de un establecimiento al aire libre? Por eso hemos optado por incluir <strong>s\u00f3lo<\/strong> <strong>algunos chalets<\/strong>.  <\/p>\n\n\n\n<p class=\"ls-paragraph\">Tambi\u00e9n optamos por no <strong>incluir una piscina <\/strong>para<strong> reducir nuestro impacto ecol\u00f3gico<\/strong> (a nuestra altitud, las piscinas tienen que calentarse sistem\u00e1ticamente).<\/p>\n\n\n\n<p class=\"ls-paragraph\">Adem\u00e1s,<strong> gestionamos el parque de forma ecol\u00f3gica<\/strong>: sin herbicidas ni otros productos nocivos. El camping S\u00e9rendipit\u00e9 est\u00e1 en la<strong> zona menos contaminada de Francia <\/strong>y queremos que siga siendo as\u00ed. <\/p>\n<\/div>\n\n\n\n<div class=\"wp-block-column is-layout-flow wp-block-column-is-layout-flow\" style=\"flex-basis:60%\">\n<figure class=\"wp-block-image size-full animated fadeInRight delay-100ms slow\"><a href=\"https:\/\/www.camping-serendipite.fr\/wp-content\/uploads\/2023\/06\/camping-serendipite-un-camping-avec-des-demarches-ecologiques.webp\"><img decoding=\"async\" width=\"800\" height=\"582\" src=\"https:\/\/www.camping-serendipite.fr\/wp-content\/uploads\/2023\/06\/camping-serendipite-un-camping-avec-des-demarches-ecologiques.webp\" alt=\"camping naturaleza en auvernia\" class=\"wp-image-733\" srcset=\"https:\/\/www.camping-serendipite.fr\/wp-content\/uploads\/2023\/06\/camping-serendipite-un-camping-avec-des-demarches-ecologiques.webp 800w, https:\/\/www.camping-serendipite.fr\/wp-content\/uploads\/2023\/06\/camping-serendipite-un-camping-avec-des-demarches-ecologiques-300x218.webp 300w, https:\/\/www.camping-serendipite.fr\/wp-content\/uploads\/2023\/06\/camping-serendipite-un-camping-avec-des-demarches-ecologiques-768x559.webp 768w\" sizes=\"(max-width: 800px) 100vw, 800px\" \/><\/a><\/figure>\n<\/div>\n<\/div>\n\n\r\n    <\/div>\r\n<\/section><section id=\"ls-section-block_d99fd3f063bc00cbb7bd779f285ac012\" class=\"ls-section  page-maillage\" >\r\n        <div class=\"container container--wide\">\r\n        \n\n<div id=\"ls-heading ls-titre-div-block_60cc56d6762b5a0ce0d6bbec2ec1ed67\" class=\"ls-titre-div deco-flower aligncenter h2-like\" >\n    Descubre las actividades, chalets y precios de nuestro camping<\/div>\n\n\n<div id=\"ls-maillage-block_fda8e57e5d7dc46604811b694b4d18c0\" class=\"ls-maillage cta-style-normal\" data-rows=\"3\">\r\n    <div class=\"wp-block-columns\"><div class=\"wp-block-column\">\n\n<a href=\"https:\/\/www.camping-serendipite.fr\/es\/actividades-naturaleza-cantal\/\" target=\"\" rel=\"noopener\" class=\"ls-cta__link\">\n\n\t<div class=\"ls-cta__image\"><img decoding=\"async\" src=\"https:\/\/www.camping-serendipite.fr\/wp-content\/uploads\/2023\/06\/camping-cantal-parc-naturel-aubrac-randonnee-e1687340421775-768x575.webp\" alt=\"camping cantal parc naturel aubrac randonnee\"><\/div>\n\t<div class=\"ls-cta__title\">\n\t\tActividades en la naturaleza\t<\/div>\n\n\t\t\n<\/a><\/div><div class=\"wp-block-column\">\n\n<a href=\"https:\/\/www.camping-serendipite.fr\/es\/alquiler-alojamiento-cantal\/\" target=\"\" rel=\"noopener\" class=\"ls-cta__link\">\n\n\t<div class=\"ls-cta__image\"><img decoding=\"async\" src=\"https:\/\/www.camping-serendipite.fr\/wp-content\/uploads\/2023\/06\/location-chalets-cantal-768x576.webp\" alt=\"alquiler chalet cantal\"><\/div>\n\t<div class=\"ls-cta__title\">\n\t\tChalets y caba\u00f1as\t<\/div>\n\n\t\t\n<\/a><\/div><div class=\"wp-block-column\">\n\n<a href=\"https:\/\/www.camping-serendipite.fr\/es\/camping-barato-cantal\/\" target=\"\" rel=\"noopener\" class=\"ls-cta__link\">\n\n\t<div class=\"ls-cta__image\"><img decoding=\"async\" src=\"https:\/\/www.camping-serendipite.fr\/wp-content\/uploads\/2023\/06\/camping-pas-cher-aubrac-1-768x500.webp\" alt=\"camping pas cher aubrac\"><\/div>\n\t<div class=\"ls-cta__title\">\n\t\tTarifas\t<\/div>\n\n\t\t\n<\/a><\/div><\/div><\/div>\n\r\n    <\/div>\r\n<\/section>","protected":false},"excerpt":{"rendered":"","protected":false},"author":1,"featured_media":3526,"parent":0,"menu_order":0,"comment_status":"closed","ping_status":"closed","template":"","meta":{"_acf_changed":false,"inline_featured_image":false,"footnotes":""},"sujet":[],"class_list":["post-3517","page","type-page","status-publish","has-post-thumbnail","hentry"],"acf":[],"yoast_head":"<!-- This site is optimized with the Yoast SEO plugin v24.7 - https:\/\/yoast.com\/wordpress\/plugins\/seo\/ -->\n<title>Camping ecologie volcans Auvergne | Camping \u00e9cologie Cantal<\/title>\n<meta name=\"robots\" content=\"index, follow, max-snippet:-1, max-image-preview:large, max-video-preview:-1\" \/>\n<link rel=\"canonical\" href=\"https:\/\/www.camping-serendipite.fr\/es\/camping-ecologico-cantal\/\" \/>\n<meta property=\"og:locale\" content=\"es_ES\" \/>\n<meta property=\"og:type\" content=\"article\" \/>\n<meta property=\"og:title\" content=\"Camping ecologie volcans Auvergne | Camping \u00e9cologie Cantal\" \/>\n<meta property=\"og:url\" content=\"https:\/\/www.camping-serendipite.fr\/es\/camping-ecologico-cantal\/\" \/>\n<meta property=\"og:site_name\" content=\"Camping S\u00e9rendipit\u00e9\" \/>\n<meta property=\"article:modified_time\" content=\"2025-02-10T13:12:34+00:00\" \/>\n<meta property=\"og:image\" content=\"https:\/\/www.camping-serendipite.fr\/wp-content\/uploads\/2024\/02\/IMG_0623-1-2-scaled-e1708617694564.jpg\" \/>\n\t<meta property=\"og:image:width\" content=\"1920\" \/>\n\t<meta property=\"og:image:height\" content=\"2560\" \/>\n\t<meta property=\"og:image:type\" content=\"image\/jpeg\" \/>\n<meta name=\"twitter:card\" content=\"summary_large_image\" \/>\n<meta name=\"twitter:label1\" content=\"Tiempo de lectura\" \/>\n\t<meta name=\"twitter:data1\" content=\"2 minutos\" \/>\n<script type=\"application\/ld+json\" class=\"yoast-schema-graph\">{\"@context\":\"https:\/\/schema.org\",\"@graph\":[{\"@type\":\"WebPage\",\"@id\":\"https:\/\/www.camping-serendipite.fr\/es\/camping-ecologico-cantal\/\",\"url\":\"https:\/\/www.camping-serendipite.fr\/es\/camping-ecologico-cantal\/\",\"name\":\"Camping ecologie volcans Auvergne | Camping \u00e9cologie Cantal\",\"isPartOf\":{\"@id\":\"https:\/\/www.camping-serendipite.fr\/#website\"},\"primaryImageOfPage\":{\"@id\":\"https:\/\/www.camping-serendipite.fr\/es\/camping-ecologico-cantal\/#primaryimage\"},\"image\":{\"@id\":\"https:\/\/www.camping-serendipite.fr\/es\/camping-ecologico-cantal\/#primaryimage\"},\"thumbnailUrl\":\"https:\/\/www.camping-serendipite.fr\/wp-content\/uploads\/2024\/02\/IMG_0623-1-2-scaled-e1708617694564.jpg\",\"datePublished\":\"2023-05-22T14:28:48+00:00\",\"dateModified\":\"2025-02-10T13:12:34+00:00\",\"breadcrumb\":{\"@id\":\"https:\/\/www.camping-serendipite.fr\/es\/camping-ecologico-cantal\/#breadcrumb\"},\"inLanguage\":\"es\",\"potentialAction\":[{\"@type\":\"ReadAction\",\"target\":[\"https:\/\/www.camping-serendipite.fr\/es\/camping-ecologico-cantal\/\"]}]},{\"@type\":\"ImageObject\",\"inLanguage\":\"es\",\"@id\":\"https:\/\/www.camping-serendipite.fr\/es\/camping-ecologico-cantal\/#primaryimage\",\"url\":\"https:\/\/www.camping-serendipite.fr\/wp-content\/uploads\/2024\/02\/IMG_0623-1-2-scaled-e1708617694564.jpg\",\"contentUrl\":\"https:\/\/www.camping-serendipite.fr\/wp-content\/uploads\/2024\/02\/IMG_0623-1-2-scaled-e1708617694564.jpg\",\"width\":1920,\"height\":2560,\"caption\":\"IMG 0623 (1) (2)\"},{\"@type\":\"BreadcrumbList\",\"@id\":\"https:\/\/www.camping-serendipite.fr\/es\/camping-ecologico-cantal\/#breadcrumb\",\"itemListElement\":[{\"@type\":\"ListItem\",\"position\":1,\"name\":\"Camping Cantal\",\"item\":\"https:\/\/www.camping-serendipite.fr\/es\/\"},{\"@type\":\"ListItem\",\"position\":2,\"name\":\"Camping ecol\u00f3gico cerca de los volcanes de Auvernia\"}]},{\"@type\":\"WebSite\",\"@id\":\"https:\/\/www.camping-serendipite.fr\/#website\",\"url\":\"https:\/\/www.camping-serendipite.fr\/\",\"name\":\"Camping S\u00e9rendipit\u00e9\",\"description\":\"\",\"publisher\":{\"@id\":\"https:\/\/www.camping-serendipite.fr\/#organization\"},\"potentialAction\":[{\"@type\":\"SearchAction\",\"target\":{\"@type\":\"EntryPoint\",\"urlTemplate\":\"https:\/\/www.camping-serendipite.fr\/?s={search_term_string}\"},\"query-input\":{\"@type\":\"PropertyValueSpecification\",\"valueRequired\":true,\"valueName\":\"search_term_string\"}}],\"inLanguage\":\"es\"},{\"@type\":\"Organization\",\"@id\":\"https:\/\/www.camping-serendipite.fr\/#organization\",\"name\":\"Camping S\u00e9rendipit\u00e9\",\"url\":\"https:\/\/www.camping-serendipite.fr\/\",\"logo\":{\"@type\":\"ImageObject\",\"inLanguage\":\"es\",\"@id\":\"https:\/\/www.camping-serendipite.fr\/#\/schema\/logo\/image\/\",\"url\":\"https:\/\/www.camping-serendipite.fr\/wp-content\/uploads\/2022\/06\/cropped-serendipite-camping-3-1.png\",\"contentUrl\":\"https:\/\/www.camping-serendipite.fr\/wp-content\/uploads\/2022\/06\/cropped-serendipite-camping-3-1.png\",\"width\":383,\"height\":461,\"caption\":\"Camping S\u00e9rendipit\u00e9\"},\"image\":{\"@id\":\"https:\/\/www.camping-serendipite.fr\/#\/schema\/logo\/image\/\"}}]}<\/script>\n<!-- \/ Yoast SEO plugin. -->","yoast_head_json":{"title":"Camping ecologie volcans Auvergne | Camping \u00e9cologie Cantal","robots":{"index":"index","follow":"follow","max-snippet":"max-snippet:-1","max-image-preview":"max-image-preview:large","max-video-preview":"max-video-preview:-1"},"canonical":"https:\/\/www.camping-serendipite.fr\/es\/camping-ecologico-cantal\/","og_locale":"es_ES","og_type":"article","og_title":"Camping ecologie volcans Auvergne | Camping \u00e9cologie Cantal","og_url":"https:\/\/www.camping-serendipite.fr\/es\/camping-ecologico-cantal\/","og_site_name":"Camping S\u00e9rendipit\u00e9","article_modified_time":"2025-02-10T13:12:34+00:00","og_image":[{"width":1920,"height":2560,"url":"https:\/\/www.camping-serendipite.fr\/wp-content\/uploads\/2024\/02\/IMG_0623-1-2-scaled-e1708617694564.jpg","type":"image\/jpeg"}],"twitter_card":"summary_large_image","twitter_misc":{"Tiempo de lectura":"2 minutos"},"schema":{"@context":"https:\/\/schema.org","@graph":[{"@type":"WebPage","@id":"https:\/\/www.camping-serendipite.fr\/es\/camping-ecologico-cantal\/","url":"https:\/\/www.camping-serendipite.fr\/es\/camping-ecologico-cantal\/","name":"Camping ecologie volcans Auvergne | Camping \u00e9cologie Cantal","isPartOf":{"@id":"https:\/\/www.camping-serendipite.fr\/#website"},"primaryImageOfPage":{"@id":"https:\/\/www.camping-serendipite.fr\/es\/camping-ecologico-cantal\/#primaryimage"},"image":{"@id":"https:\/\/www.camping-serendipite.fr\/es\/camping-ecologico-cantal\/#primaryimage"},"thumbnailUrl":"https:\/\/www.camping-serendipite.fr\/wp-content\/uploads\/2024\/02\/IMG_0623-1-2-scaled-e1708617694564.jpg","datePublished":"2023-05-22T14:28:48+00:00","dateModified":"2025-02-10T13:12:34+00:00","breadcrumb":{"@id":"https:\/\/www.camping-serendipite.fr\/es\/camping-ecologico-cantal\/#breadcrumb"},"inLanguage":"es","potentialAction":[{"@type":"ReadAction","target":["https:\/\/www.camping-serendipite.fr\/es\/camping-ecologico-cantal\/"]}]},{"@type":"ImageObject","inLanguage":"es","@id":"https:\/\/www.camping-serendipite.fr\/es\/camping-ecologico-cantal\/#primaryimage","url":"https:\/\/www.camping-serendipite.fr\/wp-content\/uploads\/2024\/02\/IMG_0623-1-2-scaled-e1708617694564.jpg","contentUrl":"https:\/\/www.camping-serendipite.fr\/wp-content\/uploads\/2024\/02\/IMG_0623-1-2-scaled-e1708617694564.jpg","width":1920,"height":2560,"caption":"IMG 0623 (1) (2)"},{"@type":"BreadcrumbList","@id":"https:\/\/www.camping-serendipite.fr\/es\/camping-ecologico-cantal\/#breadcrumb","itemListElement":[{"@type":"ListItem","position":1,"name":"Camping Cantal","item":"https:\/\/www.camping-serendipite.fr\/es\/"},{"@type":"ListItem","position":2,"name":"Camping ecol\u00f3gico cerca de los volcanes de Auvernia"}]},{"@type":"WebSite","@id":"https:\/\/www.camping-serendipite.fr\/#website","url":"https:\/\/www.camping-serendipite.fr\/","name":"Camping S\u00e9rendipit\u00e9","description":"","publisher":{"@id":"https:\/\/www.camping-serendipite.fr\/#organization"},"potentialAction":[{"@type":"SearchAction","target":{"@type":"EntryPoint","urlTemplate":"https:\/\/www.camping-serendipite.fr\/?s={search_term_string}"},"query-input":{"@type":"PropertyValueSpecification","valueRequired":true,"valueName":"search_term_string"}}],"inLanguage":"es"},{"@type":"Organization","@id":"https:\/\/www.camping-serendipite.fr\/#organization","name":"Camping S\u00e9rendipit\u00e9","url":"https:\/\/www.camping-serendipite.fr\/","logo":{"@type":"ImageObject","inLanguage":"es","@id":"https:\/\/www.camping-serendipite.fr\/#\/schema\/logo\/image\/","url":"https:\/\/www.camping-serendipite.fr\/wp-content\/uploads\/2022\/06\/cropped-serendipite-camping-3-1.png","contentUrl":"https:\/\/www.camping-serendipite.fr\/wp-content\/uploads\/2022\/06\/cropped-serendipite-camping-3-1.png","width":383,"height":461,"caption":"Camping S\u00e9rendipit\u00e9"},"image":{"@id":"https:\/\/www.camping-serendipite.fr\/#\/schema\/logo\/image\/"}}]}},"_links":{"self":[{"href":"https:\/\/www.camping-serendipite.fr\/es\/wp-json\/wp\/v2\/pages\/3517","targetHints":{"allow":["GET"]}}],"collection":[{"href":"https:\/\/www.camping-serendipite.fr\/es\/wp-json\/wp\/v2\/pages"}],"about":[{"href":"https:\/\/www.camping-serendipite.fr\/es\/wp-json\/wp\/v2\/types\/page"}],"author":[{"embeddable":true,"href":"https:\/\/www.camping-serendipite.fr\/es\/wp-json\/wp\/v2\/users\/1"}],"replies":[{"embeddable":true,"href":"https:\/\/www.camping-serendipite.fr\/es\/wp-json\/wp\/v2\/comments?post=3517"}],"version-history":[{"count":1,"href":"https:\/\/www.camping-serendipite.fr\/es\/wp-json\/wp\/v2\/pages\/3517\/revisions"}],"predecessor-version":[{"id":3533,"href":"https:\/\/www.camping-serendipite.fr\/es\/wp-json\/wp\/v2\/pages\/3517\/revisions\/3533"}],"wp:featuredmedia":[{"embeddable":true,"href":"https:\/\/www.camping-serendipite.fr\/es\/wp-json\/wp\/v2\/media\/3526"}],"wp:attachment":[{"href":"https:\/\/www.camping-serendipite.fr\/es\/wp-json\/wp\/v2\/media?parent=3517"}],"wp:term":[{"taxonomy":"sujet","embeddable":true,"href":"https:\/\/www.camping-serendipite.fr\/es\/wp-json\/wp\/v2\/sujet?post=3517"}],"curies":[{"name":"wp","href":"https:\/\/api.w.org\/{rel}","templated":true}]}}