{"id":3494,"date":"2023-06-14T15:26:45","date_gmt":"2023-06-14T13:26:45","guid":{"rendered":"https:\/\/www.camping-serendipite.fr\/informacion-legal\/"},"modified":"2025-02-10T14:10:31","modified_gmt":"2025-02-10T13:10:31","slug":"informacion-legal","status":"publish","type":"page","link":"https:\/\/www.camping-serendipite.fr\/es\/informacion-legal\/","title":{"rendered":"Informaci\u00f3n legal"},"content":{"rendered":"<section id=\"ls-section-block_8b7a6cb579e7e3273954ec7b903929a4\" class=\"ls-section  page-intro has-p-b p-b-0\" >\r\n        <div class=\"container \">\r\n        \n\n<h1 class=\"ls__heading wp-block-heading has-text-align-center\">Informaci\u00f3n legal<\/h1>\n\n\r\n    <\/div>\r\n<\/section><section id=\"ls-section-block_9f45427dfb70dd82752a9f65c7373646\" class=\"ls-section  page-one ete has-m-t m-t-0 has-p-t p-t-0\" >\r\n        <div class=\"container \">\r\n        \n\n<h2 class=\"ls__heading wp-block-heading\">RESPONSABLE DEL SITIO<\/h2>\n\n\n\n<p class=\"ls-paragraph\"><br\/><br\/><br\/><br\/><br\/><br\/><br\/><br\/>S<strong>ARL CAMPING SERENDIPITE<\/strong> 4 impasse de Fontbielle, 15260 Neuveglise-sur-Truyere T\u00e9l : 06 52 08 81 48 email: contact@camping-serendipite.fr SARL au capital social de 10 000 \u20ac SIRET Num\u00e9ro : 95233285600014 Code APE : 5530Z TVA Intracommunautaire : FR59952332856 Responsables de publicaci\u00f3n : Eric CANCE et Celia CHAKUR-AUTHIER<\/p>\n\n\n\n<h2 class=\"ls__heading wp-block-heading\">PRODUCCI\u00d3N<\/h2>\n\n\n\n<p class=\"ls-paragraph\"><br\/><br\/><br\/><br\/><br\/><br\/><br\/>G<strong>EEK TONIC<\/strong> Representado por el Sr. Yohan Darmayan en calidad de Director General Domicilio social: 50 avenue du Lac Marion, 64200 Biarritz Tel: 05 32 74 11 52 Correo electr\u00f3nico: support@geek-tonic.com P\u00e1gina web:<a href=\"https:\/\/www.geek-tonic.com\/\" target=\"_blank\" rel=\"noreferrer noopener\">www.geek-tonic.com<\/a> SIRET: 89746755100015 APE: 6201Z<\/p>\n\n\n\n<h2 class=\"ls__heading wp-block-heading\">COPYRIGHT<\/h2>\n\n\n\n<p class=\"ls-paragraph\">Todo el contenido de este sitio est\u00e1 sujeto a derechos de autor y propiedad intelectual seg\u00fan la legislaci\u00f3n francesa. Queda prohibida cualquier reproducci\u00f3n (incluidas fotos, iconos y documentos descargables) sin el consentimiento previo de GEEK TONIC. Queda prohibida la reproducci\u00f3n en soporte electr\u00f3nico de todo o parte del sitio en papel o formato electr\u00f3nico. GEEK TONIC declina toda responsabilidad por el contenido del sitio web. GEEK TONIC tambi\u00e9n declina toda responsabilidad en cuanto a los enlaces externos que apunten hacia el presente sitio.   <\/p>\n\n\n\n<h2 class=\"ls__heading wp-block-heading\" id=\"m-t-6\">DATOS PERSONALES E INFORMACI\u00d3N NOMINATIVA<\/h2>\n\n\n\n<p class=\"ls-paragraph\">Tienes derecho a acceder, modificar, rectificar y suprimir los datos que te conciernen, de conformidad con el art\u00edculo 34 de la Ley francesa de Protecci\u00f3n de Datos n\u00ba 78-17 de 6 de enero de 1978, modificada el 6 de agosto de 2018. Para ejercer este derecho de acceso, env\u00eda una solicitud por escrito al editor del sitio. <\/p>\n\n\n\n<h2 class=\"ls__heading wp-block-heading\">LEGISLACI\u00d3N<\/h2>\n\n\n\n<p class=\"ls-paragraph\">De conformidad con la ley de 11 de marzo de 1957 (art. 41) y el c\u00f3digo de la propiedad intelectual de 1 de julio de 1992, est\u00e1 prohibida la reproducci\u00f3n total o parcial del sitio sin autorizaci\u00f3n previa del editor del sitio. Los logotipos, elementos visuales, fotos, v\u00eddeos, cuadros gr\u00e1ficos y textos son propiedad de sus respectivos propietarios. Este sitio puede, sin su conocimiento, haber sido vinculado a otros sitios mediante enlaces hipermedia. El editor del sitio declina toda responsabilidad por la informaci\u00f3n presentada en estos otros sitios. Los usuarios de Internet reconocen que el uso de este sitio se rige por la legislaci\u00f3n francesa.    <\/p>\n\n\r\n    <\/div>\r\n<\/section>","protected":false},"excerpt":{"rendered":"","protected":false},"author":1,"featured_media":0,"parent":0,"menu_order":0,"comment_status":"closed","ping_status":"closed","template":"","meta":{"_acf_changed":false,"inline_featured_image":false,"footnotes":""},"sujet":[],"class_list":["post-3494","page","type-page","status-publish","hentry"],"acf":[],"yoast_head":"<!-- This site is optimized with the Yoast SEO plugin v24.7 - https:\/\/yoast.com\/wordpress\/plugins\/seo\/ -->\n<title>Informaci\u00f3n legal - Camping S\u00e9rendipit\u00e9<\/title>\n<meta name=\"robots\" content=\"noindex, nofollow\" \/>\n<meta property=\"og:locale\" content=\"es_ES\" \/>\n<meta property=\"og:type\" content=\"article\" \/>\n<meta property=\"og:title\" content=\"Informaci\u00f3n legal - Camping S\u00e9rendipit\u00e9\" \/>\n<meta property=\"og:url\" content=\"https:\/\/www.camping-serendipite.fr\/es\/informacion-legal\/\" \/>\n<meta property=\"og:site_name\" content=\"Camping S\u00e9rendipit\u00e9\" \/>\n<meta property=\"article:modified_time\" content=\"2025-02-10T13:10:31+00:00\" \/>\n<meta name=\"twitter:card\" content=\"summary_large_image\" \/>\n<meta name=\"twitter:label1\" content=\"Tiempo de lectura\" \/>\n\t<meta name=\"twitter:data1\" content=\"2 minutos\" \/>\n<script type=\"application\/ld+json\" class=\"yoast-schema-graph\">{\"@context\":\"https:\/\/schema.org\",\"@graph\":[{\"@type\":\"WebPage\",\"@id\":\"https:\/\/www.camping-serendipite.fr\/es\/informacion-legal\/\",\"url\":\"https:\/\/www.camping-serendipite.fr\/es\/informacion-legal\/\",\"name\":\"Informaci\u00f3n legal - Camping S\u00e9rendipit\u00e9\",\"isPartOf\":{\"@id\":\"https:\/\/www.camping-serendipite.fr\/#website\"},\"datePublished\":\"2023-06-14T13:26:45+00:00\",\"dateModified\":\"2025-02-10T13:10:31+00:00\",\"breadcrumb\":{\"@id\":\"https:\/\/www.camping-serendipite.fr\/es\/informacion-legal\/#breadcrumb\"},\"inLanguage\":\"es\",\"potentialAction\":[{\"@type\":\"ReadAction\",\"target\":[\"https:\/\/www.camping-serendipite.fr\/es\/informacion-legal\/\"]}]},{\"@type\":\"BreadcrumbList\",\"@id\":\"https:\/\/www.camping-serendipite.fr\/es\/informacion-legal\/#breadcrumb\",\"itemListElement\":[{\"@type\":\"ListItem\",\"position\":1,\"name\":\"Camping Cantal\",\"item\":\"https:\/\/www.camping-serendipite.fr\/es\/\"},{\"@type\":\"ListItem\",\"position\":2,\"name\":\"Informaci\u00f3n legal\"}]},{\"@type\":\"WebSite\",\"@id\":\"https:\/\/www.camping-serendipite.fr\/#website\",\"url\":\"https:\/\/www.camping-serendipite.fr\/\",\"name\":\"Camping S\u00e9rendipit\u00e9\",\"description\":\"\",\"publisher\":{\"@id\":\"https:\/\/www.camping-serendipite.fr\/#organization\"},\"potentialAction\":[{\"@type\":\"SearchAction\",\"target\":{\"@type\":\"EntryPoint\",\"urlTemplate\":\"https:\/\/www.camping-serendipite.fr\/?s={search_term_string}\"},\"query-input\":{\"@type\":\"PropertyValueSpecification\",\"valueRequired\":true,\"valueName\":\"search_term_string\"}}],\"inLanguage\":\"es\"},{\"@type\":\"Organization\",\"@id\":\"https:\/\/www.camping-serendipite.fr\/#organization\",\"name\":\"Camping S\u00e9rendipit\u00e9\",\"url\":\"https:\/\/www.camping-serendipite.fr\/\",\"logo\":{\"@type\":\"ImageObject\",\"inLanguage\":\"es\",\"@id\":\"https:\/\/www.camping-serendipite.fr\/#\/schema\/logo\/image\/\",\"url\":\"https:\/\/www.camping-serendipite.fr\/wp-content\/uploads\/2022\/06\/cropped-serendipite-camping-3-1.png\",\"contentUrl\":\"https:\/\/www.camping-serendipite.fr\/wp-content\/uploads\/2022\/06\/cropped-serendipite-camping-3-1.png\",\"width\":383,\"height\":461,\"caption\":\"Camping S\u00e9rendipit\u00e9\"},\"image\":{\"@id\":\"https:\/\/www.camping-serendipite.fr\/#\/schema\/logo\/image\/\"}}]}<\/script>\n<!-- \/ Yoast SEO plugin. -->","yoast_head_json":{"title":"Informaci\u00f3n legal - Camping S\u00e9rendipit\u00e9","robots":{"index":"noindex","follow":"nofollow"},"og_locale":"es_ES","og_type":"article","og_title":"Informaci\u00f3n legal - Camping S\u00e9rendipit\u00e9","og_url":"https:\/\/www.camping-serendipite.fr\/es\/informacion-legal\/","og_site_name":"Camping S\u00e9rendipit\u00e9","article_modified_time":"2025-02-10T13:10:31+00:00","twitter_card":"summary_large_image","twitter_misc":{"Tiempo de lectura":"2 minutos"},"schema":{"@context":"https:\/\/schema.org","@graph":[{"@type":"WebPage","@id":"https:\/\/www.camping-serendipite.fr\/es\/informacion-legal\/","url":"https:\/\/www.camping-serendipite.fr\/es\/informacion-legal\/","name":"Informaci\u00f3n legal - Camping S\u00e9rendipit\u00e9","isPartOf":{"@id":"https:\/\/www.camping-serendipite.fr\/#website"},"datePublished":"2023-06-14T13:26:45+00:00","dateModified":"2025-02-10T13:10:31+00:00","breadcrumb":{"@id":"https:\/\/www.camping-serendipite.fr\/es\/informacion-legal\/#breadcrumb"},"inLanguage":"es","potentialAction":[{"@type":"ReadAction","target":["https:\/\/www.camping-serendipite.fr\/es\/informacion-legal\/"]}]},{"@type":"BreadcrumbList","@id":"https:\/\/www.camping-serendipite.fr\/es\/informacion-legal\/#breadcrumb","itemListElement":[{"@type":"ListItem","position":1,"name":"Camping Cantal","item":"https:\/\/www.camping-serendipite.fr\/es\/"},{"@type":"ListItem","position":2,"name":"Informaci\u00f3n legal"}]},{"@type":"WebSite","@id":"https:\/\/www.camping-serendipite.fr\/#website","url":"https:\/\/www.camping-serendipite.fr\/","name":"Camping S\u00e9rendipit\u00e9","description":"","publisher":{"@id":"https:\/\/www.camping-serendipite.fr\/#organization"},"potentialAction":[{"@type":"SearchAction","target":{"@type":"EntryPoint","urlTemplate":"https:\/\/www.camping-serendipite.fr\/?s={search_term_string}"},"query-input":{"@type":"PropertyValueSpecification","valueRequired":true,"valueName":"search_term_string"}}],"inLanguage":"es"},{"@type":"Organization","@id":"https:\/\/www.camping-serendipite.fr\/#organization","name":"Camping S\u00e9rendipit\u00e9","url":"https:\/\/www.camping-serendipite.fr\/","logo":{"@type":"ImageObject","inLanguage":"es","@id":"https:\/\/www.camping-serendipite.fr\/#\/schema\/logo\/image\/","url":"https:\/\/www.camping-serendipite.fr\/wp-content\/uploads\/2022\/06\/cropped-serendipite-camping-3-1.png","contentUrl":"https:\/\/www.camping-serendipite.fr\/wp-content\/uploads\/2022\/06\/cropped-serendipite-camping-3-1.png","width":383,"height":461,"caption":"Camping S\u00e9rendipit\u00e9"},"image":{"@id":"https:\/\/www.camping-serendipite.fr\/#\/schema\/logo\/image\/"}}]}},"_links":{"self":[{"href":"https:\/\/www.camping-serendipite.fr\/es\/wp-json\/wp\/v2\/pages\/3494","targetHints":{"allow":["GET"]}}],"collection":[{"href":"https:\/\/www.camping-serendipite.fr\/es\/wp-json\/wp\/v2\/pages"}],"about":[{"href":"https:\/\/www.camping-serendipite.fr\/es\/wp-json\/wp\/v2\/types\/page"}],"author":[{"embeddable":true,"href":"https:\/\/www.camping-serendipite.fr\/es\/wp-json\/wp\/v2\/users\/1"}],"replies":[{"embeddable":true,"href":"https:\/\/www.camping-serendipite.fr\/es\/wp-json\/wp\/v2\/comments?post=3494"}],"version-history":[{"count":1,"href":"https:\/\/www.camping-serendipite.fr\/es\/wp-json\/wp\/v2\/pages\/3494\/revisions"}],"predecessor-version":[{"id":3495,"href":"https:\/\/www.camping-serendipite.fr\/es\/wp-json\/wp\/v2\/pages\/3494\/revisions\/3495"}],"wp:attachment":[{"href":"https:\/\/www.camping-serendipite.fr\/es\/wp-json\/wp\/v2\/media?parent=3494"}],"wp:term":[{"taxonomy":"sujet","embeddable":true,"href":"https:\/\/www.camping-serendipite.fr\/es\/wp-json\/wp\/v2\/sujet?post=3494"}],"curies":[{"name":"wp","href":"https:\/\/api.w.org\/{rel}","templated":true}]}}