{"id":3344,"date":"2023-05-22T16:37:36","date_gmt":"2023-05-22T14:37:36","guid":{"rendered":"https:\/\/www.camping-serendipite.fr\/turismo-gorges-truyere\/"},"modified":"2025-02-10T15:42:56","modified_gmt":"2025-02-10T14:42:56","slug":"turismo-gorges-truyere","status":"publish","type":"page","link":"https:\/\/www.camping-serendipite.fr\/es\/turismo-gorges-truyere\/","title":{"rendered":"Gargantas de la Truy\u00e8re"},"content":{"rendered":"<section id=\"ls-section-block_516ecfcf360a553e5a07902800aea805\" class=\"ls-section  page-chapeau has-p-b p-b-0\" >\r\n        <div class=\"container \">\r\n        \n\n<h1 class=\"ls__heading wp-block-heading has-text-align-center deco-center\">Tu camping cerca de las gargantas de la Truy\u00e8re<\/h1>\n\n\r\n    <\/div>\r\n<\/section><section id=\"ls-section-block_5dc69d82e3e560f7053095b30bec7851\" class=\"ls-section  fond-one has-p-t p-t-0\" >\r\n        <div class=\"container container--wide\">\r\n        \n\n<div class=\"wp-block-columns is-layout-flex wp-container-core-columns-is-layout-9d6595d7 wp-block-columns-is-layout-flex\">\n<div class=\"wp-block-column is-vertically-aligned-center is-layout-flow wp-block-column-is-layout-flow\" style=\"flex-basis:60%\">\n<figure class=\"wp-block-image size-full animated fadeInLeft delay-100ms slow\"><a href=\"https:\/\/www.camping-serendipite.fr\/wp-content\/uploads\/2023\/06\/camping-base-nautique-lanau-gorges-truyere-canoe-cantal-bateau-e1687334289109.webp\"><img decoding=\"async\" width=\"801\" height=\"600\" src=\"https:\/\/www.camping-serendipite.fr\/wp-content\/uploads\/2023\/06\/camping-base-nautique-lanau-gorges-truyere-canoe-cantal-bateau-e1687334289109.webp\" alt=\"camping base nautique lanau gargantas truyere canoa cantal bateau\" class=\"wp-image-1350\" srcset=\"https:\/\/www.camping-serendipite.fr\/wp-content\/uploads\/2023\/06\/camping-base-nautique-lanau-gorges-truyere-canoe-cantal-bateau-e1687334289109.webp 801w, https:\/\/www.camping-serendipite.fr\/wp-content\/uploads\/2023\/06\/camping-base-nautique-lanau-gorges-truyere-canoe-cantal-bateau-e1687334289109-300x225.webp 300w, https:\/\/www.camping-serendipite.fr\/wp-content\/uploads\/2023\/06\/camping-base-nautique-lanau-gorges-truyere-canoe-cantal-bateau-e1687334289109-768x575.webp 768w\" sizes=\"(max-width: 801px) 100vw, 801px\" \/><\/a><\/figure>\n<\/div>\n\n\n\n<div class=\"wp-block-column is-vertically-aligned-center is-layout-flow wp-block-column-is-layout-flow\" style=\"flex-basis:40%\">\n<h2 class=\"ls__heading wp-block-heading deco\">Las gargantas de la Truy\u00e8re: un lugar incre\u00edble por descubrir<\/h2>\n\n\n\n<p class=\"ls-paragraph\">Sitio protegido, las <strong>gargantas de la Truy\u00e8re <\/strong>son notables y est\u00e1n intactas para el turismo de masas. Majestuosos, sinuosos y salvajes, forman una<strong> separaci\u00f3n natural<\/strong> entre los montes del Cantal, al norte, y el Aubrac, al sur. <\/p>\n\n\n\n<p class=\"ls-paragraph\">Debido a su <strong>excepcional biodiversidad<\/strong>, el lugar ha sido clasificado por la <strong>red Natura<\/strong> 2000 para la conservaci\u00f3n de <strong>13 especies de aves<\/strong>. Este magn\u00edfico lugar es uno <strong>de los m\u00e1s atractivos de Francia<\/strong>, sobre todo para la protecci\u00f3n de las <strong>rapaces<\/strong> <strong>forestales<\/strong> y <strong>rup\u00edcolas<\/strong>. <\/p>\n\n\n\n<p class=\"ls-paragraph\">Puedes amenizar tus paseos<strong> observando la flora y la fauna <\/strong>que beben del r\u00edo al amanecer.<\/p>\n<\/div>\n<\/div>\n\n\r\n    <\/div>\r\n<\/section><section id=\"services\" class=\"ls-section  home-ecologie-image home-ecologie has-background-image has-parallax has-p-t p-t-15 has-p-b p-b-15\" >\r\n    <div class=\"ls-section__background-image opacity-90\"><img decoding=\"async\" src=\"https:\/\/www.camping-serendipite.fr\/wp-content\/uploads\/2023\/06\/tourisme-gorges-de-la-truyeres.webp\" alt=\"turismo gargantas de la truyeres\"><\/div>    <div class=\"container container--full\">\r\n        \n\n<div class=\"wp-block-columns is-layout-flex wp-container-core-columns-is-layout-9d6595d7 wp-block-columns-is-layout-flex\">\n<div class=\"wp-block-column is-vertically-aligned-center first is-layout-flow wp-block-column-is-layout-flow\">\n<div id=\"ls-heading ls-titre-div-block_236e68a41d029bf68a6e9398a86260e1\" class=\"ls-titre-div titre-blob aligncenter h2-like has-text-color has-color-2-color\" >\n    <br>Un hermoso paseo<\/div>\n<\/div>\n\n\n\n<div class=\"wp-block-column second has-color-1-background-color has-background is-layout-flow wp-block-column-is-layout-flow\" style=\"flex-basis:60%\">\n<h2 class=\"ls__heading wp-block-heading has-text-align-center deco\">Qu\u00e9 hacer en las gargantas de la Truy\u00e8re<\/h2>\n\n\n\n<p class=\"ls-paragraph\"><strong>El pirag\u00fcismo<\/strong> es sin duda la mejor manera de <strong>descubrir las gargantas de la Truy\u00e8re<\/strong>. A s\u00f3lo 5 minutos del<a href=\"https:\/\/www.camping-serendipite.fr\/es\/\"> camping S\u00e9rendipit\u00e9<\/a>, el centro de deportes n\u00e1uticos de Lanau te espera para que te lances al agua en canoa, kayak, remo, pedalo o barco el\u00e9ctrico. Puedes hacer un picnic en una de las islas del camino, maravill\u00e1ndote con la belleza de las gargantas de la Truy\u00e8re.  <\/p>\n\n\n\n<p class=\"ls-paragraph\"><strong>La pesca<\/strong> tambi\u00e9n es una actividad muy popular en las gargantas de la Truy\u00e8re. El centro de deportes acu\u00e1ticos de Lanau tambi\u00e9n organiza <strong>cursos de iniciaci\u00f3n<\/strong> a <strong>la pesca de depredadores<\/strong>. Innumerables rutas de senderismo, bicicleta de monta\u00f1a, bicicleta de carretera, escalada y v\u00edas ferratas.  <\/p>\n\n\n\n<h2 class=\"ls__heading wp-block-heading has-text-align-center deco\">Camping cerca de las gargantas de la Truy\u00e8re<\/h2>\n\n\n\n<p class=\"ls-paragraph\">Las <strong>gargantas de la Truy\u00e8re<\/strong> est\u00e1n muy cerca del camping. Entre ellas, la panor\u00e1mica desde el mirador del Mallet es un mirador incre\u00edble desde el que podr\u00e1s admirar la Truy\u00e8re y vivir un momento de aut\u00e9ntica paz.<br\/>Las ruinas del castillo de Alleuze son tambi\u00e9n un lugar excepcional, \u00fanico y de una belleza sobrecogedora. La<strong>pen\u00ednsula de Laussac<\/strong> es tambi\u00e9n un lugar m\u00e1gico, donde podr\u00e1s ba\u00f1arte, visitar la bonita capilla y descubrir a pie este entorno verde. Sin olvidar el famoso<strong> viaducto ferroviario de Garabit<\/strong>, construido por Gustave Eiffel y catalogado como monumento hist\u00f3rico.   <\/p>\n<\/div>\n<\/div>\n\n\r\n    <\/div>\r\n<\/section><section id=\"ls-section-block_a30955a0d733df75983f790d975a6568\" class=\"ls-section  page-maillage\" >\r\n        <div class=\"container container--wide\">\r\n        \n\n<div id=\"ls-heading ls-titre-div-block_864b6a7138b4a5cf96f65d7c3e6fd602\" class=\"ls-titre-div deco-flower aligncenter h2-like\" >\n    Ven a descubrir el Cantal, las actividades y nuestro camping abierto todo el a\u00f1o.<\/div>\n\n\n<div id=\"ls-maillage-block_6bfdd61c4858c19a3415088b5ee28589\" class=\"ls-maillage cta-style-normal\" data-rows=\"3\">\r\n    <div class=\"wp-block-columns\"><div class=\"wp-block-column\">\n\n<a href=\"https:\/\/www.camping-serendipite.fr\/es\/camping-abierto-ano-cantal\/\" target=\"\" rel=\"noopener\" class=\"ls-cta__link\">\n\n\t<div class=\"ls-cta__image\"><img decoding=\"async\" src=\"https:\/\/www.camping-serendipite.fr\/wp-content\/uploads\/2023\/06\/camping-hiver-cantal-1-768x576.webp\" alt=\"camping de invierno cantal\"><\/div>\n\t<div class=\"ls-cta__title\">\n\t\tAbierto todo el a\u00f1o\t<\/div>\n\n\t\t\n<\/a><\/div><div class=\"wp-block-column\">\n\n<a href=\"https:\/\/www.camping-serendipite.fr\/es\/actividades-naturaleza-cantal\/\" target=\"\" rel=\"noopener\" class=\"ls-cta__link\">\n\n\t<div class=\"ls-cta__image\"><img decoding=\"async\" src=\"https:\/\/www.camping-serendipite.fr\/wp-content\/uploads\/2023\/06\/camping-cantal-parc-naturel-aubrac-randonnee-e1687340421775-768x575.webp\" alt=\"camping cantal parc naturel aubrac randonnee\"><\/div>\n\t<div class=\"ls-cta__title\">\n\t\tActividades en la naturaleza\t<\/div>\n\n\t\t\n<\/a><\/div><div class=\"wp-block-column\">\n\n<a href=\"https:\/\/www.camping-serendipite.fr\/es\/tourisme-cantal\/\" target=\"\" rel=\"noopener\" class=\"ls-cta__link\">\n\n\t<div class=\"ls-cta__image\"><img decoding=\"async\" src=\"https:\/\/www.camping-serendipite.fr\/wp-content\/uploads\/2023\/06\/camping-pres-du-parc-aubrac-viaduc-de-garabit-768x576.webp\" alt=\"acampar cerca del parc aubrac viaduc de garabit\"><\/div>\n\t<div class=\"ls-cta__title\">\n\t\tCantal\t<\/div>\n\n\t\t\n<\/a><\/div><\/div><\/div>\n\r\n    <\/div>\r\n<\/section>","protected":false},"excerpt":{"rendered":"","protected":false},"author":1,"featured_media":4665,"parent":0,"menu_order":0,"comment_status":"closed","ping_status":"closed","template":"","meta":{"_acf_changed":false,"inline_featured_image":false,"footnotes":""},"sujet":[],"class_list":["post-3344","page","type-page","status-publish","has-post-thumbnail","hentry"],"acf":[],"yoast_head":"<!-- This site is optimized with the Yoast SEO plugin v24.7 - https:\/\/yoast.com\/wordpress\/plugins\/seo\/ -->\n<title>Descubre las Gargantas del Truy\u00e8re | Camping cerca de las Gargantas del Truy\u00e8re<\/title>\n<meta name=\"robots\" content=\"index, follow, max-snippet:-1, max-image-preview:large, max-video-preview:-1\" \/>\n<link rel=\"canonical\" href=\"https:\/\/www.camping-serendipite.fr\/es\/turismo-gorges-truyere\/\" \/>\n<meta property=\"og:locale\" content=\"es_ES\" \/>\n<meta property=\"og:type\" content=\"article\" \/>\n<meta property=\"og:title\" content=\"Descubre las Gargantas del Truy\u00e8re | Camping cerca de las Gargantas del Truy\u00e8re\" \/>\n<meta property=\"og:url\" content=\"https:\/\/www.camping-serendipite.fr\/es\/turismo-gorges-truyere\/\" \/>\n<meta property=\"og:site_name\" content=\"Camping S\u00e9rendipit\u00e9\" \/>\n<meta property=\"article:modified_time\" content=\"2025-02-10T14:42:56+00:00\" \/>\n<meta property=\"og:image\" content=\"https:\/\/www.camping-serendipite.fr\/wp-content\/uploads\/2023\/06\/tourisme-gorges-truyeres.webp\" \/>\n\t<meta property=\"og:image:width\" content=\"2000\" \/>\n\t<meta property=\"og:image:height\" content=\"737\" \/>\n\t<meta property=\"og:image:type\" content=\"image\/webp\" \/>\n<meta name=\"twitter:card\" content=\"summary_large_image\" \/>\n<meta name=\"twitter:label1\" content=\"Tiempo de lectura\" \/>\n\t<meta name=\"twitter:data1\" content=\"2 minutos\" \/>\n<script type=\"application\/ld+json\" class=\"yoast-schema-graph\">{\"@context\":\"https:\/\/schema.org\",\"@graph\":[{\"@type\":\"WebPage\",\"@id\":\"https:\/\/www.camping-serendipite.fr\/es\/turismo-gorges-truyere\/\",\"url\":\"https:\/\/www.camping-serendipite.fr\/es\/turismo-gorges-truyere\/\",\"name\":\"Descubre las Gargantas del Truy\u00e8re | Camping cerca de las Gargantas del Truy\u00e8re\",\"isPartOf\":{\"@id\":\"https:\/\/www.camping-serendipite.fr\/#website\"},\"primaryImageOfPage\":{\"@id\":\"https:\/\/www.camping-serendipite.fr\/es\/turismo-gorges-truyere\/#primaryimage\"},\"image\":{\"@id\":\"https:\/\/www.camping-serendipite.fr\/es\/turismo-gorges-truyere\/#primaryimage\"},\"thumbnailUrl\":\"https:\/\/www.camping-serendipite.fr\/wp-content\/uploads\/2022\/06\/camping-serendipite-une-decouverte-inattendue-camping-auvergne.webp\",\"datePublished\":\"2023-05-22T14:37:36+00:00\",\"dateModified\":\"2025-02-10T14:42:56+00:00\",\"breadcrumb\":{\"@id\":\"https:\/\/www.camping-serendipite.fr\/es\/turismo-gorges-truyere\/#breadcrumb\"},\"inLanguage\":\"es\",\"potentialAction\":[{\"@type\":\"ReadAction\",\"target\":[\"https:\/\/www.camping-serendipite.fr\/es\/turismo-gorges-truyere\/\"]}]},{\"@type\":\"ImageObject\",\"inLanguage\":\"es\",\"@id\":\"https:\/\/www.camping-serendipite.fr\/es\/turismo-gorges-truyere\/#primaryimage\",\"url\":\"https:\/\/www.camping-serendipite.fr\/wp-content\/uploads\/2022\/06\/camping-serendipite-une-decouverte-inattendue-camping-auvergne.webp\",\"contentUrl\":\"https:\/\/www.camping-serendipite.fr\/wp-content\/uploads\/2022\/06\/camping-serendipite-une-decouverte-inattendue-camping-auvergne.webp\",\"width\":2000,\"height\":1333},{\"@type\":\"BreadcrumbList\",\"@id\":\"https:\/\/www.camping-serendipite.fr\/es\/turismo-gorges-truyere\/#breadcrumb\",\"itemListElement\":[{\"@type\":\"ListItem\",\"position\":1,\"name\":\"Camping Cantal\",\"item\":\"https:\/\/www.camping-serendipite.fr\/es\/\"},{\"@type\":\"ListItem\",\"position\":2,\"name\":\"Camping cerca de Gorges de la Truy\u00e8re\"}]},{\"@type\":\"WebSite\",\"@id\":\"https:\/\/www.camping-serendipite.fr\/#website\",\"url\":\"https:\/\/www.camping-serendipite.fr\/\",\"name\":\"Camping S\u00e9rendipit\u00e9\",\"description\":\"\",\"publisher\":{\"@id\":\"https:\/\/www.camping-serendipite.fr\/#organization\"},\"potentialAction\":[{\"@type\":\"SearchAction\",\"target\":{\"@type\":\"EntryPoint\",\"urlTemplate\":\"https:\/\/www.camping-serendipite.fr\/?s={search_term_string}\"},\"query-input\":{\"@type\":\"PropertyValueSpecification\",\"valueRequired\":true,\"valueName\":\"search_term_string\"}}],\"inLanguage\":\"es\"},{\"@type\":\"Organization\",\"@id\":\"https:\/\/www.camping-serendipite.fr\/#organization\",\"name\":\"Camping S\u00e9rendipit\u00e9\",\"url\":\"https:\/\/www.camping-serendipite.fr\/\",\"logo\":{\"@type\":\"ImageObject\",\"inLanguage\":\"es\",\"@id\":\"https:\/\/www.camping-serendipite.fr\/#\/schema\/logo\/image\/\",\"url\":\"https:\/\/www.camping-serendipite.fr\/wp-content\/uploads\/2022\/06\/cropped-serendipite-camping-3-1.png\",\"contentUrl\":\"https:\/\/www.camping-serendipite.fr\/wp-content\/uploads\/2022\/06\/cropped-serendipite-camping-3-1.png\",\"width\":383,\"height\":461,\"caption\":\"Camping S\u00e9rendipit\u00e9\"},\"image\":{\"@id\":\"https:\/\/www.camping-serendipite.fr\/#\/schema\/logo\/image\/\"}}]}<\/script>\n<!-- \/ Yoast SEO plugin. -->","yoast_head_json":{"title":"Descubre las Gargantas del Truy\u00e8re | Camping cerca de las Gargantas del Truy\u00e8re","robots":{"index":"index","follow":"follow","max-snippet":"max-snippet:-1","max-image-preview":"max-image-preview:large","max-video-preview":"max-video-preview:-1"},"canonical":"https:\/\/www.camping-serendipite.fr\/es\/turismo-gorges-truyere\/","og_locale":"es_ES","og_type":"article","og_title":"Descubre las Gargantas del Truy\u00e8re | Camping cerca de las Gargantas del Truy\u00e8re","og_url":"https:\/\/www.camping-serendipite.fr\/es\/turismo-gorges-truyere\/","og_site_name":"Camping S\u00e9rendipit\u00e9","article_modified_time":"2025-02-10T14:42:56+00:00","og_image":[{"width":2000,"height":737,"url":"https:\/\/www.camping-serendipite.fr\/wp-content\/uploads\/2023\/06\/tourisme-gorges-truyeres.webp","type":"image\/webp"}],"twitter_card":"summary_large_image","twitter_misc":{"Tiempo de lectura":"2 minutos"},"schema":{"@context":"https:\/\/schema.org","@graph":[{"@type":"WebPage","@id":"https:\/\/www.camping-serendipite.fr\/es\/turismo-gorges-truyere\/","url":"https:\/\/www.camping-serendipite.fr\/es\/turismo-gorges-truyere\/","name":"Descubre las Gargantas del Truy\u00e8re | Camping cerca de las Gargantas del Truy\u00e8re","isPartOf":{"@id":"https:\/\/www.camping-serendipite.fr\/#website"},"primaryImageOfPage":{"@id":"https:\/\/www.camping-serendipite.fr\/es\/turismo-gorges-truyere\/#primaryimage"},"image":{"@id":"https:\/\/www.camping-serendipite.fr\/es\/turismo-gorges-truyere\/#primaryimage"},"thumbnailUrl":"https:\/\/www.camping-serendipite.fr\/wp-content\/uploads\/2022\/06\/camping-serendipite-une-decouverte-inattendue-camping-auvergne.webp","datePublished":"2023-05-22T14:37:36+00:00","dateModified":"2025-02-10T14:42:56+00:00","breadcrumb":{"@id":"https:\/\/www.camping-serendipite.fr\/es\/turismo-gorges-truyere\/#breadcrumb"},"inLanguage":"es","potentialAction":[{"@type":"ReadAction","target":["https:\/\/www.camping-serendipite.fr\/es\/turismo-gorges-truyere\/"]}]},{"@type":"ImageObject","inLanguage":"es","@id":"https:\/\/www.camping-serendipite.fr\/es\/turismo-gorges-truyere\/#primaryimage","url":"https:\/\/www.camping-serendipite.fr\/wp-content\/uploads\/2022\/06\/camping-serendipite-une-decouverte-inattendue-camping-auvergne.webp","contentUrl":"https:\/\/www.camping-serendipite.fr\/wp-content\/uploads\/2022\/06\/camping-serendipite-une-decouverte-inattendue-camping-auvergne.webp","width":2000,"height":1333},{"@type":"BreadcrumbList","@id":"https:\/\/www.camping-serendipite.fr\/es\/turismo-gorges-truyere\/#breadcrumb","itemListElement":[{"@type":"ListItem","position":1,"name":"Camping Cantal","item":"https:\/\/www.camping-serendipite.fr\/es\/"},{"@type":"ListItem","position":2,"name":"Camping cerca de Gorges de la Truy\u00e8re"}]},{"@type":"WebSite","@id":"https:\/\/www.camping-serendipite.fr\/#website","url":"https:\/\/www.camping-serendipite.fr\/","name":"Camping S\u00e9rendipit\u00e9","description":"","publisher":{"@id":"https:\/\/www.camping-serendipite.fr\/#organization"},"potentialAction":[{"@type":"SearchAction","target":{"@type":"EntryPoint","urlTemplate":"https:\/\/www.camping-serendipite.fr\/?s={search_term_string}"},"query-input":{"@type":"PropertyValueSpecification","valueRequired":true,"valueName":"search_term_string"}}],"inLanguage":"es"},{"@type":"Organization","@id":"https:\/\/www.camping-serendipite.fr\/#organization","name":"Camping S\u00e9rendipit\u00e9","url":"https:\/\/www.camping-serendipite.fr\/","logo":{"@type":"ImageObject","inLanguage":"es","@id":"https:\/\/www.camping-serendipite.fr\/#\/schema\/logo\/image\/","url":"https:\/\/www.camping-serendipite.fr\/wp-content\/uploads\/2022\/06\/cropped-serendipite-camping-3-1.png","contentUrl":"https:\/\/www.camping-serendipite.fr\/wp-content\/uploads\/2022\/06\/cropped-serendipite-camping-3-1.png","width":383,"height":461,"caption":"Camping S\u00e9rendipit\u00e9"},"image":{"@id":"https:\/\/www.camping-serendipite.fr\/#\/schema\/logo\/image\/"}}]}},"_links":{"self":[{"href":"https:\/\/www.camping-serendipite.fr\/es\/wp-json\/wp\/v2\/pages\/3344","targetHints":{"allow":["GET"]}}],"collection":[{"href":"https:\/\/www.camping-serendipite.fr\/es\/wp-json\/wp\/v2\/pages"}],"about":[{"href":"https:\/\/www.camping-serendipite.fr\/es\/wp-json\/wp\/v2\/types\/page"}],"author":[{"embeddable":true,"href":"https:\/\/www.camping-serendipite.fr\/es\/wp-json\/wp\/v2\/users\/1"}],"replies":[{"embeddable":true,"href":"https:\/\/www.camping-serendipite.fr\/es\/wp-json\/wp\/v2\/comments?post=3344"}],"version-history":[{"count":3,"href":"https:\/\/www.camping-serendipite.fr\/es\/wp-json\/wp\/v2\/pages\/3344\/revisions"}],"predecessor-version":[{"id":3788,"href":"https:\/\/www.camping-serendipite.fr\/es\/wp-json\/wp\/v2\/pages\/3344\/revisions\/3788"}],"wp:featuredmedia":[{"embeddable":true,"href":"https:\/\/www.camping-serendipite.fr\/es\/wp-json\/wp\/v2\/media\/4665"}],"wp:attachment":[{"href":"https:\/\/www.camping-serendipite.fr\/es\/wp-json\/wp\/v2\/media?parent=3344"}],"wp:term":[{"taxonomy":"sujet","embeddable":true,"href":"https:\/\/www.camping-serendipite.fr\/es\/wp-json\/wp\/v2\/sujet?post=3344"}],"curies":[{"name":"wp","href":"https:\/\/api.w.org\/{rel}","templated":true}]}}