{"id":3265,"date":"2023-05-22T16:37:24","date_gmt":"2023-05-22T14:37:24","guid":{"rendered":"https:\/\/www.camping-serendipite.fr\/tourisme-cantal\/"},"modified":"2025-02-10T15:43:02","modified_gmt":"2025-02-10T14:43:02","slug":"tourisme-cantal","status":"publish","type":"page","link":"https:\/\/www.camping-serendipite.fr\/es\/tourisme-cantal\/","title":{"rendered":"Cantal"},"content":{"rendered":"<section id=\"ls-section-block_8c7b8e2ac3e07be4c1e59c9b2f03476a\" class=\"ls-section  page-chapeau has-p-b p-b-0\" >\r\n        <div class=\"container \">\r\n        \n\n<h1 class=\"ls__heading wp-block-heading has-text-align-center deco-center\"><br\/>Una visita para <strong>descubrir el Cantal<\/strong><\/h1>\n\n\r\n    <\/div>\r\n<\/section><section id=\"ls-section-block_927635582528f61fcb0178755ae9a799\" class=\"ls-section  fond-one has-p-t p-t-0\" >\r\n        <div class=\"container container--wide\">\r\n        \n\n<div class=\"wp-block-columns is-layout-flex wp-container-core-columns-is-layout-9d6595d7 wp-block-columns-is-layout-flex\">\n<div class=\"wp-block-column is-vertically-aligned-center is-layout-flow wp-block-column-is-layout-flow\" style=\"flex-basis:60%\">\n<figure class=\"wp-block-image size-full animated fadeInLeft delay-100ms slow\"><a href=\"https:\/\/www.camping-serendipite.fr\/wp-content\/uploads\/2023\/06\/camping-pres-du-parc-aubrac-viaduc-de-garabit.webp\"><img decoding=\"async\" width=\"800\" height=\"600\" src=\"https:\/\/www.camping-serendipite.fr\/wp-content\/uploads\/2023\/06\/camping-pres-du-parc-aubrac-viaduc-de-garabit.webp\" alt=\"acampar cerca del parc aubrac viaduc de garabit\" class=\"wp-image-1276\" srcset=\"https:\/\/www.camping-serendipite.fr\/wp-content\/uploads\/2023\/06\/camping-pres-du-parc-aubrac-viaduc-de-garabit.webp 800w, https:\/\/www.camping-serendipite.fr\/wp-content\/uploads\/2023\/06\/camping-pres-du-parc-aubrac-viaduc-de-garabit-300x225.webp 300w, https:\/\/www.camping-serendipite.fr\/wp-content\/uploads\/2023\/06\/camping-pres-du-parc-aubrac-viaduc-de-garabit-768x576.webp 768w\" sizes=\"(max-width: 800px) 100vw, 800px\" \/><\/a><\/figure>\n<\/div>\n\n\n\n<div class=\"wp-block-column is-layout-flow wp-block-column-is-layout-flow\" style=\"flex-basis:40%\">\n<h2 class=\"ls__heading wp-block-heading deco\" id=\"paysages\">Los lugares m\u00e1s bonitos <strong>para visitar en el Cantal<\/strong><\/h2>\n\n\n\n<p class=\"ls-paragraph\"><a href=\"https:\/\/www.camping-serendipite.fr\/es\/\">El camping S\u00e9rendipit\u00e9<\/a> est\u00e1 situado en el <strong>legendario circuito de las monta\u00f1as del Cantal<\/strong>. S\u00fabete a tu coche, a tu moto o a tu bicicleta y l\u00e1nzate a descubrir los paisajes y lugares imprescindibles del <strong>macizo cant\u00e1brico <\/strong>(Murat, Saint-Flour, Viaduc de Garabit, Prat-de-Bouc, Puy Mary, Salers, Aurillac&#8230;).  <\/p>\n\n\n\n<p class=\"ls-paragraph\">Muy conocida por <strong>los motoristas<\/strong>, esta<strong> extraordinaria ruta<\/strong> pasa por el camping antes de continuar hacia los puertos de Prat-de-bouc y Pas-de-Peyrol&#8230; \u00a1Te espera un suntuoso viaje por las maravillas del Cantal!<\/p>\n\n\n\n<p class=\"ls-paragraph\">Es imprescindible subir <strong>al Puy Mary <\/strong>, que ofrece unas vistas impresionantes de los picos del Parque Regional de los Volcanes de Auvernia.<\/p>\n\n\n\n<p class=\"ls-paragraph\">Desde el puerto de Prat-de-Bouc (a 20 minutos del camping), puedes iniciar la <strong>ascensi\u00f3n al Plomb du Cantal<\/strong>, el pico m\u00e1s alto del departamento, con sus impresionantes vistas del Puy Mary. En un d\u00eda claro puedes ver el Puy-de-D\u00f4me e incluso los Alpes.<\/p>\n\n\n\n<p class=\"ls-paragraph\">No te pierdas la meseta <strong>de Aubrac <\/strong>: amplios espacios abiertos y la famosa ciudad de Laguiole, a s\u00f3lo 30 minutos del camping.<\/p>\n<\/div>\n<\/div>\n\n\r\n    <\/div>\r\n<\/section><section id=\"services\" class=\"ls-section  home-ecologie-image home-ecologie has-background-image has-parallax has-p-t p-t-15 has-p-b p-b-15\" >\r\n    <div class=\"ls-section__background-image opacity-77\"><img decoding=\"async\" src=\"https:\/\/www.camping-serendipite.fr\/wp-content\/uploads\/2023\/06\/camping-cantal-volcans.webp\" alt=\"camping cantal volcans\"><\/div>    <div class=\"container container--full\">\r\n        \n\n<div class=\"wp-block-columns is-layout-flex wp-container-core-columns-is-layout-9d6595d7 wp-block-columns-is-layout-flex\">\n<div class=\"wp-block-column is-vertically-aligned-center first is-layout-flow wp-block-column-is-layout-flow\">\n<div id=\"ls-heading ls-titre-div-block_e759202d15e4a956ac7a47bc54e52248\" class=\"ls-titre-div titre-blob aligncenter h2-like has-text-color has-color-2-color\" >\n    <br>Magn\u00edficos paisajes<\/div>\n<\/div>\n\n\n\n<div class=\"wp-block-column second has-color-1-background-color has-background is-layout-flow wp-block-column-is-layout-flow\" style=\"flex-basis:60%\">\n<h2 class=\"ls__heading wp-block-heading has-text-align-center deco\">Parque Natural Regional de los Volcanes de Auvernia<\/h2>\n\n\n\n<p class=\"ls-paragraph\">El <a href=\"https:\/\/www.parcdesvolcans.fr\/\" target=\"_blank\" rel=\"noreferrer noopener nofollow\">Parque Natural Regional de los Volcanes de Auvernia<\/a>, <strong>declarado Patrimonio Mundial por la UNESCO<\/strong>, se extiende entre los departamentos de Puy-de-D\u00f4me y Cantal.<\/p>\n\n\n\n<p class=\"ls-paragraph\">El camping S\u00e9rendipit\u00e9 est\u00e1 idealmente situado para explorar toda la zona, ya que se encuentra a s\u00f3lo 15 minutos de la autopista A75: en s\u00f3lo 1 hora y 30 minutos, tendr\u00e1s acceso a los<strong> notables parajes<\/strong> del Puy de D\u00f4me, Puy de Sancy, Lac Chambon, Vall\u00e9e de Chaudefour, Plateau du Guery y mucho m\u00e1s. Tambi\u00e9n puedes <strong>visitar<\/strong> <strong>atracciones culturales<\/strong> como el Castillo de Murol, Vulcania y la ciudad de Clermont-Ferrand.<\/p>\n\n\n\n<p class=\"ls-paragraph\">A 1 hora en coche, descubre los montes C\u00e9zallier, con sus turberas, caba\u00f1as de pastores y pueblos encantadores como La Godivelle.<\/p>\n\n\n\n<p class=\"ls-paragraph\">Y, por supuesto, \u00a1no te olvides de <strong>los<\/strong> imperdibles <strong>montes<\/strong> <strong>del Cantal<\/strong>, a tiro de piedra del camping! El impresionante paisaje del mayor estratovolc\u00e1n de Europa te deleitar\u00e1 y har\u00e1 que quieras volver.<\/p>\n<\/div>\n<\/div>\n\n\r\n    <\/div>\r\n<\/section><section id=\"ls-section-block_10503f6039a8bce44fb5ca595b3f764b\" class=\"ls-section  page-maillage\" >\r\n        <div class=\"container container--wide\">\r\n        \n\n<div id=\"ls-heading ls-titre-div-block_97995a92259f43ab4ecec1ba1d836eb0\" class=\"ls-titre-div deco-flower aligncenter h2-like\" >\n    Descubre las gargantas del Truy\u00e8re, nuestras actividades y nuestro enfoque ecol\u00f3gico<\/div>\n\n\n<div id=\"ls-maillage-block_e0ad2737d22734c8e0c9f0f9293f8f70\" class=\"ls-maillage cta-style-normal\" data-rows=\"3\">\r\n    <div class=\"wp-block-columns\"><div class=\"wp-block-column\">\n\n<a href=\"https:\/\/www.camping-serendipite.fr\/es\/actividades-naturaleza-cantal\/\" target=\"\" rel=\"noopener\" class=\"ls-cta__link\">\n\n\t<div class=\"ls-cta__image\"><img decoding=\"async\" src=\"https:\/\/www.camping-serendipite.fr\/wp-content\/uploads\/2023\/06\/camping-cantal-parc-naturel-aubrac-randonnee-e1687340421775-768x575.webp\" alt=\"camping cantal parc naturel aubrac randonnee\"><\/div>\n\t<div class=\"ls-cta__title\">\n\t\tActividades en la naturaleza\t<\/div>\n\n\t\t\n<\/a><\/div><div class=\"wp-block-column\">\n\n<a href=\"https:\/\/www.camping-serendipite.fr\/es\/turismo-gorges-truyere\/\" target=\"\" rel=\"noopener\" class=\"ls-cta__link\">\n\n\t<div class=\"ls-cta__image\"><img decoding=\"async\" src=\"https:\/\/www.camping-serendipite.fr\/wp-content\/uploads\/2023\/06\/camping-base-nautique-lanau-gorges-truyere-canoe-cantal-bateau-e1687334289109-768x575.webp\" alt=\"camping base nautique lanau gargantas truyere canoa cantal bateau\"><\/div>\n\t<div class=\"ls-cta__title\">\n\t\tGargantas de la Truy\u00e8re\t<\/div>\n\n\t\t\n<\/a><\/div><div class=\"wp-block-column\">\n\n<a href=\"https:\/\/www.camping-serendipite.fr\/es\/camping-ecologico-cantal\/\" target=\"\" rel=\"noopener\" class=\"ls-cta__link\">\n\n\t<div class=\"ls-cta__image\"><img decoding=\"async\" src=\"https:\/\/www.camping-serendipite.fr\/wp-content\/uploads\/2023\/06\/camping-auvergne-hebergement-grand-confort-exterieur-nature-768x576.webp\" alt=\"camping auvergne alojamiento gran comodidad naturaleza al aire libre\"><\/div>\n\t<div class=\"ls-cta__title\">\n\t\tNuestro enfoque ecol\u00f3gico\t<\/div>\n\n\t\t\n<\/a><\/div><\/div><\/div>\n\r\n    <\/div>\r\n<\/section>","protected":false},"excerpt":{"rendered":"","protected":false},"author":1,"featured_media":3272,"parent":0,"menu_order":0,"comment_status":"closed","ping_status":"closed","template":"","meta":{"_acf_changed":false,"inline_featured_image":false,"footnotes":""},"sujet":[],"class_list":["post-3265","page","type-page","status-publish","has-post-thumbnail","hentry"],"acf":[],"yoast_head":"<!-- This site is optimized with the Yoast SEO plugin v24.7 - https:\/\/yoast.com\/wordpress\/plugins\/seo\/ -->\n<title>Descubre Cantal | Cosas que hacer y ver en Cantal<\/title>\n<meta name=\"robots\" content=\"index, follow, max-snippet:-1, max-image-preview:large, max-video-preview:-1\" \/>\n<link rel=\"canonical\" href=\"https:\/\/www.camping-serendipite.fr\/es\/tourisme-cantal\/\" \/>\n<meta property=\"og:locale\" content=\"es_ES\" \/>\n<meta property=\"og:type\" content=\"article\" \/>\n<meta property=\"og:title\" content=\"Descubre Cantal | Cosas que hacer y ver en Cantal\" \/>\n<meta property=\"og:url\" content=\"https:\/\/www.camping-serendipite.fr\/es\/tourisme-cantal\/\" \/>\n<meta property=\"og:site_name\" content=\"Camping S\u00e9rendipit\u00e9\" \/>\n<meta property=\"article:modified_time\" content=\"2025-02-10T14:43:02+00:00\" \/>\n<meta property=\"og:image\" content=\"https:\/\/www.camping-serendipite.fr\/wp-content\/uploads\/2023\/06\/camping-cantal-chateau-e1687416811450.webp\" \/>\n\t<meta property=\"og:image:width\" content=\"2000\" \/>\n\t<meta property=\"og:image:height\" content=\"1000\" \/>\n\t<meta property=\"og:image:type\" content=\"image\/webp\" \/>\n<meta name=\"twitter:card\" content=\"summary_large_image\" \/>\n<meta name=\"twitter:label1\" content=\"Tiempo de lectura\" \/>\n\t<meta name=\"twitter:data1\" content=\"2 minutos\" \/>\n<script type=\"application\/ld+json\" class=\"yoast-schema-graph\">{\"@context\":\"https:\/\/schema.org\",\"@graph\":[{\"@type\":\"WebPage\",\"@id\":\"https:\/\/www.camping-serendipite.fr\/es\/tourisme-cantal\/\",\"url\":\"https:\/\/www.camping-serendipite.fr\/es\/tourisme-cantal\/\",\"name\":\"Descubre Cantal | Cosas que hacer y ver en Cantal\",\"isPartOf\":{\"@id\":\"https:\/\/www.camping-serendipite.fr\/#website\"},\"primaryImageOfPage\":{\"@id\":\"https:\/\/www.camping-serendipite.fr\/es\/tourisme-cantal\/#primaryimage\"},\"image\":{\"@id\":\"https:\/\/www.camping-serendipite.fr\/es\/tourisme-cantal\/#primaryimage\"},\"thumbnailUrl\":\"https:\/\/www.camping-serendipite.fr\/wp-content\/uploads\/2023\/06\/camping-cantal-chateau-e1687416811450.webp\",\"datePublished\":\"2023-05-22T14:37:24+00:00\",\"dateModified\":\"2025-02-10T14:43:02+00:00\",\"breadcrumb\":{\"@id\":\"https:\/\/www.camping-serendipite.fr\/es\/tourisme-cantal\/#breadcrumb\"},\"inLanguage\":\"es\",\"potentialAction\":[{\"@type\":\"ReadAction\",\"target\":[\"https:\/\/www.camping-serendipite.fr\/es\/tourisme-cantal\/\"]}]},{\"@type\":\"ImageObject\",\"inLanguage\":\"es\",\"@id\":\"https:\/\/www.camping-serendipite.fr\/es\/tourisme-cantal\/#primaryimage\",\"url\":\"https:\/\/www.camping-serendipite.fr\/wp-content\/uploads\/2023\/06\/camping-cantal-chateau-e1687416811450.webp\",\"contentUrl\":\"https:\/\/www.camping-serendipite.fr\/wp-content\/uploads\/2023\/06\/camping-cantal-chateau-e1687416811450.webp\",\"width\":2000,\"height\":1000,\"caption\":\"camping chateau de cantal\"},{\"@type\":\"BreadcrumbList\",\"@id\":\"https:\/\/www.camping-serendipite.fr\/es\/tourisme-cantal\/#breadcrumb\",\"itemListElement\":[{\"@type\":\"ListItem\",\"position\":1,\"name\":\"Camping Cantal\",\"item\":\"https:\/\/www.camping-serendipite.fr\/es\/\"},{\"@type\":\"ListItem\",\"position\":2,\"name\":\"Turismo en el Cantal\"}]},{\"@type\":\"WebSite\",\"@id\":\"https:\/\/www.camping-serendipite.fr\/#website\",\"url\":\"https:\/\/www.camping-serendipite.fr\/\",\"name\":\"Camping S\u00e9rendipit\u00e9\",\"description\":\"\",\"publisher\":{\"@id\":\"https:\/\/www.camping-serendipite.fr\/#organization\"},\"potentialAction\":[{\"@type\":\"SearchAction\",\"target\":{\"@type\":\"EntryPoint\",\"urlTemplate\":\"https:\/\/www.camping-serendipite.fr\/?s={search_term_string}\"},\"query-input\":{\"@type\":\"PropertyValueSpecification\",\"valueRequired\":true,\"valueName\":\"search_term_string\"}}],\"inLanguage\":\"es\"},{\"@type\":\"Organization\",\"@id\":\"https:\/\/www.camping-serendipite.fr\/#organization\",\"name\":\"Camping S\u00e9rendipit\u00e9\",\"url\":\"https:\/\/www.camping-serendipite.fr\/\",\"logo\":{\"@type\":\"ImageObject\",\"inLanguage\":\"es\",\"@id\":\"https:\/\/www.camping-serendipite.fr\/#\/schema\/logo\/image\/\",\"url\":\"https:\/\/www.camping-serendipite.fr\/wp-content\/uploads\/2022\/06\/cropped-serendipite-camping-3-1.png\",\"contentUrl\":\"https:\/\/www.camping-serendipite.fr\/wp-content\/uploads\/2022\/06\/cropped-serendipite-camping-3-1.png\",\"width\":383,\"height\":461,\"caption\":\"Camping S\u00e9rendipit\u00e9\"},\"image\":{\"@id\":\"https:\/\/www.camping-serendipite.fr\/#\/schema\/logo\/image\/\"}}]}<\/script>\n<!-- \/ Yoast SEO plugin. -->","yoast_head_json":{"title":"Descubre Cantal | Cosas que hacer y ver en Cantal","robots":{"index":"index","follow":"follow","max-snippet":"max-snippet:-1","max-image-preview":"max-image-preview:large","max-video-preview":"max-video-preview:-1"},"canonical":"https:\/\/www.camping-serendipite.fr\/es\/tourisme-cantal\/","og_locale":"es_ES","og_type":"article","og_title":"Descubre Cantal | Cosas que hacer y ver en Cantal","og_url":"https:\/\/www.camping-serendipite.fr\/es\/tourisme-cantal\/","og_site_name":"Camping S\u00e9rendipit\u00e9","article_modified_time":"2025-02-10T14:43:02+00:00","og_image":[{"width":2000,"height":1000,"url":"https:\/\/www.camping-serendipite.fr\/wp-content\/uploads\/2023\/06\/camping-cantal-chateau-e1687416811450.webp","type":"image\/webp"}],"twitter_card":"summary_large_image","twitter_misc":{"Tiempo de lectura":"2 minutos"},"schema":{"@context":"https:\/\/schema.org","@graph":[{"@type":"WebPage","@id":"https:\/\/www.camping-serendipite.fr\/es\/tourisme-cantal\/","url":"https:\/\/www.camping-serendipite.fr\/es\/tourisme-cantal\/","name":"Descubre Cantal | Cosas que hacer y ver en Cantal","isPartOf":{"@id":"https:\/\/www.camping-serendipite.fr\/#website"},"primaryImageOfPage":{"@id":"https:\/\/www.camping-serendipite.fr\/es\/tourisme-cantal\/#primaryimage"},"image":{"@id":"https:\/\/www.camping-serendipite.fr\/es\/tourisme-cantal\/#primaryimage"},"thumbnailUrl":"https:\/\/www.camping-serendipite.fr\/wp-content\/uploads\/2023\/06\/camping-cantal-chateau-e1687416811450.webp","datePublished":"2023-05-22T14:37:24+00:00","dateModified":"2025-02-10T14:43:02+00:00","breadcrumb":{"@id":"https:\/\/www.camping-serendipite.fr\/es\/tourisme-cantal\/#breadcrumb"},"inLanguage":"es","potentialAction":[{"@type":"ReadAction","target":["https:\/\/www.camping-serendipite.fr\/es\/tourisme-cantal\/"]}]},{"@type":"ImageObject","inLanguage":"es","@id":"https:\/\/www.camping-serendipite.fr\/es\/tourisme-cantal\/#primaryimage","url":"https:\/\/www.camping-serendipite.fr\/wp-content\/uploads\/2023\/06\/camping-cantal-chateau-e1687416811450.webp","contentUrl":"https:\/\/www.camping-serendipite.fr\/wp-content\/uploads\/2023\/06\/camping-cantal-chateau-e1687416811450.webp","width":2000,"height":1000,"caption":"camping chateau de cantal"},{"@type":"BreadcrumbList","@id":"https:\/\/www.camping-serendipite.fr\/es\/tourisme-cantal\/#breadcrumb","itemListElement":[{"@type":"ListItem","position":1,"name":"Camping Cantal","item":"https:\/\/www.camping-serendipite.fr\/es\/"},{"@type":"ListItem","position":2,"name":"Turismo en el Cantal"}]},{"@type":"WebSite","@id":"https:\/\/www.camping-serendipite.fr\/#website","url":"https:\/\/www.camping-serendipite.fr\/","name":"Camping S\u00e9rendipit\u00e9","description":"","publisher":{"@id":"https:\/\/www.camping-serendipite.fr\/#organization"},"potentialAction":[{"@type":"SearchAction","target":{"@type":"EntryPoint","urlTemplate":"https:\/\/www.camping-serendipite.fr\/?s={search_term_string}"},"query-input":{"@type":"PropertyValueSpecification","valueRequired":true,"valueName":"search_term_string"}}],"inLanguage":"es"},{"@type":"Organization","@id":"https:\/\/www.camping-serendipite.fr\/#organization","name":"Camping S\u00e9rendipit\u00e9","url":"https:\/\/www.camping-serendipite.fr\/","logo":{"@type":"ImageObject","inLanguage":"es","@id":"https:\/\/www.camping-serendipite.fr\/#\/schema\/logo\/image\/","url":"https:\/\/www.camping-serendipite.fr\/wp-content\/uploads\/2022\/06\/cropped-serendipite-camping-3-1.png","contentUrl":"https:\/\/www.camping-serendipite.fr\/wp-content\/uploads\/2022\/06\/cropped-serendipite-camping-3-1.png","width":383,"height":461,"caption":"Camping S\u00e9rendipit\u00e9"},"image":{"@id":"https:\/\/www.camping-serendipite.fr\/#\/schema\/logo\/image\/"}}]}},"_links":{"self":[{"href":"https:\/\/www.camping-serendipite.fr\/es\/wp-json\/wp\/v2\/pages\/3265","targetHints":{"allow":["GET"]}}],"collection":[{"href":"https:\/\/www.camping-serendipite.fr\/es\/wp-json\/wp\/v2\/pages"}],"about":[{"href":"https:\/\/www.camping-serendipite.fr\/es\/wp-json\/wp\/v2\/types\/page"}],"author":[{"embeddable":true,"href":"https:\/\/www.camping-serendipite.fr\/es\/wp-json\/wp\/v2\/users\/1"}],"replies":[{"embeddable":true,"href":"https:\/\/www.camping-serendipite.fr\/es\/wp-json\/wp\/v2\/comments?post=3265"}],"version-history":[{"count":3,"href":"https:\/\/www.camping-serendipite.fr\/es\/wp-json\/wp\/v2\/pages\/3265\/revisions"}],"predecessor-version":[{"id":3791,"href":"https:\/\/www.camping-serendipite.fr\/es\/wp-json\/wp\/v2\/pages\/3265\/revisions\/3791"}],"wp:featuredmedia":[{"embeddable":true,"href":"https:\/\/www.camping-serendipite.fr\/es\/wp-json\/wp\/v2\/media\/3272"}],"wp:attachment":[{"href":"https:\/\/www.camping-serendipite.fr\/es\/wp-json\/wp\/v2\/media?parent=3265"}],"wp:term":[{"taxonomy":"sujet","embeddable":true,"href":"https:\/\/www.camping-serendipite.fr\/es\/wp-json\/wp\/v2\/sujet?post=3265"}],"curies":[{"name":"wp","href":"https:\/\/api.w.org\/{rel}","templated":true}]}}