{"id":3242,"date":"2023-05-22T16:37:54","date_gmt":"2023-05-22T14:37:54","guid":{"rendered":"https:\/\/www.camping-serendipite.fr\/actividades-naturaleza-cantal\/"},"modified":"2025-02-10T13:50:59","modified_gmt":"2025-02-10T12:50:59","slug":"actividades-naturaleza-cantal","status":"publish","type":"page","link":"https:\/\/www.camping-serendipite.fr\/es\/actividades-naturaleza-cantal\/","title":{"rendered":"Actividades en la naturaleza"},"content":{"rendered":"<section id=\"aubrac\" class=\"ls-section  page-chapeau has-p-b p-b-0\" >\r\n        <div class=\"container \">\r\n        \n\n<h1 class=\"ls__heading wp-block-heading has-text-align-center deco-center\">Cosas que hacer cerca del camping en Cantal<\/h1>\n\n\r\n    <\/div>\r\n<\/section><section id=\"ls-section-block_d55548e4d335a07021bcfb17c21151cf\" class=\"ls-section  fond-one has-p-t p-t-0\" >\r\n        <div class=\"container container--wide\">\r\n        \n\n<div class=\"wp-block-columns is-layout-flex wp-container-core-columns-is-layout-9d6595d7 wp-block-columns-is-layout-flex\">\n<div class=\"wp-block-column is-vertically-aligned-center is-layout-flow wp-block-column-is-layout-flow\" style=\"flex-basis:60%\">\n<figure class=\"wp-block-image size-full animated fadeInLeft delay-100ms slow\"><a href=\"https:\/\/www.camping-serendipite.fr\/wp-content\/uploads\/2023\/06\/camping-cantal-parc-naturel-aubrac-randonnee-e1687340421775.webp\"><img decoding=\"async\" src=\"https:\/\/www.camping-serendipite.fr\/wp-content\/uploads\/2023\/06\/camping-cantal-parc-naturel-aubrac-randonnee.webp\" alt=\"camping cantal parc naturel aubrac randonnee\" class=\"wp-image-1389\"\/><\/a><\/figure>\n<\/div>\n\n\n\n<div class=\"wp-block-column is-layout-flow wp-block-column-is-layout-flow\" style=\"flex-basis:40%\">\n<h2 class=\"ls__heading wp-block-heading deco\" id=\"aubrac\">Visita el Parque Natural Regional de Aubrac<\/h2>\n\n\n\n<p class=\"ls-paragraph\">A s\u00f3lo 10 minutos del camping <a href=\"https:\/\/www.camping-serendipite.fr\/es\/\">del Cantal<\/a>, est\u00e1s en la meseta del <a href=\"https:\/\/www.parc-naturel-aubrac.fr\/\" target=\"_blank\" rel=\"noreferrer noopener nofollow\">parque natural regional de Aubrac<\/a>. Hay innumerables paseos por los bosques, pastos y burons, contemplando el sublime paisaje.<\/p>\n\n\n\n<p class=\"ls-paragraph\"><strong>No<\/strong> te pierdas el <strong>pueblo de Laguiole<\/strong>, con su <strong>famoso cuchillo<\/strong>, y la <strong>trashumancia<\/strong>, una experiencia \u00fanica.<\/p>\n\n\n\n<h2 class=\"ls__heading wp-block-heading deco\">Actividades acu\u00e1ticas cerca del camping<\/h2>\n\n\n\n<p class=\"ls-paragraph\">El camping est\u00e1 a menos de 5 minutos de una amplia gama de <strong>actividades acu\u00e1ticas<\/strong>, \u00a1para deleite de grandes y peque\u00f1os!<\/p>\n\n\n\n<p class=\"ls-paragraph\">En el programa: el <a href=\"https:\/\/www.basenautiquedelanau.fr\/\" target=\"_blank\" rel=\"noreferrer noopener nofollow\">centro de deportes n\u00e1uticos de Lanau<\/a> (remo, p\u00e9dalo, canoa, barco el\u00e9ctrico), <strong>cursos de<\/strong> <strong>pesca<\/strong> e <strong>iniciaci\u00f3n<\/strong> con la federaci\u00f3n de pesca de Cantal (estanques y r\u00edos), y la <strong>piscina<\/strong> <strong>municipal<\/strong> de Lanau con su piscina exterior.<\/p>\n<\/div>\n<\/div>\n\n\r\n    <\/div>\r\n<\/section><section id=\"services\" class=\"ls-section  home-ecologie-image home-ecologie has-background-image has-parallax has-m-b m-b-10 has-p-t p-t-15 has-p-b p-b-15\" >\r\n    <div class=\"ls-section__background-image opacity-90\"><img decoding=\"async\" src=\"https:\/\/www.camping-serendipite.fr\/wp-content\/uploads\/2023\/06\/camping-cantal-parc-naturel-aubrac-1.webp\" alt=\"camping cantal parc naturel aubrac\"><\/div>    <div class=\"container container--full\">\r\n        \n\n<div class=\"wp-block-columns is-layout-flex wp-container-core-columns-is-layout-9d6595d7 wp-block-columns-is-layout-flex\">\n<div class=\"wp-block-column is-vertically-aligned-center first is-layout-flow wp-block-column-is-layout-flow\">\n<div id=\"ls-heading ls-titre-div-block_2f6d943ce67e68e79dbfd93ec09dfd5e\" class=\"ls-titre-div titre-blob aligncenter h2-like has-text-color has-color-2-color\" >\n    <br>\u00a1Mantente en forma en !<\/div>\n<\/div>\n\n\n\n<div class=\"wp-block-column second has-color-1-background-color has-background is-layout-flow wp-block-column-is-layout-flow\" style=\"flex-basis:60%\">\n<h2 class=\"ls__heading wp-block-heading has-text-align-center deco\">Las mejores actividades deportivas en el Cantal<\/h2>\n\n\n\n<p class=\"ls-paragraph\">Aqu\u00ed tienes las <strong>mejores cosas que hacer<\/strong> a 15 minutos del camping: senderos, barranquismo, v\u00eda ferrata, escalada, bicicleta de monta\u00f1a y VTC el\u00e9ctrica, ULM, globo aerost\u00e1tico, senderismo, equitaci\u00f3n, gir\u00f3podos, golf, pista de hielo y deportes de invierno.<\/p>\n\n\n\n<p class=\"ls-paragraph\">Un poco m\u00e1s lejos est\u00e1 el v\u00e9lorail de C\u00e9zallier, el karting, el trineo sobre ra\u00edles de Le Lioran, el parapente y mucho m\u00e1s.<\/p>\n<\/div>\n<\/div>\n\n\r\n    <\/div>\r\n<\/section><section id=\"ls-section-block_164ec6ab85945fabe67d9698ce43d3bf\" class=\"ls-section  fond-three  has-p-t p-t-14 has-p-b p-b-14\" >\r\n        <div class=\"container container--wide\">\r\n        \n\n<div class=\"wp-block-columns is-layout-flex wp-container-core-columns-is-layout-9d6595d7 wp-block-columns-is-layout-flex\">\n<div class=\"wp-block-column is-vertically-aligned-center is-layout-flow wp-block-column-is-layout-flow\" style=\"flex-basis:40%\">\n<h2 class=\"ls__heading wp-block-heading deco\">Actividades de un d\u00eda para tus hijos<\/h2>\n\n\n\n<p class=\"ls-paragraph\">Para <strong>pasar un d\u00eda con los m\u00e1s peque\u00f1os<\/strong>, justo al lado del camping podr\u00e1s descubrir y probar la accrobranche (escalada de \u00e1rboles), la casa de la miel, el Ch\u00e2teau de Rochebrune, el minigolf, el centro acual\u00fadico y los cursos de aventura.<\/p>\n\n\n\n<p class=\"ls-paragraph\">Un poco m\u00e1s lejos, est\u00e1 el parque de lobos de G\u00e9vaudan, la reserva europea de bisontes y el parque de animales de Auvernia.<\/p>\n\n\n\n<h2 class=\"ls__heading wp-block-heading deco\">Nuestros socios para tus actividades<\/h2>\n\n\n\n<p class=\"ls-paragraph\">Este a\u00f1o, \u00a1hemos seleccionado la cr\u00e8me de la cr\u00e8me para ti! Nuestros socios privilegiados estar\u00e1n presentes en nuestras emblem\u00e1ticas veladas de degustaci\u00f3n de quesos los s\u00e1bados por la noche.<\/p>\n\n\n\n<p class=\"ls-paragraph\">Tambi\u00e9n podr\u00e1s beneficiarte <strong>de descuentos<\/strong> en una serie de actividades en los alrededores del camping, \u00a1todas ellas probadas y comprobadas por nosotros!<\/p>\n<\/div>\n\n\n\n<div class=\"wp-block-column is-layout-flow wp-block-column-is-layout-flow\" style=\"flex-basis:60%\">\n<figure class=\"wp-block-image size-full animated fadeInRight delay-100ms slow\"><a href=\"https:\/\/www.camping-serendipite.fr\/wp-content\/uploads\/2023\/06\/camping-proche-aubrac-vache.webp\"><img decoding=\"async\" width=\"800\" height=\"600\" src=\"https:\/\/www.camping-serendipite.fr\/wp-content\/uploads\/2023\/06\/camping-proche-aubrac-vache.webp\" alt=\"camping cerca de aubrac vache\" class=\"wp-image-1380\" srcset=\"https:\/\/www.camping-serendipite.fr\/wp-content\/uploads\/2023\/06\/camping-proche-aubrac-vache.webp 800w, https:\/\/www.camping-serendipite.fr\/wp-content\/uploads\/2023\/06\/camping-proche-aubrac-vache-300x225.webp 300w, https:\/\/www.camping-serendipite.fr\/wp-content\/uploads\/2023\/06\/camping-proche-aubrac-vache-768x576.webp 768w\" sizes=\"(max-width: 800px) 100vw, 800px\" \/><\/a><\/figure>\n<\/div>\n<\/div>\n\n\r\n    <\/div>\r\n<\/section><section id=\"ls-section-block_9e7fcb26652408e971e96444c2a937e7\" class=\"ls-section  page-maillage\" >\r\n        <div class=\"container container--wide\">\r\n        \n\n<div id=\"ls-heading ls-titre-div-block_1e08e6f22bc9733409150b26e9f18b41\" class=\"ls-titre-div deco-flower aligncenter h2-like\" >\n    Visita el Cantal, las gargantas de la Truy\u00e8re y nuestro camping<\/div>\n\n\n<div id=\"ls-maillage-block_e134200e69191fb442865094243024a9\" class=\"ls-maillage cta-style-normal\" data-rows=\"3\">\r\n    <div class=\"wp-block-columns\"><div class=\"wp-block-column\">\n\n<a href=\"https:\/\/www.camping-serendipite.fr\/es\/tourisme-cantal\/\" target=\"\" rel=\"noopener\" class=\"ls-cta__link\">\n\n\t<div class=\"ls-cta__image\"><img decoding=\"async\" src=\"https:\/\/www.camping-serendipite.fr\/wp-content\/uploads\/2023\/06\/camping-pres-du-parc-aubrac-viaduc-de-garabit-768x576.webp\" alt=\"acampar cerca del parc aubrac viaduc de garabit\"><\/div>\n\t<div class=\"ls-cta__title\">\n\t\tCantal\t<\/div>\n\n\t\t\n<\/a><\/div><div class=\"wp-block-column\">\n\n<a href=\"https:\/\/www.camping-serendipite.fr\/es\/turismo-gorges-truyere\/\" target=\"\" rel=\"noopener\" class=\"ls-cta__link\">\n\n\t<div class=\"ls-cta__image\"><img decoding=\"async\" src=\"https:\/\/www.camping-serendipite.fr\/wp-content\/uploads\/2023\/06\/camping-base-nautique-lanau-gorges-truyere-canoe-cantal-bateau-e1687334289109-768x575.webp\" alt=\"camping base nautique lanau gargantas truyere canoa cantal bateau\"><\/div>\n\t<div class=\"ls-cta__title\">\n\t\tGargantas de la Truy\u00e8re\t<\/div>\n\n\t\t\n<\/a><\/div><div class=\"wp-block-column\">\n\n<a href=\"https:\/\/www.camping-serendipite.fr\/es\/camping-familiar-cantal\/\" target=\"\" rel=\"noopener\" class=\"ls-cta__link\">\n\n\t<div class=\"ls-cta__image\"><img decoding=\"async\" src=\"https:\/\/www.camping-serendipite.fr\/wp-content\/uploads\/2023\/06\/camping-proche-parc-naturel-aubrac-768x576.webp\" alt=\"camping cerca del parque natural de aubrac\"><\/div>\n\t<div class=\"ls-cta__title\">\n\t\tEl camping\t<\/div>\n\n\t\t\n<\/a><\/div><\/div><\/div>\n\r\n    <\/div>\r\n<\/section>","protected":false},"excerpt":{"rendered":"","protected":false},"author":1,"featured_media":3244,"parent":0,"menu_order":0,"comment_status":"closed","ping_status":"closed","template":"","meta":{"_acf_changed":false,"inline_featured_image":false,"footnotes":""},"sujet":[],"class_list":["post-3242","page","type-page","status-publish","has-post-thumbnail","hentry"],"acf":[],"yoast_head":"<!-- This site is optimized with the Yoast SEO plugin v24.7 - https:\/\/yoast.com\/wordpress\/plugins\/seo\/ -->\n<title>Actividades en la naturaleza en Cantal | Actividades deportivas cerca del camping<\/title>\n<meta name=\"robots\" content=\"index, follow, max-snippet:-1, max-image-preview:large, max-video-preview:-1\" \/>\n<link rel=\"canonical\" href=\"https:\/\/www.camping-serendipite.fr\/es\/actividades-naturaleza-cantal\/\" \/>\n<meta property=\"og:locale\" content=\"es_ES\" \/>\n<meta property=\"og:type\" content=\"article\" \/>\n<meta property=\"og:title\" content=\"Actividades en la naturaleza en Cantal | Actividades deportivas cerca del camping\" \/>\n<meta property=\"og:url\" content=\"https:\/\/www.camping-serendipite.fr\/es\/actividades-naturaleza-cantal\/\" \/>\n<meta property=\"og:site_name\" content=\"Camping S\u00e9rendipit\u00e9\" \/>\n<meta property=\"article:modified_time\" content=\"2025-02-10T12:50:59+00:00\" \/>\n<meta property=\"og:image\" content=\"https:\/\/www.camping-serendipite.fr\/wp-content\/uploads\/2023\/06\/camping-cantal-activites-aerienne.webp\" \/>\n\t<meta property=\"og:image:width\" content=\"2000\" \/>\n\t<meta property=\"og:image:height\" content=\"1214\" \/>\n\t<meta property=\"og:image:type\" content=\"image\/webp\" \/>\n<meta name=\"twitter:card\" content=\"summary_large_image\" \/>\n<meta name=\"twitter:label1\" content=\"Tiempo de lectura\" \/>\n\t<meta name=\"twitter:data1\" content=\"2 minutos\" \/>\n<script type=\"application\/ld+json\" class=\"yoast-schema-graph\">{\"@context\":\"https:\/\/schema.org\",\"@graph\":[{\"@type\":\"WebPage\",\"@id\":\"https:\/\/www.camping-serendipite.fr\/es\/actividades-naturaleza-cantal\/\",\"url\":\"https:\/\/www.camping-serendipite.fr\/es\/actividades-naturaleza-cantal\/\",\"name\":\"Actividades en la naturaleza en Cantal | Actividades deportivas cerca del camping\",\"isPartOf\":{\"@id\":\"https:\/\/www.camping-serendipite.fr\/#website\"},\"primaryImageOfPage\":{\"@id\":\"https:\/\/www.camping-serendipite.fr\/es\/actividades-naturaleza-cantal\/#primaryimage\"},\"image\":{\"@id\":\"https:\/\/www.camping-serendipite.fr\/es\/actividades-naturaleza-cantal\/#primaryimage\"},\"thumbnailUrl\":\"https:\/\/www.camping-serendipite.fr\/wp-content\/uploads\/2023\/06\/camping-cantal-activites-aerienne.webp\",\"datePublished\":\"2023-05-22T14:37:54+00:00\",\"dateModified\":\"2025-02-10T12:50:59+00:00\",\"breadcrumb\":{\"@id\":\"https:\/\/www.camping-serendipite.fr\/es\/actividades-naturaleza-cantal\/#breadcrumb\"},\"inLanguage\":\"es\",\"potentialAction\":[{\"@type\":\"ReadAction\",\"target\":[\"https:\/\/www.camping-serendipite.fr\/es\/actividades-naturaleza-cantal\/\"]}]},{\"@type\":\"ImageObject\",\"inLanguage\":\"es\",\"@id\":\"https:\/\/www.camping-serendipite.fr\/es\/actividades-naturaleza-cantal\/#primaryimage\",\"url\":\"https:\/\/www.camping-serendipite.fr\/wp-content\/uploads\/2023\/06\/camping-cantal-activites-aerienne.webp\",\"contentUrl\":\"https:\/\/www.camping-serendipite.fr\/wp-content\/uploads\/2023\/06\/camping-cantal-activites-aerienne.webp\",\"width\":2000,\"height\":1214,\"caption\":\"camping cantal actividades a\u00e9reas\"},{\"@type\":\"BreadcrumbList\",\"@id\":\"https:\/\/www.camping-serendipite.fr\/es\/actividades-naturaleza-cantal\/#breadcrumb\",\"itemListElement\":[{\"@type\":\"ListItem\",\"position\":1,\"name\":\"Camping Cantal\",\"item\":\"https:\/\/www.camping-serendipite.fr\/es\/\"},{\"@type\":\"ListItem\",\"position\":2,\"name\":\"Qu\u00e9 hacer en el Cantal\"}]},{\"@type\":\"WebSite\",\"@id\":\"https:\/\/www.camping-serendipite.fr\/#website\",\"url\":\"https:\/\/www.camping-serendipite.fr\/\",\"name\":\"Camping S\u00e9rendipit\u00e9\",\"description\":\"\",\"publisher\":{\"@id\":\"https:\/\/www.camping-serendipite.fr\/#organization\"},\"potentialAction\":[{\"@type\":\"SearchAction\",\"target\":{\"@type\":\"EntryPoint\",\"urlTemplate\":\"https:\/\/www.camping-serendipite.fr\/?s={search_term_string}\"},\"query-input\":{\"@type\":\"PropertyValueSpecification\",\"valueRequired\":true,\"valueName\":\"search_term_string\"}}],\"inLanguage\":\"es\"},{\"@type\":\"Organization\",\"@id\":\"https:\/\/www.camping-serendipite.fr\/#organization\",\"name\":\"Camping S\u00e9rendipit\u00e9\",\"url\":\"https:\/\/www.camping-serendipite.fr\/\",\"logo\":{\"@type\":\"ImageObject\",\"inLanguage\":\"es\",\"@id\":\"https:\/\/www.camping-serendipite.fr\/#\/schema\/logo\/image\/\",\"url\":\"https:\/\/www.camping-serendipite.fr\/wp-content\/uploads\/2022\/06\/cropped-serendipite-camping-3-1.png\",\"contentUrl\":\"https:\/\/www.camping-serendipite.fr\/wp-content\/uploads\/2022\/06\/cropped-serendipite-camping-3-1.png\",\"width\":383,\"height\":461,\"caption\":\"Camping S\u00e9rendipit\u00e9\"},\"image\":{\"@id\":\"https:\/\/www.camping-serendipite.fr\/#\/schema\/logo\/image\/\"}}]}<\/script>\n<!-- \/ Yoast SEO plugin. -->","yoast_head_json":{"title":"Actividades en la naturaleza en Cantal | Actividades deportivas cerca del camping","robots":{"index":"index","follow":"follow","max-snippet":"max-snippet:-1","max-image-preview":"max-image-preview:large","max-video-preview":"max-video-preview:-1"},"canonical":"https:\/\/www.camping-serendipite.fr\/es\/actividades-naturaleza-cantal\/","og_locale":"es_ES","og_type":"article","og_title":"Actividades en la naturaleza en Cantal | Actividades deportivas cerca del camping","og_url":"https:\/\/www.camping-serendipite.fr\/es\/actividades-naturaleza-cantal\/","og_site_name":"Camping S\u00e9rendipit\u00e9","article_modified_time":"2025-02-10T12:50:59+00:00","og_image":[{"width":2000,"height":1214,"url":"https:\/\/www.camping-serendipite.fr\/wp-content\/uploads\/2023\/06\/camping-cantal-activites-aerienne.webp","type":"image\/webp"}],"twitter_card":"summary_large_image","twitter_misc":{"Tiempo de lectura":"2 minutos"},"schema":{"@context":"https:\/\/schema.org","@graph":[{"@type":"WebPage","@id":"https:\/\/www.camping-serendipite.fr\/es\/actividades-naturaleza-cantal\/","url":"https:\/\/www.camping-serendipite.fr\/es\/actividades-naturaleza-cantal\/","name":"Actividades en la naturaleza en Cantal | Actividades deportivas cerca del camping","isPartOf":{"@id":"https:\/\/www.camping-serendipite.fr\/#website"},"primaryImageOfPage":{"@id":"https:\/\/www.camping-serendipite.fr\/es\/actividades-naturaleza-cantal\/#primaryimage"},"image":{"@id":"https:\/\/www.camping-serendipite.fr\/es\/actividades-naturaleza-cantal\/#primaryimage"},"thumbnailUrl":"https:\/\/www.camping-serendipite.fr\/wp-content\/uploads\/2023\/06\/camping-cantal-activites-aerienne.webp","datePublished":"2023-05-22T14:37:54+00:00","dateModified":"2025-02-10T12:50:59+00:00","breadcrumb":{"@id":"https:\/\/www.camping-serendipite.fr\/es\/actividades-naturaleza-cantal\/#breadcrumb"},"inLanguage":"es","potentialAction":[{"@type":"ReadAction","target":["https:\/\/www.camping-serendipite.fr\/es\/actividades-naturaleza-cantal\/"]}]},{"@type":"ImageObject","inLanguage":"es","@id":"https:\/\/www.camping-serendipite.fr\/es\/actividades-naturaleza-cantal\/#primaryimage","url":"https:\/\/www.camping-serendipite.fr\/wp-content\/uploads\/2023\/06\/camping-cantal-activites-aerienne.webp","contentUrl":"https:\/\/www.camping-serendipite.fr\/wp-content\/uploads\/2023\/06\/camping-cantal-activites-aerienne.webp","width":2000,"height":1214,"caption":"camping cantal actividades a\u00e9reas"},{"@type":"BreadcrumbList","@id":"https:\/\/www.camping-serendipite.fr\/es\/actividades-naturaleza-cantal\/#breadcrumb","itemListElement":[{"@type":"ListItem","position":1,"name":"Camping Cantal","item":"https:\/\/www.camping-serendipite.fr\/es\/"},{"@type":"ListItem","position":2,"name":"Qu\u00e9 hacer en el Cantal"}]},{"@type":"WebSite","@id":"https:\/\/www.camping-serendipite.fr\/#website","url":"https:\/\/www.camping-serendipite.fr\/","name":"Camping S\u00e9rendipit\u00e9","description":"","publisher":{"@id":"https:\/\/www.camping-serendipite.fr\/#organization"},"potentialAction":[{"@type":"SearchAction","target":{"@type":"EntryPoint","urlTemplate":"https:\/\/www.camping-serendipite.fr\/?s={search_term_string}"},"query-input":{"@type":"PropertyValueSpecification","valueRequired":true,"valueName":"search_term_string"}}],"inLanguage":"es"},{"@type":"Organization","@id":"https:\/\/www.camping-serendipite.fr\/#organization","name":"Camping S\u00e9rendipit\u00e9","url":"https:\/\/www.camping-serendipite.fr\/","logo":{"@type":"ImageObject","inLanguage":"es","@id":"https:\/\/www.camping-serendipite.fr\/#\/schema\/logo\/image\/","url":"https:\/\/www.camping-serendipite.fr\/wp-content\/uploads\/2022\/06\/cropped-serendipite-camping-3-1.png","contentUrl":"https:\/\/www.camping-serendipite.fr\/wp-content\/uploads\/2022\/06\/cropped-serendipite-camping-3-1.png","width":383,"height":461,"caption":"Camping S\u00e9rendipit\u00e9"},"image":{"@id":"https:\/\/www.camping-serendipite.fr\/#\/schema\/logo\/image\/"}}]}},"_links":{"self":[{"href":"https:\/\/www.camping-serendipite.fr\/es\/wp-json\/wp\/v2\/pages\/3242","targetHints":{"allow":["GET"]}}],"collection":[{"href":"https:\/\/www.camping-serendipite.fr\/es\/wp-json\/wp\/v2\/pages"}],"about":[{"href":"https:\/\/www.camping-serendipite.fr\/es\/wp-json\/wp\/v2\/types\/page"}],"author":[{"embeddable":true,"href":"https:\/\/www.camping-serendipite.fr\/es\/wp-json\/wp\/v2\/users\/1"}],"replies":[{"embeddable":true,"href":"https:\/\/www.camping-serendipite.fr\/es\/wp-json\/wp\/v2\/comments?post=3242"}],"version-history":[{"count":1,"href":"https:\/\/www.camping-serendipite.fr\/es\/wp-json\/wp\/v2\/pages\/3242\/revisions"}],"predecessor-version":[{"id":3247,"href":"https:\/\/www.camping-serendipite.fr\/es\/wp-json\/wp\/v2\/pages\/3242\/revisions\/3247"}],"wp:featuredmedia":[{"embeddable":true,"href":"https:\/\/www.camping-serendipite.fr\/es\/wp-json\/wp\/v2\/media\/3244"}],"wp:attachment":[{"href":"https:\/\/www.camping-serendipite.fr\/es\/wp-json\/wp\/v2\/media?parent=3242"}],"wp:term":[{"taxonomy":"sujet","embeddable":true,"href":"https:\/\/www.camping-serendipite.fr\/es\/wp-json\/wp\/v2\/sujet?post=3242"}],"curies":[{"name":"wp","href":"https:\/\/api.w.org\/{rel}","templated":true}]}}