{"id":2167,"date":"2023-05-22T16:35:54","date_gmt":"2023-05-22T14:35:54","guid":{"rendered":"https:\/\/www.camping-serendipite.fr\/ganzjahrig-geoffneter-campingplatz-cantal\/"},"modified":"2025-02-10T13:52:16","modified_gmt":"2025-02-10T12:52:16","slug":"ganzjahrig-geoffneter-campingplatz-cantal","status":"publish","type":"page","link":"https:\/\/www.camping-serendipite.fr\/de\/ganzjahrig-geoffneter-campingplatz-cantal\/","title":{"rendered":"4 Jahreszeiten"},"content":{"rendered":"<section id=\"ski\" class=\"ls-section  page-chapeau has-p-b p-b-0\" >\r\n        <div class=\"container \">\r\n        \n\n<h1 class=\"ls__heading wp-block-heading has-text-align-center deco-center\">CHALET UND PODS ganzj\u00e4hrig ge\u00f6ffnet in der N\u00e4he <br\/><strong>des Aubrac-Parks und der Vulkane der Auvergne<\/strong><\/h1>\n\n\r\n    <\/div>\r\n<\/section>\n<p class=\"ls-paragraph has-text-align-center\">Die H\u00fctten und Campingpl\u00e4tze sind vom 03. November 2024 bis einschlie\u00dflich 03. April 2025 geschlossen.<\/p>\n<section id=\"ls-section-block_32db29642b8d3b223ce36d75cd8b0284\" class=\"ls-section  fond-one has-p-t p-t-0 has-p-b p-b-18\" >\r\n        <div class=\"container container--wide\">\r\n        \n\n<div class=\"wp-block-columns is-layout-flex wp-container-core-columns-is-layout-9d6595d7 wp-block-columns-is-layout-flex\">\n<div class=\"wp-block-column is-vertically-aligned-center is-layout-flow wp-block-column-is-layout-flow\" style=\"flex-basis:60%\">\n<figure class=\"wp-block-image size-large animated fadeInLeft delay-100ms slow\"><a href=\"https:\/\/www.camping-serendipite.fr\/wp-content\/uploads\/2023\/06\/vacances-ski-aubrac.webp\"><img decoding=\"async\" width=\"1024\" height=\"683\" src=\"https:\/\/www.camping-serendipite.fr\/wp-content\/uploads\/2023\/06\/vacances-ski-aubrac-1024x683.webp\" alt=\"skiurlaub aubrac\" class=\"wp-image-974\" srcset=\"https:\/\/www.camping-serendipite.fr\/wp-content\/uploads\/2023\/06\/vacances-ski-aubrac-1024x683.webp 1024w, https:\/\/www.camping-serendipite.fr\/wp-content\/uploads\/2023\/06\/vacances-ski-aubrac-300x200.webp 300w, https:\/\/www.camping-serendipite.fr\/wp-content\/uploads\/2023\/06\/vacances-ski-aubrac-768x512.webp 768w, https:\/\/www.camping-serendipite.fr\/wp-content\/uploads\/2023\/06\/vacances-ski-aubrac.webp 1350w\" sizes=\"(max-width: 1024px) 100vw, 1024px\" \/><\/a><\/figure>\n<\/div>\n\n\n\n<div class=\"wp-block-column is-vertically-aligned-center is-layout-flow wp-block-column-is-layout-flow\" style=\"flex-basis:40%\">\n<h2 class=\"ls__heading wp-block-heading deco\" id=\"ski\">Ihr idealer Campingplatz <strong>f\u00fcr einen Skiurlaub<\/strong><\/h2>\n\n\n\n<p class=\"ls-paragraph\">Der <a href=\"https:\/\/www.camping-serendipite.fr\/de\/\">Campingplatz S\u00e9rendipit\u00e9<\/a> ist ideal gelegen, um <strong>Skifahren<\/strong> zu gehen, aber dennoch vom Massentourismus der <strong>Ferienorte<\/strong> verschont <strong>zu<\/strong> bleiben. Es liegt nur 20 Autominuten vom <strong>Skigebiet<\/strong> <strong>Prat-de-Bouc<\/strong> entfernt, das mit dem Skigebiet Le Lioran verbunden ist. Damit haben Sie Zugang zum gr\u00f6\u00dften Skigebiet des Zentralmassivs.<\/p>\n\n\n\n<p class=\"ls-paragraph\">Der Pass von Prat-de-Bouc verf\u00fcgt auch \u00fcber einen gro\u00dfen <strong>nordischen<\/strong> <strong>Raum<\/strong> f\u00fcr <strong>Skilanglauf<\/strong> und <strong>Schneeschuhwanderungen<\/strong>. Es gibt auch die M\u00f6glichkeit, <strong>Biathlon<\/strong> zu erlernen oder zu praktizieren.  <\/p>\n\n\n\n<p class=\"ls-paragraph\">Im Skiort Prat-de-Bouc k\u00f6nnen Sie einen <strong>atemberaubenden Blick auf den Plomb du Cantal<\/strong> genie\u00dfen, Ihre Ausr\u00fcstung ausleihen und sich vor Ort verpflegen.<\/p>\n\n\n\n<p class=\"ls-paragraph\">Der Campingplatz S\u00e9rendipit\u00e9 liegt in der N\u00e4he der Skipisten, sodass Sie nach einem Tag auf der Piste schnell zu Ihrer Unterkunft gelangen k\u00f6nnen!<\/p>\n<\/div>\n<\/div>\n\n\r\n    <\/div>\r\n<\/section><section id=\"services\" class=\"ls-section  home-ecologie-image home-ecologie has-background-image has-parallax has-p-t p-t-15 has-p-b p-b-15\" >\r\n    <div class=\"ls-section__background-image opacity-77\"><img decoding=\"async\" src=\"https:\/\/www.camping-serendipite.fr\/wp-content\/uploads\/2022\/06\/camping-thermes-curistes-cantal-detente.webp\" alt=\"camping curistes cantal\"><\/div>    <div class=\"container container--full\">\r\n        \n\n<div class=\"wp-block-columns is-layout-flex wp-container-core-columns-is-layout-9d6595d7 wp-block-columns-is-layout-flex\">\n<div class=\"wp-block-column is-vertically-aligned-center first is-layout-flow wp-block-column-is-layout-flow\">\n<div id=\"ls-heading ls-titre-div-block_54d4825377caebe1b65deeda1d5664d7\" class=\"ls-titre-div titre-blob aligncenter h2-like has-text-color has-color-2-color\" >\n    Eine Thermalkur<\/div>\n<\/div>\n\n\n\n<div class=\"wp-block-column second has-color-1-background-color has-background is-layout-flow wp-block-column-is-layout-flow\" style=\"flex-basis:60%\">\n<h2 class=\"ls__heading wp-block-heading has-text-align-center deco\">Ihre Unterkunft in der N\u00e4he von Thermalb\u00e4dern<\/h2>\n\n\n\n<p class=\"ls-paragraph\">Der Campingplatz S\u00e9rendipit\u00e9 liegt nur 10 Minuten vom <strong>Kurort<\/strong> <strong>Caleden<\/strong> in Chaudes-Aigues entfernt. Der Ort verf\u00fcgt \u00fcber ein <strong>Thermalzentrum<\/strong>, einen <strong>Fitnessbereich<\/strong> und bietet nat\u00fcrlich auch <strong>Thermalkuren<\/strong> an. Das Zentrum bezieht sein Wasser aus der Par-Quelle, die mit 82\u00b0 C aus dem Boden tritt und damit die hei\u00dfeste Quelle Europas ist! Das Zentrum ist auf <strong>medizinisch bet<\/strong>reute <strong>rheumatologische<\/strong> <strong>Kuren<\/strong> spezialisiert, bietet aber auch <strong>freie<\/strong> <strong>Kuren<\/strong> von 6 bis 12 Tagen an, die f\u00fcr die sportliche Erholung besonders interessant sind.<\/p>\n\n\n\n<p class=\"ls-paragraph\">W\u00e4hrend einer Kur ist Erholung wichtig: Der Campingplatz Serendipity ist so ruhig, dass er der ideale Ort zum \u00dcbernachten ist. Au\u00dferdem k\u00f6nnen Sie von unserem <strong>speziellen<\/strong> <strong>Kurtarif<\/strong> <strong>von<\/strong> <strong>-10%<\/strong> auf Ihren Aufenthalt profitieren.<\/p>\n\n\n\n<p class=\"ls-paragraph\">Das Caleden Resort bietet auch <strong>Behandlungen<\/strong> an, die perfekt f\u00fcr Wanderer sind, die sich nach einem anstrengenden Tag entspannen und erholen m\u00f6chten: Sprudelb\u00e4der, Massagen, Jet-Duschen &#8230;<\/p>\n<\/div>\n<\/div>\n\n\r\n    <\/div>\r\n<\/section><section id=\"ls-section-block_1b5c1fbc3b9d2477881c87aad5609b4b\" class=\"ls-section  page-maillage\" >\r\n        <div class=\"container container--wide\">\r\n        \n\n<div id=\"ls-heading ls-titre-div-block_b0886f8870db4dc2326776422b64670f\" class=\"ls-titre-div deco-flower aligncenter h2-like\" >\n    Besuchen Sie den Campingplatz, unsere Unterk\u00fcnfte und die Aktivit\u00e4ten in der Umgebung.<\/div>\n\n\n<div id=\"ls-maillage-block_d7b6400cf2a5b425fe10c74a039ce0c1\" class=\"ls-maillage cta-style-normal\" data-rows=\"3\">\r\n    <div class=\"wp-block-columns\"><div class=\"wp-block-column\">\n\n<a href=\"https:\/\/www.camping-serendipite.fr\/de\/vermietung-unterkunft-cantal\/\" target=\"\" rel=\"noopener\" class=\"ls-cta__link\">\n\n\t<div class=\"ls-cta__image\"><img decoding=\"async\" src=\"https:\/\/www.camping-serendipite.fr\/wp-content\/uploads\/2023\/06\/location-chalets-cantal-768x576.webp\" alt=\"location chalets cantal\"><\/div>\n\t<div class=\"ls-cta__title\">\n\t\tChalets &amp; Pods\t<\/div>\n\n\t\t\n<\/a><\/div><div class=\"wp-block-column\">\n\n<a href=\"https:\/\/www.camping-serendipite.fr\/de\/camping-familien-cantal\/\" target=\"\" rel=\"noopener\" class=\"ls-cta__link\">\n\n\t<div class=\"ls-cta__image\"><img decoding=\"async\" src=\"https:\/\/www.camping-serendipite.fr\/wp-content\/uploads\/2023\/06\/camping-proche-parc-naturel-aubrac-768x576.webp\" alt=\"camping in der n\u00e4he des naturparks aubrac\"><\/div>\n\t<div class=\"ls-cta__title\">\n\t\tDer Campingplatz\t<\/div>\n\n\t\t\n<\/a><\/div><div class=\"wp-block-column\">\n\n<a href=\"https:\/\/www.camping-serendipite.fr\/de\/aktivitaeten-natur-kantal\/\" target=\"\" rel=\"noopener\" class=\"ls-cta__link\">\n\n\t<div class=\"ls-cta__image\"><img decoding=\"async\" src=\"https:\/\/www.camping-serendipite.fr\/wp-content\/uploads\/2023\/06\/camping-cantal-parc-naturel-aubrac-randonnee-e1687340421775-768x575.webp\" alt=\"camping cantal parc naturel aubrac randonnee\"><\/div>\n\t<div class=\"ls-cta__title\">\n\t\tAktivit\u00e4ten in der Natur\t<\/div>\n\n\t\t\n<\/a><\/div><\/div><\/div>\n\r\n    <\/div>\r\n<\/section>","protected":false},"excerpt":{"rendered":"<p>Die H\u00fctten und Campingpl\u00e4tze sind vom 03. November 2024 bis einschlie\u00dflich 03. April 2025 geschlossen.<\/p>\n","protected":false},"author":1,"featured_media":2034,"parent":0,"menu_order":0,"comment_status":"closed","ping_status":"closed","template":"","meta":{"_acf_changed":false,"inline_featured_image":false,"footnotes":""},"sujet":[],"class_list":["post-2167","page","type-page","status-publish","has-post-thumbnail","hentry"],"acf":[],"yoast_head":"<!-- This site is optimized with the Yoast SEO plugin v24.7 - https:\/\/yoast.com\/wordpress\/plugins\/seo\/ -->\n<title>Ganzj\u00e4hrig ge\u00f6ffneter Campingplatz Auvergne | Ganzj\u00e4hriger Campingplatz Cantal<\/title>\n<meta name=\"robots\" content=\"index, follow, max-snippet:-1, max-image-preview:large, max-video-preview:-1\" \/>\n<link rel=\"canonical\" href=\"https:\/\/www.camping-serendipite.fr\/de\/ganzjahrig-geoffneter-campingplatz-cantal\/\" \/>\n<meta property=\"og:locale\" content=\"de_DE\" \/>\n<meta property=\"og:type\" content=\"article\" \/>\n<meta property=\"og:title\" content=\"Ganzj\u00e4hrig ge\u00f6ffneter Campingplatz Auvergne | Ganzj\u00e4hriger Campingplatz Cantal\" \/>\n<meta property=\"og:description\" content=\"Die H\u00fctten und Campingpl\u00e4tze sind vom 03. November 2024 bis einschlie\u00dflich 03. April 2025 geschlossen.\" \/>\n<meta property=\"og:url\" content=\"https:\/\/www.camping-serendipite.fr\/de\/ganzjahrig-geoffneter-campingplatz-cantal\/\" \/>\n<meta property=\"og:site_name\" content=\"Camping S\u00e9rendipit\u00e9\" \/>\n<meta property=\"article:modified_time\" content=\"2025-02-10T12:52:16+00:00\" \/>\n<meta property=\"og:image\" content=\"https:\/\/www.camping-serendipite.fr\/wp-content\/uploads\/2022\/06\/camping-hiver-cantal-vacances.webp\" \/>\n\t<meta property=\"og:image:width\" content=\"2000\" \/>\n\t<meta property=\"og:image:height\" content=\"1500\" \/>\n\t<meta property=\"og:image:type\" content=\"image\/webp\" \/>\n<meta name=\"twitter:card\" content=\"summary_large_image\" \/>\n<meta name=\"twitter:label1\" content=\"Gesch\u00e4tzte Lesezeit\" \/>\n\t<meta name=\"twitter:data1\" content=\"2\u00a0Minuten\" \/>\n<script type=\"application\/ld+json\" class=\"yoast-schema-graph\">{\"@context\":\"https:\/\/schema.org\",\"@graph\":[{\"@type\":\"WebPage\",\"@id\":\"https:\/\/www.camping-serendipite.fr\/de\/ganzjahrig-geoffneter-campingplatz-cantal\/\",\"url\":\"https:\/\/www.camping-serendipite.fr\/de\/ganzjahrig-geoffneter-campingplatz-cantal\/\",\"name\":\"Ganzj\u00e4hrig ge\u00f6ffneter Campingplatz Auvergne | Ganzj\u00e4hriger Campingplatz Cantal\",\"isPartOf\":{\"@id\":\"https:\/\/www.camping-serendipite.fr\/#website\"},\"primaryImageOfPage\":{\"@id\":\"https:\/\/www.camping-serendipite.fr\/de\/ganzjahrig-geoffneter-campingplatz-cantal\/#primaryimage\"},\"image\":{\"@id\":\"https:\/\/www.camping-serendipite.fr\/de\/ganzjahrig-geoffneter-campingplatz-cantal\/#primaryimage\"},\"thumbnailUrl\":\"https:\/\/www.camping-serendipite.fr\/wp-content\/uploads\/2022\/06\/camping-hiver-cantal-vacances.webp\",\"datePublished\":\"2023-05-22T14:35:54+00:00\",\"dateModified\":\"2025-02-10T12:52:16+00:00\",\"breadcrumb\":{\"@id\":\"https:\/\/www.camping-serendipite.fr\/de\/ganzjahrig-geoffneter-campingplatz-cantal\/#breadcrumb\"},\"inLanguage\":\"de\",\"potentialAction\":[{\"@type\":\"ReadAction\",\"target\":[\"https:\/\/www.camping-serendipite.fr\/de\/ganzjahrig-geoffneter-campingplatz-cantal\/\"]}]},{\"@type\":\"ImageObject\",\"inLanguage\":\"de\",\"@id\":\"https:\/\/www.camping-serendipite.fr\/de\/ganzjahrig-geoffneter-campingplatz-cantal\/#primaryimage\",\"url\":\"https:\/\/www.camping-serendipite.fr\/wp-content\/uploads\/2022\/06\/camping-hiver-cantal-vacances.webp\",\"contentUrl\":\"https:\/\/www.camping-serendipite.fr\/wp-content\/uploads\/2022\/06\/camping-hiver-cantal-vacances.webp\",\"width\":2000,\"height\":1500,\"caption\":\"camping winter cantal vacances\"},{\"@type\":\"BreadcrumbList\",\"@id\":\"https:\/\/www.camping-serendipite.fr\/de\/ganzjahrig-geoffneter-campingplatz-cantal\/#breadcrumb\",\"itemListElement\":[{\"@type\":\"ListItem\",\"position\":1,\"name\":\"Camping Cantal\",\"item\":\"https:\/\/www.camping-serendipite.fr\/de\/\"},{\"@type\":\"ListItem\",\"position\":2,\"name\":\"Ganzj\u00e4hrig ge\u00f6ffneter Campingplatz im Cantal\"}]},{\"@type\":\"WebSite\",\"@id\":\"https:\/\/www.camping-serendipite.fr\/#website\",\"url\":\"https:\/\/www.camping-serendipite.fr\/\",\"name\":\"Camping S\u00e9rendipit\u00e9\",\"description\":\"\",\"publisher\":{\"@id\":\"https:\/\/www.camping-serendipite.fr\/#organization\"},\"potentialAction\":[{\"@type\":\"SearchAction\",\"target\":{\"@type\":\"EntryPoint\",\"urlTemplate\":\"https:\/\/www.camping-serendipite.fr\/?s={search_term_string}\"},\"query-input\":{\"@type\":\"PropertyValueSpecification\",\"valueRequired\":true,\"valueName\":\"search_term_string\"}}],\"inLanguage\":\"de\"},{\"@type\":\"Organization\",\"@id\":\"https:\/\/www.camping-serendipite.fr\/#organization\",\"name\":\"Camping S\u00e9rendipit\u00e9\",\"url\":\"https:\/\/www.camping-serendipite.fr\/\",\"logo\":{\"@type\":\"ImageObject\",\"inLanguage\":\"de\",\"@id\":\"https:\/\/www.camping-serendipite.fr\/#\/schema\/logo\/image\/\",\"url\":\"https:\/\/www.camping-serendipite.fr\/wp-content\/uploads\/2022\/06\/cropped-serendipite-camping-3-1.png\",\"contentUrl\":\"https:\/\/www.camping-serendipite.fr\/wp-content\/uploads\/2022\/06\/cropped-serendipite-camping-3-1.png\",\"width\":383,\"height\":461,\"caption\":\"Camping S\u00e9rendipit\u00e9\"},\"image\":{\"@id\":\"https:\/\/www.camping-serendipite.fr\/#\/schema\/logo\/image\/\"}}]}<\/script>\n<!-- \/ Yoast SEO plugin. -->","yoast_head_json":{"title":"Ganzj\u00e4hrig ge\u00f6ffneter Campingplatz Auvergne | Ganzj\u00e4hriger Campingplatz Cantal","robots":{"index":"index","follow":"follow","max-snippet":"max-snippet:-1","max-image-preview":"max-image-preview:large","max-video-preview":"max-video-preview:-1"},"canonical":"https:\/\/www.camping-serendipite.fr\/de\/ganzjahrig-geoffneter-campingplatz-cantal\/","og_locale":"de_DE","og_type":"article","og_title":"Ganzj\u00e4hrig ge\u00f6ffneter Campingplatz Auvergne | Ganzj\u00e4hriger Campingplatz Cantal","og_description":"Die H\u00fctten und Campingpl\u00e4tze sind vom 03. November 2024 bis einschlie\u00dflich 03. April 2025 geschlossen.","og_url":"https:\/\/www.camping-serendipite.fr\/de\/ganzjahrig-geoffneter-campingplatz-cantal\/","og_site_name":"Camping S\u00e9rendipit\u00e9","article_modified_time":"2025-02-10T12:52:16+00:00","og_image":[{"width":2000,"height":1500,"url":"https:\/\/www.camping-serendipite.fr\/wp-content\/uploads\/2022\/06\/camping-hiver-cantal-vacances.webp","type":"image\/webp"}],"twitter_card":"summary_large_image","twitter_misc":{"Gesch\u00e4tzte Lesezeit":"2\u00a0Minuten"},"schema":{"@context":"https:\/\/schema.org","@graph":[{"@type":"WebPage","@id":"https:\/\/www.camping-serendipite.fr\/de\/ganzjahrig-geoffneter-campingplatz-cantal\/","url":"https:\/\/www.camping-serendipite.fr\/de\/ganzjahrig-geoffneter-campingplatz-cantal\/","name":"Ganzj\u00e4hrig ge\u00f6ffneter Campingplatz Auvergne | Ganzj\u00e4hriger Campingplatz Cantal","isPartOf":{"@id":"https:\/\/www.camping-serendipite.fr\/#website"},"primaryImageOfPage":{"@id":"https:\/\/www.camping-serendipite.fr\/de\/ganzjahrig-geoffneter-campingplatz-cantal\/#primaryimage"},"image":{"@id":"https:\/\/www.camping-serendipite.fr\/de\/ganzjahrig-geoffneter-campingplatz-cantal\/#primaryimage"},"thumbnailUrl":"https:\/\/www.camping-serendipite.fr\/wp-content\/uploads\/2022\/06\/camping-hiver-cantal-vacances.webp","datePublished":"2023-05-22T14:35:54+00:00","dateModified":"2025-02-10T12:52:16+00:00","breadcrumb":{"@id":"https:\/\/www.camping-serendipite.fr\/de\/ganzjahrig-geoffneter-campingplatz-cantal\/#breadcrumb"},"inLanguage":"de","potentialAction":[{"@type":"ReadAction","target":["https:\/\/www.camping-serendipite.fr\/de\/ganzjahrig-geoffneter-campingplatz-cantal\/"]}]},{"@type":"ImageObject","inLanguage":"de","@id":"https:\/\/www.camping-serendipite.fr\/de\/ganzjahrig-geoffneter-campingplatz-cantal\/#primaryimage","url":"https:\/\/www.camping-serendipite.fr\/wp-content\/uploads\/2022\/06\/camping-hiver-cantal-vacances.webp","contentUrl":"https:\/\/www.camping-serendipite.fr\/wp-content\/uploads\/2022\/06\/camping-hiver-cantal-vacances.webp","width":2000,"height":1500,"caption":"camping winter cantal vacances"},{"@type":"BreadcrumbList","@id":"https:\/\/www.camping-serendipite.fr\/de\/ganzjahrig-geoffneter-campingplatz-cantal\/#breadcrumb","itemListElement":[{"@type":"ListItem","position":1,"name":"Camping Cantal","item":"https:\/\/www.camping-serendipite.fr\/de\/"},{"@type":"ListItem","position":2,"name":"Ganzj\u00e4hrig ge\u00f6ffneter Campingplatz im Cantal"}]},{"@type":"WebSite","@id":"https:\/\/www.camping-serendipite.fr\/#website","url":"https:\/\/www.camping-serendipite.fr\/","name":"Camping S\u00e9rendipit\u00e9","description":"","publisher":{"@id":"https:\/\/www.camping-serendipite.fr\/#organization"},"potentialAction":[{"@type":"SearchAction","target":{"@type":"EntryPoint","urlTemplate":"https:\/\/www.camping-serendipite.fr\/?s={search_term_string}"},"query-input":{"@type":"PropertyValueSpecification","valueRequired":true,"valueName":"search_term_string"}}],"inLanguage":"de"},{"@type":"Organization","@id":"https:\/\/www.camping-serendipite.fr\/#organization","name":"Camping S\u00e9rendipit\u00e9","url":"https:\/\/www.camping-serendipite.fr\/","logo":{"@type":"ImageObject","inLanguage":"de","@id":"https:\/\/www.camping-serendipite.fr\/#\/schema\/logo\/image\/","url":"https:\/\/www.camping-serendipite.fr\/wp-content\/uploads\/2022\/06\/cropped-serendipite-camping-3-1.png","contentUrl":"https:\/\/www.camping-serendipite.fr\/wp-content\/uploads\/2022\/06\/cropped-serendipite-camping-3-1.png","width":383,"height":461,"caption":"Camping S\u00e9rendipit\u00e9"},"image":{"@id":"https:\/\/www.camping-serendipite.fr\/#\/schema\/logo\/image\/"}}]}},"_links":{"self":[{"href":"https:\/\/www.camping-serendipite.fr\/de\/wp-json\/wp\/v2\/pages\/2167","targetHints":{"allow":["GET"]}}],"collection":[{"href":"https:\/\/www.camping-serendipite.fr\/de\/wp-json\/wp\/v2\/pages"}],"about":[{"href":"https:\/\/www.camping-serendipite.fr\/de\/wp-json\/wp\/v2\/types\/page"}],"author":[{"embeddable":true,"href":"https:\/\/www.camping-serendipite.fr\/de\/wp-json\/wp\/v2\/users\/1"}],"replies":[{"embeddable":true,"href":"https:\/\/www.camping-serendipite.fr\/de\/wp-json\/wp\/v2\/comments?post=2167"}],"version-history":[{"count":7,"href":"https:\/\/www.camping-serendipite.fr\/de\/wp-json\/wp\/v2\/pages\/2167\/revisions"}],"predecessor-version":[{"id":3249,"href":"https:\/\/www.camping-serendipite.fr\/de\/wp-json\/wp\/v2\/pages\/2167\/revisions\/3249"}],"wp:featuredmedia":[{"embeddable":true,"href":"https:\/\/www.camping-serendipite.fr\/de\/wp-json\/wp\/v2\/media\/2034"}],"wp:attachment":[{"href":"https:\/\/www.camping-serendipite.fr\/de\/wp-json\/wp\/v2\/media?parent=2167"}],"wp:term":[{"taxonomy":"sujet","embeddable":true,"href":"https:\/\/www.camping-serendipite.fr\/de\/wp-json\/wp\/v2\/sujet?post=2167"}],"curies":[{"name":"wp","href":"https:\/\/api.w.org\/{rel}","templated":true}]}}