{"id":2161,"date":"2023-05-22T16:37:54","date_gmt":"2023-05-22T14:37:54","guid":{"rendered":"https:\/\/www.camping-serendipite.fr\/aktivitaeten-natur-kantal\/"},"modified":"2025-02-10T13:54:00","modified_gmt":"2025-02-10T12:54:00","slug":"aktivitaeten-natur-kantal","status":"publish","type":"page","link":"https:\/\/www.camping-serendipite.fr\/de\/aktivitaeten-natur-kantal\/","title":{"rendered":"Aktivit\u00e4ten in der Natur"},"content":{"rendered":"<section id=\"aubrac\" class=\"ls-section  page-chapeau has-p-b p-b-0\" >\r\n        <div class=\"container \">\r\n        \n\n<h1 class=\"ls__heading wp-block-heading has-text-align-center deco-center\">Aktivit\u00e4ten in der N\u00e4he des Campingplatzes im Cantal<\/h1>\n\n\r\n    <\/div>\r\n<\/section><section id=\"ls-section-block_1a08b665913f8fc59dbfa37d22fc622b\" class=\"ls-section  fond-one has-p-t p-t-0\" >\r\n        <div class=\"container container--wide\">\r\n        \n\n<div class=\"wp-block-columns is-layout-flex wp-container-core-columns-is-layout-9d6595d7 wp-block-columns-is-layout-flex\">\n<div class=\"wp-block-column is-vertically-aligned-center is-layout-flow wp-block-column-is-layout-flow\" style=\"flex-basis:60%\">\n<figure class=\"wp-block-image size-full animated fadeInLeft delay-100ms slow\"><a href=\"https:\/\/www.camping-serendipite.fr\/wp-content\/uploads\/2023\/06\/camping-cantal-parc-naturel-aubrac-randonnee-e1687340421775.webp\"><img decoding=\"async\" src=\"https:\/\/www.camping-serendipite.fr\/wp-content\/uploads\/2023\/06\/camping-cantal-parc-naturel-aubrac-randonnee.webp\" alt=\"camping cantal parc naturel aubrac randonnee\" class=\"wp-image-1389\"\/><\/a><\/figure>\n<\/div>\n\n\n\n<div class=\"wp-block-column is-layout-flow wp-block-column-is-layout-flow\" style=\"flex-basis:40%\">\n<h2 class=\"ls__heading wp-block-heading deco\" id=\"aubrac\">Besuchen Sie den regionalen Naturpark Aubrac<\/h2>\n\n\n\n<p class=\"ls-paragraph\">Nur 10 Minuten vom <a href=\"https:\/\/www.camping-serendipite.fr\/de\/\">Campingplatz im Cantal<\/a> entfernt befinden Sie sich auf dem Plateau des <a href=\"https:\/\/www.parc-naturel-aubrac.fr\/\" target=\"_blank\" rel=\"noreferrer noopener nofollow\">regionalen Naturparks Aubrac<\/a>. In den W\u00e4ldern, auf den Weiden und in den Burons k\u00f6nnen Sie auf unz\u00e4hligen Wanderungen erhabene Landschaften durchstreifen.<\/p>\n\n\n\n<p class=\"ls-paragraph\">Zu den <strong>unumg\u00e4nglichen<\/strong> Sehensw\u00fcrdigkeiten geh\u00f6ren das <strong>Dorf Laguiole<\/strong> mit seinem <strong>weltber\u00fchmten Messer<\/strong> sowie die <strong>Transhumanz<\/strong>: ein einzigartiger Moment, den Sie erleben sollten.<\/p>\n\n\n\n<h2 class=\"ls__heading wp-block-heading deco\">Ihre Wasseraktivit\u00e4ten in der N\u00e4he des Campingplatzes<\/h2>\n\n\n\n<p class=\"ls-paragraph\">Zahlreiche <strong>Wassersportm\u00f6glichkeiten<\/strong> befinden sich ganz in der N\u00e4he des Campingplatzes (weniger als 5 Minuten entfernt), zur Freude von Gro\u00df und Klein!<\/p>\n\n\n\n<p class=\"ls-paragraph\">Auf dem Programm stehen: die <a href=\"https:\/\/www.basenautiquedelanau.fr\/\" target=\"_blank\" rel=\"noreferrer noopener nofollow\">Wassersportbasis in Lanau<\/a> (Paddel, Tretboot, Kanu, Elektroboot), <strong>Angeln<\/strong> und <strong>Einf\u00fchrung<\/strong> mit dem Fischereiverband des Cantal (Teiche und Fl\u00fcsse) sowie das <strong>st\u00e4dtische<\/strong> <strong>Schwimmbad<\/strong> in Lanau mit seinem Au\u00dfenbecken.<\/p>\n<\/div>\n<\/div>\n\n\r\n    <\/div>\r\n<\/section><section id=\"services\" class=\"ls-section  home-ecologie-image home-ecologie has-background-image has-parallax has-m-b m-b-10 has-p-t p-t-15 has-p-b p-b-15\" >\r\n    <div class=\"ls-section__background-image opacity-90\"><img decoding=\"async\" src=\"https:\/\/www.camping-serendipite.fr\/wp-content\/uploads\/2023\/06\/camping-cantal-parc-naturel-aubrac-1.webp\" alt=\"camping cantal naturpark aubrac\"><\/div>    <div class=\"container container--full\">\r\n        \n\n<div class=\"wp-block-columns is-layout-flex wp-container-core-columns-is-layout-9d6595d7 wp-block-columns-is-layout-flex\">\n<div class=\"wp-block-column is-vertically-aligned-center first is-layout-flow wp-block-column-is-layout-flow\">\n<div id=\"ls-heading ls-titre-div-block_9517f82779727263034a30a15ecb0c95\" class=\"ls-titre-div titre-blob aligncenter h2-like has-text-color has-color-2-color\" >\n    Halten Sie <br>in Form!<\/div>\n<\/div>\n\n\n\n<div class=\"wp-block-column second has-color-1-background-color has-background is-layout-flow wp-block-column-is-layout-flow\" style=\"flex-basis:60%\">\n<h2 class=\"ls__heading wp-block-heading has-text-align-center deco\">Die besten sportlichen Aktivit\u00e4ten in Cantal<\/h2>\n\n\n\n<p class=\"ls-paragraph\">Hier sind die <strong>besten Aktivit\u00e4ten<\/strong>, die Sie innerhalb von 15 Minuten vom Campingplatz aus unternehmen k\u00f6nnen: Trails, Canyoning, Klettersteige, Klettern, Mountainbikes und Elektro-Mountainbikes, Ultraleichtflugzeuge, Hei\u00dfluftballons, Wanderungen, Ausritte, Gyropods, Golf, Eislaufbahn und Wintersport.<\/p>\n\n\n\n<p class=\"ls-paragraph\">Etwas weiter entfernt gibt es die Velorail du C\u00e9zallier, Karting, Schienenrodeln in Le Lioran, Paragliding und vieles mehr!<\/p>\n<\/div>\n<\/div>\n\n\r\n    <\/div>\r\n<\/section><section id=\"ls-section-block_79abb525524e65ebcfb4257d4378b2ae\" class=\"ls-section  fond-three  has-p-t p-t-14 has-p-b p-b-14\" >\r\n        <div class=\"container container--wide\">\r\n        \n\n<div class=\"wp-block-columns is-layout-flex wp-container-core-columns-is-layout-9d6595d7 wp-block-columns-is-layout-flex\">\n<div class=\"wp-block-column is-vertically-aligned-center is-layout-flow wp-block-column-is-layout-flow\" style=\"flex-basis:40%\">\n<h2 class=\"ls__heading wp-block-heading deco\">Aktivit\u00e4ten f\u00fcr einen Tag f\u00fcr Ihre Kinder<\/h2>\n\n\n\n<p class=\"ls-paragraph\">F\u00fcr einen <strong>Tag mit Ihren Kleinen<\/strong> k\u00f6nnen Sie direkt neben dem Campingplatz Baumklettern, das Haus des Honigs, das Schloss von Rochebrune, Minigolf, das Wassersportzentrum und Abenteuerparcours entdecken und ausprobieren.<\/p>\n\n\n\n<p class=\"ls-paragraph\">Etwas weiter entfernt befinden sich der Wolfspark G\u00e9vaudan, das Reservat der europ\u00e4ischen Bisons und der Tierpark Auvergne.<\/p>\n\n\n\n<h2 class=\"ls__heading wp-block-heading deco\">Unsere Partner f\u00fcr Ihre Aktivit\u00e4ten<\/h2>\n\n\n\n<p class=\"ls-paragraph\">F\u00fcr dieses Jahr haben wir die Cr\u00e8me de la Cr\u00e8me f\u00fcr Sie ausgew\u00e4hlt! Unsere bevorzugten Partner werden bei unseren ber\u00fchmten K\u00e4severkostungsabenden am Samstagabend anwesend sein.<\/p>\n\n\n\n<p class=\"ls-paragraph\">Sie <strong>erhalten Erm\u00e4\u00dfigungen<\/strong> auf bestimmte Aktivit\u00e4ten in der Umgebung des Campingplatzes, die von uns getestet und f\u00fcr gut befunden wurden!<\/p>\n<\/div>\n\n\n\n<div class=\"wp-block-column is-layout-flow wp-block-column-is-layout-flow\" style=\"flex-basis:60%\">\n<figure class=\"wp-block-image size-full animated fadeInRight delay-100ms slow\"><a href=\"https:\/\/www.camping-serendipite.fr\/wp-content\/uploads\/2023\/06\/camping-proche-aubrac-vache.webp\"><img decoding=\"async\" width=\"800\" height=\"600\" src=\"https:\/\/www.camping-serendipite.fr\/wp-content\/uploads\/2023\/06\/camping-proche-aubrac-vache.webp\" alt=\"camping nahe aubrac kuh\" class=\"wp-image-1380\" srcset=\"https:\/\/www.camping-serendipite.fr\/wp-content\/uploads\/2023\/06\/camping-proche-aubrac-vache.webp 800w, https:\/\/www.camping-serendipite.fr\/wp-content\/uploads\/2023\/06\/camping-proche-aubrac-vache-300x225.webp 300w, https:\/\/www.camping-serendipite.fr\/wp-content\/uploads\/2023\/06\/camping-proche-aubrac-vache-768x576.webp 768w\" sizes=\"(max-width: 800px) 100vw, 800px\" \/><\/a><\/figure>\n<\/div>\n<\/div>\n\n\r\n    <\/div>\r\n<\/section><section id=\"ls-section-block_c644495eba4b7fcba744112b3748c479\" class=\"ls-section  page-maillage\" >\r\n        <div class=\"container container--wide\">\r\n        \n\n<div id=\"ls-heading ls-titre-div-block_e261814f8712c5882d79ab697461691f\" class=\"ls-titre-div deco-flower aligncenter h2-like\" >\n    Besuchen Sie das Cantal, die Schluchten der Truy\u00e8re und unseren Campingplatz<\/div>\n\n\n<div id=\"ls-maillage-block_43ad6f8d8fdfe52c94b07fe0b0b226e9\" class=\"ls-maillage cta-style-normal\" data-rows=\"3\">\r\n    <div class=\"wp-block-columns\"><div class=\"wp-block-column\">\n\n<a href=\"https:\/\/www.camping-serendipite.fr\/de\/camping-familien-cantal\/\" target=\"\" rel=\"noopener\" class=\"ls-cta__link\">\n\n\t<div class=\"ls-cta__image\"><img decoding=\"async\" src=\"https:\/\/www.camping-serendipite.fr\/wp-content\/uploads\/2023\/06\/camping-proche-parc-naturel-aubrac-768x576.webp\" alt=\"camping in der n\u00e4he des naturparks aubrac\"><\/div>\n\t<div class=\"ls-cta__title\">\n\t\tDer Campingplatz\t<\/div>\n\n\t\t\n<\/a><\/div><div class=\"wp-block-column\">\n\n<a href=\"https:\/\/www.camping-serendipite.fr\/de\/tourismus-schluchten-truyere\/\" target=\"\" rel=\"noopener\" class=\"ls-cta__link\">\n\n\t<div class=\"ls-cta__image\"><img decoding=\"async\" src=\"https:\/\/www.camping-serendipite.fr\/wp-content\/uploads\/2023\/06\/camping-base-nautique-lanau-gorges-truyere-canoe-cantal-bateau-e1687334289109-768x575.webp\" alt=\"camping base nautique lanau gorges truyere canoe cantal bateau\"><\/div>\n\t<div class=\"ls-cta__title\">\n\t\tSchluchten der Truy\u00e8re\t<\/div>\n\n\t\t\n<\/a><\/div><div class=\"wp-block-column\">\n\n<a href=\"https:\/\/www.camping-serendipite.fr\/de\/tourismus-cantal\/\" target=\"\" rel=\"noopener\" class=\"ls-cta__link\">\n\n\t<div class=\"ls-cta__image\"><img decoding=\"async\" src=\"https:\/\/www.camping-serendipite.fr\/wp-content\/uploads\/2023\/06\/camping-pres-du-parc-aubrac-viaduc-de-garabit-768x576.webp\" alt=\"camping pres du parc aubrac viaduc de garabit\"><\/div>\n\t<div class=\"ls-cta__title\">\n\t\tCantal\t<\/div>\n\n\t\t\n<\/a><\/div><\/div><\/div>\n\r\n    <\/div>\r\n<\/section>","protected":false},"excerpt":{"rendered":"","protected":false},"author":1,"featured_media":1983,"parent":0,"menu_order":0,"comment_status":"closed","ping_status":"closed","template":"","meta":{"_acf_changed":false,"inline_featured_image":false,"footnotes":""},"sujet":[],"class_list":["post-2161","page","type-page","status-publish","has-post-thumbnail","hentry"],"acf":[],"yoast_head":"<!-- This site is optimized with the Yoast SEO plugin v24.7 - https:\/\/yoast.com\/wordpress\/plugins\/seo\/ -->\n<title>Naturaktivit\u00e4ten in Cantal | Sportliche Aktivit\u00e4ten in der N\u00e4he des Campingplatzes<\/title>\n<meta name=\"robots\" content=\"index, follow, max-snippet:-1, max-image-preview:large, max-video-preview:-1\" \/>\n<link rel=\"canonical\" href=\"https:\/\/www.camping-serendipite.fr\/de\/aktivitaeten-natur-kantal\/\" \/>\n<meta property=\"og:locale\" content=\"de_DE\" \/>\n<meta property=\"og:type\" content=\"article\" \/>\n<meta property=\"og:title\" content=\"Naturaktivit\u00e4ten in Cantal | Sportliche Aktivit\u00e4ten in der N\u00e4he des Campingplatzes\" \/>\n<meta property=\"og:url\" content=\"https:\/\/www.camping-serendipite.fr\/de\/aktivitaeten-natur-kantal\/\" \/>\n<meta property=\"og:site_name\" content=\"Camping S\u00e9rendipit\u00e9\" \/>\n<meta property=\"article:modified_time\" content=\"2025-02-10T12:54:00+00:00\" \/>\n<meta property=\"og:image\" content=\"https:\/\/www.camping-serendipite.fr\/wp-content\/uploads\/2023\/06\/camping-cantal-activites-aerienne.webp\" \/>\n\t<meta property=\"og:image:width\" content=\"2000\" \/>\n\t<meta property=\"og:image:height\" content=\"1214\" \/>\n\t<meta property=\"og:image:type\" content=\"image\/webp\" \/>\n<meta name=\"twitter:card\" content=\"summary_large_image\" \/>\n<meta name=\"twitter:label1\" content=\"Gesch\u00e4tzte Lesezeit\" \/>\n\t<meta name=\"twitter:data1\" content=\"2\u00a0Minuten\" \/>\n<script type=\"application\/ld+json\" class=\"yoast-schema-graph\">{\"@context\":\"https:\/\/schema.org\",\"@graph\":[{\"@type\":\"WebPage\",\"@id\":\"https:\/\/www.camping-serendipite.fr\/de\/aktivitaeten-natur-kantal\/\",\"url\":\"https:\/\/www.camping-serendipite.fr\/de\/aktivitaeten-natur-kantal\/\",\"name\":\"Naturaktivit\u00e4ten in Cantal | Sportliche Aktivit\u00e4ten in der N\u00e4he des Campingplatzes\",\"isPartOf\":{\"@id\":\"https:\/\/www.camping-serendipite.fr\/#website\"},\"primaryImageOfPage\":{\"@id\":\"https:\/\/www.camping-serendipite.fr\/de\/aktivitaeten-natur-kantal\/#primaryimage\"},\"image\":{\"@id\":\"https:\/\/www.camping-serendipite.fr\/de\/aktivitaeten-natur-kantal\/#primaryimage\"},\"thumbnailUrl\":\"https:\/\/www.camping-serendipite.fr\/wp-content\/uploads\/2023\/06\/camping-cantal-activites-aerienne.webp\",\"datePublished\":\"2023-05-22T14:37:54+00:00\",\"dateModified\":\"2025-02-10T12:54:00+00:00\",\"breadcrumb\":{\"@id\":\"https:\/\/www.camping-serendipite.fr\/de\/aktivitaeten-natur-kantal\/#breadcrumb\"},\"inLanguage\":\"de\",\"potentialAction\":[{\"@type\":\"ReadAction\",\"target\":[\"https:\/\/www.camping-serendipite.fr\/de\/aktivitaeten-natur-kantal\/\"]}]},{\"@type\":\"ImageObject\",\"inLanguage\":\"de\",\"@id\":\"https:\/\/www.camping-serendipite.fr\/de\/aktivitaeten-natur-kantal\/#primaryimage\",\"url\":\"https:\/\/www.camping-serendipite.fr\/wp-content\/uploads\/2023\/06\/camping-cantal-activites-aerienne.webp\",\"contentUrl\":\"https:\/\/www.camping-serendipite.fr\/wp-content\/uploads\/2023\/06\/camping-cantal-activites-aerienne.webp\",\"width\":2000,\"height\":1214,\"caption\":\"camping cantal activites aerienne\"},{\"@type\":\"BreadcrumbList\",\"@id\":\"https:\/\/www.camping-serendipite.fr\/de\/aktivitaeten-natur-kantal\/#breadcrumb\",\"itemListElement\":[{\"@type\":\"ListItem\",\"position\":1,\"name\":\"Camping Cantal\",\"item\":\"https:\/\/www.camping-serendipite.fr\/de\/\"},{\"@type\":\"ListItem\",\"position\":2,\"name\":\"Was Sie in Cantal unternehmen k\u00f6nnen\"}]},{\"@type\":\"WebSite\",\"@id\":\"https:\/\/www.camping-serendipite.fr\/#website\",\"url\":\"https:\/\/www.camping-serendipite.fr\/\",\"name\":\"Camping S\u00e9rendipit\u00e9\",\"description\":\"\",\"publisher\":{\"@id\":\"https:\/\/www.camping-serendipite.fr\/#organization\"},\"potentialAction\":[{\"@type\":\"SearchAction\",\"target\":{\"@type\":\"EntryPoint\",\"urlTemplate\":\"https:\/\/www.camping-serendipite.fr\/?s={search_term_string}\"},\"query-input\":{\"@type\":\"PropertyValueSpecification\",\"valueRequired\":true,\"valueName\":\"search_term_string\"}}],\"inLanguage\":\"de\"},{\"@type\":\"Organization\",\"@id\":\"https:\/\/www.camping-serendipite.fr\/#organization\",\"name\":\"Camping S\u00e9rendipit\u00e9\",\"url\":\"https:\/\/www.camping-serendipite.fr\/\",\"logo\":{\"@type\":\"ImageObject\",\"inLanguage\":\"de\",\"@id\":\"https:\/\/www.camping-serendipite.fr\/#\/schema\/logo\/image\/\",\"url\":\"https:\/\/www.camping-serendipite.fr\/wp-content\/uploads\/2022\/06\/cropped-serendipite-camping-3-1.png\",\"contentUrl\":\"https:\/\/www.camping-serendipite.fr\/wp-content\/uploads\/2022\/06\/cropped-serendipite-camping-3-1.png\",\"width\":383,\"height\":461,\"caption\":\"Camping S\u00e9rendipit\u00e9\"},\"image\":{\"@id\":\"https:\/\/www.camping-serendipite.fr\/#\/schema\/logo\/image\/\"}}]}<\/script>\n<!-- \/ Yoast SEO plugin. -->","yoast_head_json":{"title":"Naturaktivit\u00e4ten in Cantal | Sportliche Aktivit\u00e4ten in der N\u00e4he des Campingplatzes","robots":{"index":"index","follow":"follow","max-snippet":"max-snippet:-1","max-image-preview":"max-image-preview:large","max-video-preview":"max-video-preview:-1"},"canonical":"https:\/\/www.camping-serendipite.fr\/de\/aktivitaeten-natur-kantal\/","og_locale":"de_DE","og_type":"article","og_title":"Naturaktivit\u00e4ten in Cantal | Sportliche Aktivit\u00e4ten in der N\u00e4he des Campingplatzes","og_url":"https:\/\/www.camping-serendipite.fr\/de\/aktivitaeten-natur-kantal\/","og_site_name":"Camping S\u00e9rendipit\u00e9","article_modified_time":"2025-02-10T12:54:00+00:00","og_image":[{"width":2000,"height":1214,"url":"https:\/\/www.camping-serendipite.fr\/wp-content\/uploads\/2023\/06\/camping-cantal-activites-aerienne.webp","type":"image\/webp"}],"twitter_card":"summary_large_image","twitter_misc":{"Gesch\u00e4tzte Lesezeit":"2\u00a0Minuten"},"schema":{"@context":"https:\/\/schema.org","@graph":[{"@type":"WebPage","@id":"https:\/\/www.camping-serendipite.fr\/de\/aktivitaeten-natur-kantal\/","url":"https:\/\/www.camping-serendipite.fr\/de\/aktivitaeten-natur-kantal\/","name":"Naturaktivit\u00e4ten in Cantal | Sportliche Aktivit\u00e4ten in der N\u00e4he des Campingplatzes","isPartOf":{"@id":"https:\/\/www.camping-serendipite.fr\/#website"},"primaryImageOfPage":{"@id":"https:\/\/www.camping-serendipite.fr\/de\/aktivitaeten-natur-kantal\/#primaryimage"},"image":{"@id":"https:\/\/www.camping-serendipite.fr\/de\/aktivitaeten-natur-kantal\/#primaryimage"},"thumbnailUrl":"https:\/\/www.camping-serendipite.fr\/wp-content\/uploads\/2023\/06\/camping-cantal-activites-aerienne.webp","datePublished":"2023-05-22T14:37:54+00:00","dateModified":"2025-02-10T12:54:00+00:00","breadcrumb":{"@id":"https:\/\/www.camping-serendipite.fr\/de\/aktivitaeten-natur-kantal\/#breadcrumb"},"inLanguage":"de","potentialAction":[{"@type":"ReadAction","target":["https:\/\/www.camping-serendipite.fr\/de\/aktivitaeten-natur-kantal\/"]}]},{"@type":"ImageObject","inLanguage":"de","@id":"https:\/\/www.camping-serendipite.fr\/de\/aktivitaeten-natur-kantal\/#primaryimage","url":"https:\/\/www.camping-serendipite.fr\/wp-content\/uploads\/2023\/06\/camping-cantal-activites-aerienne.webp","contentUrl":"https:\/\/www.camping-serendipite.fr\/wp-content\/uploads\/2023\/06\/camping-cantal-activites-aerienne.webp","width":2000,"height":1214,"caption":"camping cantal activites aerienne"},{"@type":"BreadcrumbList","@id":"https:\/\/www.camping-serendipite.fr\/de\/aktivitaeten-natur-kantal\/#breadcrumb","itemListElement":[{"@type":"ListItem","position":1,"name":"Camping Cantal","item":"https:\/\/www.camping-serendipite.fr\/de\/"},{"@type":"ListItem","position":2,"name":"Was Sie in Cantal unternehmen k\u00f6nnen"}]},{"@type":"WebSite","@id":"https:\/\/www.camping-serendipite.fr\/#website","url":"https:\/\/www.camping-serendipite.fr\/","name":"Camping S\u00e9rendipit\u00e9","description":"","publisher":{"@id":"https:\/\/www.camping-serendipite.fr\/#organization"},"potentialAction":[{"@type":"SearchAction","target":{"@type":"EntryPoint","urlTemplate":"https:\/\/www.camping-serendipite.fr\/?s={search_term_string}"},"query-input":{"@type":"PropertyValueSpecification","valueRequired":true,"valueName":"search_term_string"}}],"inLanguage":"de"},{"@type":"Organization","@id":"https:\/\/www.camping-serendipite.fr\/#organization","name":"Camping S\u00e9rendipit\u00e9","url":"https:\/\/www.camping-serendipite.fr\/","logo":{"@type":"ImageObject","inLanguage":"de","@id":"https:\/\/www.camping-serendipite.fr\/#\/schema\/logo\/image\/","url":"https:\/\/www.camping-serendipite.fr\/wp-content\/uploads\/2022\/06\/cropped-serendipite-camping-3-1.png","contentUrl":"https:\/\/www.camping-serendipite.fr\/wp-content\/uploads\/2022\/06\/cropped-serendipite-camping-3-1.png","width":383,"height":461,"caption":"Camping S\u00e9rendipit\u00e9"},"image":{"@id":"https:\/\/www.camping-serendipite.fr\/#\/schema\/logo\/image\/"}}]}},"_links":{"self":[{"href":"https:\/\/www.camping-serendipite.fr\/de\/wp-json\/wp\/v2\/pages\/2161","targetHints":{"allow":["GET"]}}],"collection":[{"href":"https:\/\/www.camping-serendipite.fr\/de\/wp-json\/wp\/v2\/pages"}],"about":[{"href":"https:\/\/www.camping-serendipite.fr\/de\/wp-json\/wp\/v2\/types\/page"}],"author":[{"embeddable":true,"href":"https:\/\/www.camping-serendipite.fr\/de\/wp-json\/wp\/v2\/users\/1"}],"replies":[{"embeddable":true,"href":"https:\/\/www.camping-serendipite.fr\/de\/wp-json\/wp\/v2\/comments?post=2161"}],"version-history":[{"count":6,"href":"https:\/\/www.camping-serendipite.fr\/de\/wp-json\/wp\/v2\/pages\/2161\/revisions"}],"predecessor-version":[{"id":3251,"href":"https:\/\/www.camping-serendipite.fr\/de\/wp-json\/wp\/v2\/pages\/2161\/revisions\/3251"}],"wp:featuredmedia":[{"embeddable":true,"href":"https:\/\/www.camping-serendipite.fr\/de\/wp-json\/wp\/v2\/media\/1983"}],"wp:attachment":[{"href":"https:\/\/www.camping-serendipite.fr\/de\/wp-json\/wp\/v2\/media?parent=2161"}],"wp:term":[{"taxonomy":"sujet","embeddable":true,"href":"https:\/\/www.camping-serendipite.fr\/de\/wp-json\/wp\/v2\/sujet?post=2161"}],"curies":[{"name":"wp","href":"https:\/\/api.w.org\/{rel}","templated":true}]}}