{"id":2159,"date":"2023-05-22T16:37:24","date_gmt":"2023-05-22T14:37:24","guid":{"rendered":"https:\/\/www.camping-serendipite.fr\/tourismus-cantal\/"},"modified":"2025-02-10T13:56:53","modified_gmt":"2025-02-10T12:56:53","slug":"tourismus-cantal","status":"publish","type":"page","link":"https:\/\/www.camping-serendipite.fr\/de\/tourismus-cantal\/","title":{"rendered":"Cantal"},"content":{"rendered":"<section id=\"ls-section-block_df3985072bffb000e44dd6b6cc4e76b2\" class=\"ls-section  page-chapeau has-p-b p-b-0\" >\r\n        <div class=\"container \">\r\n        \n\n<h1 class=\"ls__heading wp-block-heading has-text-align-center deco-center\">Ein Aufenthalt <br\/><strong>zur Entdeckung des Cantal<\/strong><\/h1>\n\n\r\n    <\/div>\r\n<\/section><section id=\"ls-section-block_923e179f6521bfdea355a6868eea95a4\" class=\"ls-section  fond-one has-p-t p-t-0\" >\r\n        <div class=\"container container--wide\">\r\n        \n\n<div class=\"wp-block-columns is-layout-flex wp-container-core-columns-is-layout-9d6595d7 wp-block-columns-is-layout-flex\">\n<div class=\"wp-block-column is-vertically-aligned-center is-layout-flow wp-block-column-is-layout-flow\" style=\"flex-basis:60%\">\n<figure class=\"wp-block-image size-full animated fadeInLeft delay-100ms slow\"><a href=\"https:\/\/www.camping-serendipite.fr\/wp-content\/uploads\/2023\/06\/camping-pres-du-parc-aubrac-viaduc-de-garabit.webp\"><img decoding=\"async\" width=\"800\" height=\"600\" src=\"https:\/\/www.camping-serendipite.fr\/wp-content\/uploads\/2023\/06\/camping-pres-du-parc-aubrac-viaduc-de-garabit.webp\" alt=\"camping pres du parc aubrac viaduc de garabit\" class=\"wp-image-1276\" srcset=\"https:\/\/www.camping-serendipite.fr\/wp-content\/uploads\/2023\/06\/camping-pres-du-parc-aubrac-viaduc-de-garabit.webp 800w, https:\/\/www.camping-serendipite.fr\/wp-content\/uploads\/2023\/06\/camping-pres-du-parc-aubrac-viaduc-de-garabit-300x225.webp 300w, https:\/\/www.camping-serendipite.fr\/wp-content\/uploads\/2023\/06\/camping-pres-du-parc-aubrac-viaduc-de-garabit-768x576.webp 768w\" sizes=\"(max-width: 800px) 100vw, 800px\" \/><\/a><\/figure>\n<\/div>\n\n\n\n<div class=\"wp-block-column is-layout-flow wp-block-column-is-layout-flow\" style=\"flex-basis:40%\">\n<h2 class=\"ls__heading wp-block-heading deco\" id=\"paysages\">Die sch\u00f6nsten Sehensw\u00fcrdigkeiten <strong>in Cantal<\/strong><\/h2>\n\n\n\n<p class=\"ls-paragraph\">Der <a href=\"https:\/\/www.camping-serendipite.fr\/de\/\">Campingplatz S\u00e9rendipit\u00e9<\/a> liegt an der <strong>legend\u00e4ren Rundstrecke durch die Monts du Cantal<\/strong>. Steigen Sie in Ihr Auto, auf Ihr Motorrad oder Fahrrad und entdecken Sie die Landschaften und die unumg\u00e4nglichen Sehensw\u00fcrdigkeiten des <strong>Cantalien-Massivs <\/strong>(Murat, Saint-Flour, Viadukt von Garabit, Prat-de-Bouc, Puy Mary, Salers, Aurillac&#8230;).  <\/p>\n\n\n\n<p class=\"ls-paragraph\">Diese<strong> au\u00dfergew\u00f6hnliche Stra\u00dfe<\/strong>, die unter <strong>Motorradfahrern<\/strong> wohlbekannt ist, f\u00fchrt am Campingplatz vorbei, bevor sie zu den P\u00e4ssen Prat-de-bouc und Pas-de-Peyrol weiterf\u00fchrt &#8230; Eine pr\u00e4chtige Reise durch die Wunder des Cantal erwartet Sie!<\/p>\n\n\n\n<p class=\"ls-paragraph\">Den <strong>Puy Mary <\/strong>zu besteigen ist ein Muss. Er enth\u00fcllt einen atemberaubenden Blick auf die Gipfel des Regionalparks der Vulkane der Auvergne.<\/p>\n\n\n\n<p class=\"ls-paragraph\">Vom Col de Prat-de-Bouc (20 Minuten vom Campingplatz entfernt) k\u00f6nnen Sie den<strong>Plomb du Cantal beste<\/strong>igen, den h\u00f6chsten Gipfel des Departements, von dem aus Sie einen herrlichen Blick auf den Puy Mary haben. Bei klarem Wetter kann man den Puy-de-D\u00f4me und sogar die Alpen sehen!<\/p>\n\n\n\n<p class=\"ls-paragraph\">Sie sollten auf jeden Fall das <strong>Aubrac-Plateau <\/strong> besuchen: gro\u00dfe Wildnis und die unumg\u00e4ngliche Stadt Laguiole, die nur 30 Minuten vom Campingplatz entfernt liegt.<\/p>\n<\/div>\n<\/div>\n\n\r\n    <\/div>\r\n<\/section><section id=\"services\" class=\"ls-section  home-ecologie-image home-ecologie has-background-image has-parallax has-p-t p-t-15 has-p-b p-b-15\" >\r\n    <div class=\"ls-section__background-image opacity-77\"><img decoding=\"async\" src=\"https:\/\/www.camping-serendipite.fr\/wp-content\/uploads\/2023\/06\/camping-cantal-volcans.webp\" alt=\"camping cantal volcans\"><\/div>    <div class=\"container container--full\">\r\n        \n\n<div class=\"wp-block-columns is-layout-flex wp-container-core-columns-is-layout-9d6595d7 wp-block-columns-is-layout-flex\">\n<div class=\"wp-block-column is-vertically-aligned-center first is-layout-flow wp-block-column-is-layout-flow\">\n<div id=\"ls-heading ls-titre-div-block_9fa286913f236271f189d968143c5e4c\" class=\"ls-titre-div titre-blob aligncenter h2-like has-text-color has-color-2-color\" >\n    Wundersch\u00f6ne Landschaften <br><\/div>\n<\/div>\n\n\n\n<div class=\"wp-block-column second has-color-1-background-color has-background is-layout-flow wp-block-column-is-layout-flow\" style=\"flex-basis:60%\">\n<h2 class=\"ls__heading wp-block-heading has-text-align-center deco\">Der regionale Naturpark Volcans d&#8217;Auvergne<\/h2>\n\n\n\n<p class=\"ls-paragraph\">Der <a href=\"https:\/\/www.parcdesvolcans.fr\/\" target=\"_blank\" rel=\"noreferrer noopener nofollow\">regionale Naturpark Volcans d&#8217;Auvergne<\/a>, der <strong>zum UNESCO-Weltnaturerbe<\/strong> geh\u00f6rt, erstreckt sich \u00fcber die D\u00e9partements Puy-de-D\u00f4me und Cantal.<\/p>\n\n\n\n<p class=\"ls-paragraph\">Der Campingplatz S\u00e9rendipit\u00e9 ist ideal gelegen, um ihn in seiner Gesamtheit zu entdecken, denn er ist nur 15 Minuten von der A75 entfernt: Sie haben also in 1,5 Stunden Zugang zu den<strong> bemerkenswerten Sehensw\u00fcrdigkeiten<\/strong> des Puy de D\u00f4me, Puy de Sancy, Lac Chambon, Vall\u00e9e de Chaudefour, Plateau du Guery und vielen anderen. Sie k\u00f6nnen auch <strong>kulturelle<\/strong> <strong>Besichtigungen<\/strong> wie das Schloss von Murol, Vulcania oder die Stadt Clermont-Ferrand machen.<\/p>\n\n\n\n<p class=\"ls-paragraph\">Entdecken Sie in einer Stunde Fahrzeit die Berge von C\u00e9zallier mit ihren Torfmooren, den Burons der Sch\u00e4fer und den bezaubernden D\u00f6rfern wie La Godivelle.<\/p>\n\n\n\n<p class=\"ls-paragraph\">Und nat\u00fcrlich d\u00fcrfen Sie die unumg\u00e4nglichen <strong>Monts du<\/strong> <strong>Cantal<\/strong> nicht vergessen, die nur einen Katzensprung vom Campingplatz entfernt sind! Ihre atemberaubenden Landschaften auf dem gr\u00f6\u00dften Stratovulkan Europas werden Sie begeistern und Lust auf einen erneuten Besuch machen.<\/p>\n<\/div>\n<\/div>\n\n\r\n    <\/div>\r\n<\/section><section id=\"ls-section-block_49176230935a9a3084045ae7277d202c\" class=\"ls-section  page-maillage\" >\r\n        <div class=\"container container--wide\">\r\n        \n\n<div id=\"ls-heading ls-titre-div-block_272e281dd7907b9147adc106e6a53599\" class=\"ls-titre-div deco-flower aligncenter h2-like\" >\n    Entdecken Sie die Schluchten der Truy\u00e8re, die Aktivit\u00e4ten und unseren \u00f6kologischen Ansatz<\/div>\n\n\n<div id=\"ls-maillage-block_0a903e1218e52458631efc056f7fd6e3\" class=\"ls-maillage cta-style-normal\" data-rows=\"3\">\r\n    <div class=\"wp-block-columns\"><div class=\"wp-block-column\">\n\n<a href=\"https:\/\/www.camping-serendipite.fr\/de\/oekologischer-camping-cantal\/\" target=\"\" rel=\"noopener\" class=\"ls-cta__link\">\n\n\t<div class=\"ls-cta__image\"><img decoding=\"async\" src=\"https:\/\/www.camping-serendipite.fr\/wp-content\/uploads\/2023\/06\/camping-auvergne-hebergement-grand-confort-exterieur-nature-768x576.webp\" alt=\"camping auvergne unterkunft hoher komfort outdoor natur\"><\/div>\n\t<div class=\"ls-cta__title\">\n\t\tUnser \u00f6kologischer Ansatz\t<\/div>\n\n\t\t\n<\/a><\/div><div class=\"wp-block-column\">\n\n<a href=\"https:\/\/www.camping-serendipite.fr\/de\/tourismus-schluchten-truyere\/\" target=\"\" rel=\"noopener\" class=\"ls-cta__link\">\n\n\t<div class=\"ls-cta__image\"><img decoding=\"async\" src=\"https:\/\/www.camping-serendipite.fr\/wp-content\/uploads\/2023\/06\/camping-base-nautique-lanau-gorges-truyere-canoe-cantal-bateau-e1687334289109-768x575.webp\" alt=\"camping base nautique lanau gorges truyere canoe cantal bateau\"><\/div>\n\t<div class=\"ls-cta__title\">\n\t\tSchluchten der Truy\u00e8re\t<\/div>\n\n\t\t\n<\/a><\/div><div class=\"wp-block-column\">\n\n<a href=\"https:\/\/www.camping-serendipite.fr\/de\/aktivitaeten-natur-kantal\/\" target=\"\" rel=\"noopener\" class=\"ls-cta__link\">\n\n\t<div class=\"ls-cta__image\"><img decoding=\"async\" src=\"https:\/\/www.camping-serendipite.fr\/wp-content\/uploads\/2023\/06\/camping-cantal-parc-naturel-aubrac-randonnee-e1687340421775-768x575.webp\" alt=\"camping cantal parc naturel aubrac randonnee\"><\/div>\n\t<div class=\"ls-cta__title\">\n\t\tAktivit\u00e4ten in der Natur\t<\/div>\n\n\t\t\n<\/a><\/div><\/div><\/div>\n\r\n    <\/div>\r\n<\/section>","protected":false},"excerpt":{"rendered":"","protected":false},"author":1,"featured_media":2021,"parent":0,"menu_order":0,"comment_status":"closed","ping_status":"closed","template":"","meta":{"_acf_changed":false,"inline_featured_image":false,"footnotes":""},"sujet":[],"class_list":["post-2159","page","type-page","status-publish","has-post-thumbnail","hentry"],"acf":[],"yoast_head":"<!-- This site is optimized with the Yoast SEO plugin v24.7 - https:\/\/yoast.com\/wordpress\/plugins\/seo\/ -->\n<title>Cantal entdecken | Aktivit\u00e4ten, Besichtigungen und Sehensw\u00fcrdigkeiten im Cantal<\/title>\n<meta name=\"robots\" content=\"index, follow, max-snippet:-1, max-image-preview:large, max-video-preview:-1\" \/>\n<link rel=\"canonical\" href=\"https:\/\/www.camping-serendipite.fr\/de\/tourismus-cantal\/\" \/>\n<meta property=\"og:locale\" content=\"de_DE\" \/>\n<meta property=\"og:type\" content=\"article\" \/>\n<meta property=\"og:title\" content=\"Cantal entdecken | Aktivit\u00e4ten, Besichtigungen und Sehensw\u00fcrdigkeiten im Cantal\" \/>\n<meta property=\"og:url\" content=\"https:\/\/www.camping-serendipite.fr\/de\/tourismus-cantal\/\" \/>\n<meta property=\"og:site_name\" content=\"Camping S\u00e9rendipit\u00e9\" \/>\n<meta property=\"article:modified_time\" content=\"2025-02-10T12:56:53+00:00\" \/>\n<meta property=\"og:image\" content=\"https:\/\/www.camping-serendipite.fr\/wp-content\/uploads\/2023\/06\/camping-cantal-chateau-e1687416811450.webp\" \/>\n\t<meta property=\"og:image:width\" content=\"2000\" \/>\n\t<meta property=\"og:image:height\" content=\"1000\" \/>\n\t<meta property=\"og:image:type\" content=\"image\/webp\" \/>\n<meta name=\"twitter:card\" content=\"summary_large_image\" \/>\n<meta name=\"twitter:label1\" content=\"Gesch\u00e4tzte Lesezeit\" \/>\n\t<meta name=\"twitter:data1\" content=\"2\u00a0Minuten\" \/>\n<script type=\"application\/ld+json\" class=\"yoast-schema-graph\">{\"@context\":\"https:\/\/schema.org\",\"@graph\":[{\"@type\":\"WebPage\",\"@id\":\"https:\/\/www.camping-serendipite.fr\/de\/tourismus-cantal\/\",\"url\":\"https:\/\/www.camping-serendipite.fr\/de\/tourismus-cantal\/\",\"name\":\"Cantal entdecken | Aktivit\u00e4ten, Besichtigungen und Sehensw\u00fcrdigkeiten im Cantal\",\"isPartOf\":{\"@id\":\"https:\/\/www.camping-serendipite.fr\/#website\"},\"primaryImageOfPage\":{\"@id\":\"https:\/\/www.camping-serendipite.fr\/de\/tourismus-cantal\/#primaryimage\"},\"image\":{\"@id\":\"https:\/\/www.camping-serendipite.fr\/de\/tourismus-cantal\/#primaryimage\"},\"thumbnailUrl\":\"https:\/\/www.camping-serendipite.fr\/wp-content\/uploads\/2023\/06\/camping-cantal-chateau-e1687416811450.webp\",\"datePublished\":\"2023-05-22T14:37:24+00:00\",\"dateModified\":\"2025-02-10T12:56:53+00:00\",\"breadcrumb\":{\"@id\":\"https:\/\/www.camping-serendipite.fr\/de\/tourismus-cantal\/#breadcrumb\"},\"inLanguage\":\"de\",\"potentialAction\":[{\"@type\":\"ReadAction\",\"target\":[\"https:\/\/www.camping-serendipite.fr\/de\/tourismus-cantal\/\"]}]},{\"@type\":\"ImageObject\",\"inLanguage\":\"de\",\"@id\":\"https:\/\/www.camping-serendipite.fr\/de\/tourismus-cantal\/#primaryimage\",\"url\":\"https:\/\/www.camping-serendipite.fr\/wp-content\/uploads\/2023\/06\/camping-cantal-chateau-e1687416811450.webp\",\"contentUrl\":\"https:\/\/www.camping-serendipite.fr\/wp-content\/uploads\/2023\/06\/camping-cantal-chateau-e1687416811450.webp\",\"width\":2000,\"height\":1000,\"caption\":\"camping cantal chateau\"},{\"@type\":\"BreadcrumbList\",\"@id\":\"https:\/\/www.camping-serendipite.fr\/de\/tourismus-cantal\/#breadcrumb\",\"itemListElement\":[{\"@type\":\"ListItem\",\"position\":1,\"name\":\"Camping Cantal\",\"item\":\"https:\/\/www.camping-serendipite.fr\/de\/\"},{\"@type\":\"ListItem\",\"position\":2,\"name\":\"Tourismus im Cantal\"}]},{\"@type\":\"WebSite\",\"@id\":\"https:\/\/www.camping-serendipite.fr\/#website\",\"url\":\"https:\/\/www.camping-serendipite.fr\/\",\"name\":\"Camping S\u00e9rendipit\u00e9\",\"description\":\"\",\"publisher\":{\"@id\":\"https:\/\/www.camping-serendipite.fr\/#organization\"},\"potentialAction\":[{\"@type\":\"SearchAction\",\"target\":{\"@type\":\"EntryPoint\",\"urlTemplate\":\"https:\/\/www.camping-serendipite.fr\/?s={search_term_string}\"},\"query-input\":{\"@type\":\"PropertyValueSpecification\",\"valueRequired\":true,\"valueName\":\"search_term_string\"}}],\"inLanguage\":\"de\"},{\"@type\":\"Organization\",\"@id\":\"https:\/\/www.camping-serendipite.fr\/#organization\",\"name\":\"Camping S\u00e9rendipit\u00e9\",\"url\":\"https:\/\/www.camping-serendipite.fr\/\",\"logo\":{\"@type\":\"ImageObject\",\"inLanguage\":\"de\",\"@id\":\"https:\/\/www.camping-serendipite.fr\/#\/schema\/logo\/image\/\",\"url\":\"https:\/\/www.camping-serendipite.fr\/wp-content\/uploads\/2022\/06\/cropped-serendipite-camping-3-1.png\",\"contentUrl\":\"https:\/\/www.camping-serendipite.fr\/wp-content\/uploads\/2022\/06\/cropped-serendipite-camping-3-1.png\",\"width\":383,\"height\":461,\"caption\":\"Camping S\u00e9rendipit\u00e9\"},\"image\":{\"@id\":\"https:\/\/www.camping-serendipite.fr\/#\/schema\/logo\/image\/\"}}]}<\/script>\n<!-- \/ Yoast SEO plugin. -->","yoast_head_json":{"title":"Cantal entdecken | Aktivit\u00e4ten, Besichtigungen und Sehensw\u00fcrdigkeiten im Cantal","robots":{"index":"index","follow":"follow","max-snippet":"max-snippet:-1","max-image-preview":"max-image-preview:large","max-video-preview":"max-video-preview:-1"},"canonical":"https:\/\/www.camping-serendipite.fr\/de\/tourismus-cantal\/","og_locale":"de_DE","og_type":"article","og_title":"Cantal entdecken | Aktivit\u00e4ten, Besichtigungen und Sehensw\u00fcrdigkeiten im Cantal","og_url":"https:\/\/www.camping-serendipite.fr\/de\/tourismus-cantal\/","og_site_name":"Camping S\u00e9rendipit\u00e9","article_modified_time":"2025-02-10T12:56:53+00:00","og_image":[{"width":2000,"height":1000,"url":"https:\/\/www.camping-serendipite.fr\/wp-content\/uploads\/2023\/06\/camping-cantal-chateau-e1687416811450.webp","type":"image\/webp"}],"twitter_card":"summary_large_image","twitter_misc":{"Gesch\u00e4tzte Lesezeit":"2\u00a0Minuten"},"schema":{"@context":"https:\/\/schema.org","@graph":[{"@type":"WebPage","@id":"https:\/\/www.camping-serendipite.fr\/de\/tourismus-cantal\/","url":"https:\/\/www.camping-serendipite.fr\/de\/tourismus-cantal\/","name":"Cantal entdecken | Aktivit\u00e4ten, Besichtigungen und Sehensw\u00fcrdigkeiten im Cantal","isPartOf":{"@id":"https:\/\/www.camping-serendipite.fr\/#website"},"primaryImageOfPage":{"@id":"https:\/\/www.camping-serendipite.fr\/de\/tourismus-cantal\/#primaryimage"},"image":{"@id":"https:\/\/www.camping-serendipite.fr\/de\/tourismus-cantal\/#primaryimage"},"thumbnailUrl":"https:\/\/www.camping-serendipite.fr\/wp-content\/uploads\/2023\/06\/camping-cantal-chateau-e1687416811450.webp","datePublished":"2023-05-22T14:37:24+00:00","dateModified":"2025-02-10T12:56:53+00:00","breadcrumb":{"@id":"https:\/\/www.camping-serendipite.fr\/de\/tourismus-cantal\/#breadcrumb"},"inLanguage":"de","potentialAction":[{"@type":"ReadAction","target":["https:\/\/www.camping-serendipite.fr\/de\/tourismus-cantal\/"]}]},{"@type":"ImageObject","inLanguage":"de","@id":"https:\/\/www.camping-serendipite.fr\/de\/tourismus-cantal\/#primaryimage","url":"https:\/\/www.camping-serendipite.fr\/wp-content\/uploads\/2023\/06\/camping-cantal-chateau-e1687416811450.webp","contentUrl":"https:\/\/www.camping-serendipite.fr\/wp-content\/uploads\/2023\/06\/camping-cantal-chateau-e1687416811450.webp","width":2000,"height":1000,"caption":"camping cantal chateau"},{"@type":"BreadcrumbList","@id":"https:\/\/www.camping-serendipite.fr\/de\/tourismus-cantal\/#breadcrumb","itemListElement":[{"@type":"ListItem","position":1,"name":"Camping Cantal","item":"https:\/\/www.camping-serendipite.fr\/de\/"},{"@type":"ListItem","position":2,"name":"Tourismus im Cantal"}]},{"@type":"WebSite","@id":"https:\/\/www.camping-serendipite.fr\/#website","url":"https:\/\/www.camping-serendipite.fr\/","name":"Camping S\u00e9rendipit\u00e9","description":"","publisher":{"@id":"https:\/\/www.camping-serendipite.fr\/#organization"},"potentialAction":[{"@type":"SearchAction","target":{"@type":"EntryPoint","urlTemplate":"https:\/\/www.camping-serendipite.fr\/?s={search_term_string}"},"query-input":{"@type":"PropertyValueSpecification","valueRequired":true,"valueName":"search_term_string"}}],"inLanguage":"de"},{"@type":"Organization","@id":"https:\/\/www.camping-serendipite.fr\/#organization","name":"Camping S\u00e9rendipit\u00e9","url":"https:\/\/www.camping-serendipite.fr\/","logo":{"@type":"ImageObject","inLanguage":"de","@id":"https:\/\/www.camping-serendipite.fr\/#\/schema\/logo\/image\/","url":"https:\/\/www.camping-serendipite.fr\/wp-content\/uploads\/2022\/06\/cropped-serendipite-camping-3-1.png","contentUrl":"https:\/\/www.camping-serendipite.fr\/wp-content\/uploads\/2022\/06\/cropped-serendipite-camping-3-1.png","width":383,"height":461,"caption":"Camping S\u00e9rendipit\u00e9"},"image":{"@id":"https:\/\/www.camping-serendipite.fr\/#\/schema\/logo\/image\/"}}]}},"_links":{"self":[{"href":"https:\/\/www.camping-serendipite.fr\/de\/wp-json\/wp\/v2\/pages\/2159","targetHints":{"allow":["GET"]}}],"collection":[{"href":"https:\/\/www.camping-serendipite.fr\/de\/wp-json\/wp\/v2\/pages"}],"about":[{"href":"https:\/\/www.camping-serendipite.fr\/de\/wp-json\/wp\/v2\/types\/page"}],"author":[{"embeddable":true,"href":"https:\/\/www.camping-serendipite.fr\/de\/wp-json\/wp\/v2\/users\/1"}],"replies":[{"embeddable":true,"href":"https:\/\/www.camping-serendipite.fr\/de\/wp-json\/wp\/v2\/comments?post=2159"}],"version-history":[{"count":5,"href":"https:\/\/www.camping-serendipite.fr\/de\/wp-json\/wp\/v2\/pages\/2159\/revisions"}],"predecessor-version":[{"id":3255,"href":"https:\/\/www.camping-serendipite.fr\/de\/wp-json\/wp\/v2\/pages\/2159\/revisions\/3255"}],"wp:featuredmedia":[{"embeddable":true,"href":"https:\/\/www.camping-serendipite.fr\/de\/wp-json\/wp\/v2\/media\/2021"}],"wp:attachment":[{"href":"https:\/\/www.camping-serendipite.fr\/de\/wp-json\/wp\/v2\/media?parent=2159"}],"wp:term":[{"taxonomy":"sujet","embeddable":true,"href":"https:\/\/www.camping-serendipite.fr\/de\/wp-json\/wp\/v2\/sujet?post=2159"}],"curies":[{"name":"wp","href":"https:\/\/api.w.org\/{rel}","templated":true}]}}