{"id":2115,"date":"2023-05-22T16:28:48","date_gmt":"2023-05-22T14:28:48","guid":{"rendered":"https:\/\/www.camping-serendipite.fr\/oekologischer-camping-cantal\/"},"modified":"2025-02-10T14:12:57","modified_gmt":"2025-02-10T13:12:57","slug":"oekologischer-camping-cantal","status":"publish","type":"page","link":"https:\/\/www.camping-serendipite.fr\/de\/oekologischer-camping-cantal\/","title":{"rendered":"Unser \u00f6kologischer Ansatz"},"content":{"rendered":"<section id=\"ls-section-block_2f56ee438b470c536d627ad10a0cc955\" class=\"ls-section  page-chapeau has-p-b p-b-0\" >\r\n        <div class=\"container \">\r\n        \n\n<h1 class=\"ls__heading wp-block-heading has-text-align-center deco-center\">\u00d6kologisch engagierter Campingplatz <br\/><strong>im Cantal<\/strong><\/h1>\n\n\r\n    <\/div>\r\n<\/section><section id=\"ls-section-block_f3f0419193db97a55e13a771e7c21961\" class=\"ls-section  fond-one has-p-t p-t-0\" >\r\n        <div class=\"container container--wide\">\r\n        \n\n<div class=\"wp-block-columns is-layout-flex wp-container-core-columns-is-layout-9d6595d7 wp-block-columns-is-layout-flex\">\n<div class=\"wp-block-column is-vertically-aligned-center is-layout-flow wp-block-column-is-layout-flow\" style=\"flex-basis:60%\">\n<figure class=\"wp-block-image size-full animated fadeInLeft delay-100ms slow\"><a href=\"https:\/\/www.camping-serendipite.fr\/wp-content\/uploads\/2023\/06\/camping-auvergne-hebergement-grand-confort-exterieur-nature.webp\"><img decoding=\"async\" width=\"800\" height=\"600\" src=\"https:\/\/www.camping-serendipite.fr\/wp-content\/uploads\/2023\/06\/camping-auvergne-hebergement-grand-confort-exterieur-nature.webp\" alt=\"camping auvergne unterkunft hoher komfort outdoor natur\" class=\"wp-image-1439\" srcset=\"https:\/\/www.camping-serendipite.fr\/wp-content\/uploads\/2023\/06\/camping-auvergne-hebergement-grand-confort-exterieur-nature.webp 800w, https:\/\/www.camping-serendipite.fr\/wp-content\/uploads\/2023\/06\/camping-auvergne-hebergement-grand-confort-exterieur-nature-300x225.webp 300w, https:\/\/www.camping-serendipite.fr\/wp-content\/uploads\/2023\/06\/camping-auvergne-hebergement-grand-confort-exterieur-nature-768x576.webp 768w\" sizes=\"(max-width: 800px) 100vw, 800px\" \/><\/a><\/figure>\n<\/div>\n\n\n\n<div class=\"wp-block-column is-vertically-aligned-center is-layout-flow wp-block-column-is-layout-flow\" style=\"flex-basis:40%\">\n<h2 class=\"ls__heading wp-block-heading deco\">Unsere \u00f6kologischen Verpflichtungen auf dem Campingplatz in <strong>der N\u00e4he des regionalen Naturparks Volcans d&#8217;Auvergne<\/strong><\/h2>\n\n\n\n<p class=\"ls-paragraph\">Der <a href=\"https:\/\/www.camping-serendipite.fr\/de\/\">Campingplatz S\u00e9rendipit\u00e9 im Departement Cantal<\/a> hat sich einem \u00f6kologischen Ansatz verschrieben, nicht um Begeisterung zu erzeugen, sondern aus \u00dcberzeugung.<\/p>\n\n\n\n<p class=\"ls-paragraph\">Hier sind unsere <strong>wichtigsten Verpflichtungen<\/strong>:<\/p>\n\n\n\n<ul class=\"ls-list wp-block-list\">\n<li><strong>\u00d6ko-zertifizierte Reinigungsmittel<\/strong> mit wiederverwendbaren Flaschen.<\/li>\n\n\n\n<li><strong>Neue, in Frankreich hergestellte Mietunterk\u00fcnfte<\/strong>, die mit Holz aus \u00f6kologisch bewirtschafteten W\u00e4ldern entworfen wurden: eine ethische Alternative zu Mobilheimen.<\/li>\n\n\n\n<li>Eine Sensibilisierung f\u00fcr den <strong>Umgang<\/strong> <strong>mit<\/strong> <strong>Abfall<\/strong>: Kompostierung, M\u00fclltrennung und keine Verwendung von Wegwerfw\u00e4sche.<\/li>\n\n\n\n<li>Ein vern\u00fcnftiges <strong>Energiemanagement<\/strong> (Wasser und Strom): wassersparende Mischbatterien, Energiesparlampen und Sensibilisierung <strong>f\u00fcr<\/strong> gute Praktiken.<\/li>\n\n\n\n<li><strong>Circourts<\/strong>: Einkauf bei lokalen Produzenten, Lieferanten und Designern (f\u00fcr Lebensmittel, Snacks, Souvenirs usw.).<\/li>\n<\/ul>\n<\/div>\n<\/div>\n\n\r\n    <\/div>\r\n<\/section><section id=\"services\" class=\"ls-section  home-ecologie-image home-ecologie has-parallax has-p-t p-t-15 has-p-b p-b-15\" >\r\n        <div class=\"container container--full\">\r\n        \n\n<div class=\"wp-block-columns is-layout-flex wp-container-core-columns-is-layout-9d6595d7 wp-block-columns-is-layout-flex\">\n<div class=\"wp-block-column is-vertically-aligned-center first is-layout-flow wp-block-column-is-layout-flow\">\n<div id=\"ls-heading ls-titre-div-block_a68db751aa7b41dad0e5893a989b4ee8\" class=\"ls-titre-div titre-blob aligncenter h2-like has-text-color has-color-2-color\" >\n    Ein \u00f6kologisches Engagement <br><\/div>\n<\/div>\n\n\n\n<div class=\"wp-block-column second has-color-1-background-color has-background is-layout-flow wp-block-column-is-layout-flow\" style=\"flex-basis:60%\">\n<h2 class=\"ls__heading wp-block-heading has-text-align-center deco\">Die \u00f6kologischen Aktionen des Campingplatzes<\/h2>\n\n\n\n<p class=\"ls-paragraph\">Wir sind dabei, eine Reihe von Ma\u00dfnahmen zu ergreifen, um bis zur Saison 2025<strong>ein Umwelt-<\/strong> und <strong>Qualit\u00e4tssiegel<\/strong> zu<strong>erhalten<\/strong>.  <\/p>\n\n\n\n<p class=\"ls-paragraph\">Dies sind die <strong>vier<\/strong> <strong>Schwerpunkte<\/strong>, auf die wir uns konzentrieren:<\/p>\n\n\n\n<ul class=\"ls-list wp-block-list\">\n<li><strong>Empfang<\/strong>: verf\u00fcgbar, informiert und effizient sein, um dazu beizutragen, dass Ihr Aufenthalt ruhig, organisiert und angenehm verl\u00e4uft.<\/li>\n\n\n\n<li><strong>Sauberkeit<\/strong>: Pflege und Reinigung der Gemeinschaftsbereiche, Stellpl\u00e4tze und Chalets mehrmals t\u00e4glich.<\/li>\n\n\n\n<li><strong>den Standort<\/strong>: Wir haben uns verpflichtet, das Land zu erhalten und es mit Respekt und Schutz zu behandeln. Daher ist die landschaftliche Integration der Einrichtungen f\u00fcr uns von gr\u00f6\u00dfter Bedeutung. <\/li>\n\n\n\n<li><strong>die Umwelt<\/strong>: Unser Management ist \u00f6ko-verantwortlich, ethisch und nachhaltig.<\/li>\n<\/ul>\n\n\n\n<p class=\"ls-paragraph\">Wir sind st\u00e4ndig bem\u00fcht, uns als Verwalter zu verbessern, indem wir diese wunderbare Seite hervorheben!<\/p>\n<\/div>\n<\/div>\n\n\r\n    <\/div>\r\n<\/section><section id=\"ls-section-block_18b2d50973845f9c87d7c96d09d6df57\" class=\"ls-section  fond-three has-p-t p-t-14 has-p-b p-b-14\" >\r\n        <div class=\"container container--wide\">\r\n        \n\n<div class=\"wp-block-columns is-layout-flex wp-container-core-columns-is-layout-9d6595d7 wp-block-columns-is-layout-flex\">\n<div class=\"wp-block-column is-vertically-aligned-center is-layout-flow wp-block-column-is-layout-flow\" style=\"flex-basis:40%\">\n<h2 class=\"ls__heading wp-block-heading deco\"><strong>Der<\/strong> \u00f6kologische Ansatz<br\/><strong>des Campingplatzes<\/strong><\/h2>\n\n\n\n<p class=\"ls-paragraph\">Unsere Handlungen und Entscheidungen stehen im Einklang mit unseren Verpflichtungen.<\/p>\n\n\n\n<p class=\"ls-paragraph\">Hier gibt es keine Wohnmobilparks! Wussten Sie, dass allein die Vermietung 70 % der Umweltauswirkungen einer Outdoor-Einrichtung ausmacht? Aus diesem Grund haben wir uns daf\u00fcr entschieden, <strong>nur<\/strong> <strong>einige wenige<\/strong> <strong>Chalets<\/strong> aufzustellen.<\/p>\n\n\n\n<p class=\"ls-paragraph\">Wir haben uns auch gegen <strong>einen Swimmingpool <\/strong>entschieden, um<strong> die Umweltbelastung zu reduzieren<\/strong> (in unserer H\u00f6he m\u00fcssen Swimmingpools immer beheizt werden).<\/p>\n\n\n\n<p class=\"ls-paragraph\">Au\u00dferdem<strong> verwalten<\/strong> wir<strong> den Park \u00f6kologisch<\/strong>: keine Unkrautvernichtungsmittel oder andere sch\u00e4dliche Produkte. Der Campingplatz Serendipit\u00e9 befindet sich in der<strong> am wenigsten verschmutzten geografischen Zone Frankreichs <\/strong>und wir m\u00f6chten diese Reinheit bewahren.<\/p>\n<\/div>\n\n\n\n<div class=\"wp-block-column is-layout-flow wp-block-column-is-layout-flow\" style=\"flex-basis:60%\">\n<figure class=\"wp-block-image size-full animated fadeInRight delay-100ms slow\"><a href=\"https:\/\/www.camping-serendipite.fr\/wp-content\/uploads\/2023\/06\/camping-serendipite-un-camping-avec-des-demarches-ecologiques.webp\"><img decoding=\"async\" width=\"800\" height=\"582\" src=\"https:\/\/www.camping-serendipite.fr\/wp-content\/uploads\/2023\/06\/camping-serendipite-un-camping-avec-des-demarches-ecologiques.webp\" alt=\"camping in der auvergne natur\" class=\"wp-image-733\" srcset=\"https:\/\/www.camping-serendipite.fr\/wp-content\/uploads\/2023\/06\/camping-serendipite-un-camping-avec-des-demarches-ecologiques.webp 800w, https:\/\/www.camping-serendipite.fr\/wp-content\/uploads\/2023\/06\/camping-serendipite-un-camping-avec-des-demarches-ecologiques-300x218.webp 300w, https:\/\/www.camping-serendipite.fr\/wp-content\/uploads\/2023\/06\/camping-serendipite-un-camping-avec-des-demarches-ecologiques-768x559.webp 768w\" sizes=\"(max-width: 800px) 100vw, 800px\" \/><\/a><\/figure>\n<\/div>\n<\/div>\n\n\r\n    <\/div>\r\n<\/section><section id=\"ls-section-block_5eb886a3e9390aa99565fd70d8d75e8b\" class=\"ls-section  page-maillage\" >\r\n        <div class=\"container container--wide\">\r\n        \n\n<div id=\"ls-heading ls-titre-div-block_216b07772c71b3ff8b186bc4128115b4\" class=\"ls-titre-div deco-flower aligncenter h2-like\" >\n    Entdecken Sie die Aktivit\u00e4ten, die Chalets und die Preise unseres Campingplatzes<\/div>\n\n\n<div id=\"ls-maillage-block_3396fa809e396fe578b7d33769f1b45b\" class=\"ls-maillage cta-style-normal\" data-rows=\"3\">\r\n    <div class=\"wp-block-columns\"><div class=\"wp-block-column\">\n\n<a href=\"https:\/\/www.camping-serendipite.fr\/de\/vermietung-unterkunft-cantal\/\" target=\"\" rel=\"noopener\" class=\"ls-cta__link\">\n\n\t<div class=\"ls-cta__image\"><img decoding=\"async\" src=\"https:\/\/www.camping-serendipite.fr\/wp-content\/uploads\/2023\/06\/location-chalets-cantal-768x576.webp\" alt=\"location chalets cantal\"><\/div>\n\t<div class=\"ls-cta__title\">\n\t\tChalets &amp; Pods\t<\/div>\n\n\t\t\n<\/a><\/div><div class=\"wp-block-column\">\n\n<a href=\"https:\/\/www.camping-serendipite.fr\/de\/gunstiger-campingplatz-cantal\/\" target=\"\" rel=\"noopener\" class=\"ls-cta__link\">\n\n\t<div class=\"ls-cta__image\"><img decoding=\"async\" src=\"https:\/\/www.camping-serendipite.fr\/wp-content\/uploads\/2023\/06\/camping-pas-cher-aubrac-1-768x500.webp\" alt=\"camping billig aubrac\"><\/div>\n\t<div class=\"ls-cta__title\">\n\t\tTarife\t<\/div>\n\n\t\t\n<\/a><\/div><div class=\"wp-block-column\">\n\n<a href=\"https:\/\/www.camping-serendipite.fr\/de\/aktivitaeten-natur-kantal\/\" target=\"\" rel=\"noopener\" class=\"ls-cta__link\">\n\n\t<div class=\"ls-cta__image\"><img decoding=\"async\" src=\"https:\/\/www.camping-serendipite.fr\/wp-content\/uploads\/2023\/06\/camping-cantal-parc-naturel-aubrac-randonnee-e1687340421775-768x575.webp\" alt=\"camping cantal parc naturel aubrac randonnee\"><\/div>\n\t<div class=\"ls-cta__title\">\n\t\tAktivit\u00e4ten in der Natur\t<\/div>\n\n\t\t\n<\/a><\/div><\/div><\/div>\n\r\n    <\/div>\r\n<\/section>","protected":false},"excerpt":{"rendered":"","protected":false},"author":1,"featured_media":2857,"parent":0,"menu_order":0,"comment_status":"closed","ping_status":"closed","template":"","meta":{"_acf_changed":false,"inline_featured_image":false,"footnotes":""},"sujet":[],"class_list":["post-2115","page","type-page","status-publish","has-post-thumbnail","hentry"],"acf":[],"yoast_head":"<!-- This site is optimized with the Yoast SEO plugin v24.7 - https:\/\/yoast.com\/wordpress\/plugins\/seo\/ -->\n<title>\u00d6kologischer Campingplatz Vulkane Auvergne | \u00d6kologischer Campingplatz Cantal<\/title>\n<meta name=\"robots\" content=\"index, follow, max-snippet:-1, max-image-preview:large, max-video-preview:-1\" \/>\n<link rel=\"canonical\" href=\"https:\/\/www.camping-serendipite.fr\/de\/oekologischer-camping-cantal\/\" \/>\n<meta property=\"og:locale\" content=\"de_DE\" \/>\n<meta property=\"og:type\" content=\"article\" \/>\n<meta property=\"og:title\" content=\"\u00d6kologischer Campingplatz Vulkane Auvergne | \u00d6kologischer Campingplatz Cantal\" \/>\n<meta property=\"og:url\" content=\"https:\/\/www.camping-serendipite.fr\/de\/oekologischer-camping-cantal\/\" \/>\n<meta property=\"og:site_name\" content=\"Camping S\u00e9rendipit\u00e9\" \/>\n<meta property=\"article:modified_time\" content=\"2025-02-10T13:12:57+00:00\" \/>\n<meta property=\"og:image\" content=\"https:\/\/www.camping-serendipite.fr\/wp-content\/uploads\/2024\/02\/IMG_0623-1-2-scaled-e1708617694564.jpg\" \/>\n\t<meta property=\"og:image:width\" content=\"2560\" \/>\n\t<meta property=\"og:image:height\" content=\"1920\" \/>\n\t<meta property=\"og:image:type\" content=\"image\/jpeg\" \/>\n<meta name=\"twitter:card\" content=\"summary_large_image\" \/>\n<meta name=\"twitter:label1\" content=\"Gesch\u00e4tzte Lesezeit\" \/>\n\t<meta name=\"twitter:data1\" content=\"2\u00a0Minuten\" \/>\n<script type=\"application\/ld+json\" class=\"yoast-schema-graph\">{\"@context\":\"https:\/\/schema.org\",\"@graph\":[{\"@type\":\"WebPage\",\"@id\":\"https:\/\/www.camping-serendipite.fr\/de\/oekologischer-camping-cantal\/\",\"url\":\"https:\/\/www.camping-serendipite.fr\/de\/oekologischer-camping-cantal\/\",\"name\":\"\u00d6kologischer Campingplatz Vulkane Auvergne | \u00d6kologischer Campingplatz Cantal\",\"isPartOf\":{\"@id\":\"https:\/\/www.camping-serendipite.fr\/#website\"},\"primaryImageOfPage\":{\"@id\":\"https:\/\/www.camping-serendipite.fr\/de\/oekologischer-camping-cantal\/#primaryimage\"},\"image\":{\"@id\":\"https:\/\/www.camping-serendipite.fr\/de\/oekologischer-camping-cantal\/#primaryimage\"},\"thumbnailUrl\":\"https:\/\/www.camping-serendipite.fr\/wp-content\/uploads\/2024\/02\/IMG_0623-1-2-scaled-e1708617694564.jpg\",\"datePublished\":\"2023-05-22T14:28:48+00:00\",\"dateModified\":\"2025-02-10T13:12:57+00:00\",\"breadcrumb\":{\"@id\":\"https:\/\/www.camping-serendipite.fr\/de\/oekologischer-camping-cantal\/#breadcrumb\"},\"inLanguage\":\"de\",\"potentialAction\":[{\"@type\":\"ReadAction\",\"target\":[\"https:\/\/www.camping-serendipite.fr\/de\/oekologischer-camping-cantal\/\"]}]},{\"@type\":\"ImageObject\",\"inLanguage\":\"de\",\"@id\":\"https:\/\/www.camping-serendipite.fr\/de\/oekologischer-camping-cantal\/#primaryimage\",\"url\":\"https:\/\/www.camping-serendipite.fr\/wp-content\/uploads\/2024\/02\/IMG_0623-1-2-scaled-e1708617694564.jpg\",\"contentUrl\":\"https:\/\/www.camping-serendipite.fr\/wp-content\/uploads\/2024\/02\/IMG_0623-1-2-scaled-e1708617694564.jpg\",\"width\":2560,\"height\":1920,\"caption\":\"IMG 0623 (1) (2)\"},{\"@type\":\"BreadcrumbList\",\"@id\":\"https:\/\/www.camping-serendipite.fr\/de\/oekologischer-camping-cantal\/#breadcrumb\",\"itemListElement\":[{\"@type\":\"ListItem\",\"position\":1,\"name\":\"Camping Cantal\",\"item\":\"https:\/\/www.camping-serendipite.fr\/de\/\"},{\"@type\":\"ListItem\",\"position\":2,\"name\":\"\u00d6kologischer Campingplatz in der N\u00e4he der Vulkane Auvergne\"}]},{\"@type\":\"WebSite\",\"@id\":\"https:\/\/www.camping-serendipite.fr\/#website\",\"url\":\"https:\/\/www.camping-serendipite.fr\/\",\"name\":\"Camping S\u00e9rendipit\u00e9\",\"description\":\"\",\"publisher\":{\"@id\":\"https:\/\/www.camping-serendipite.fr\/#organization\"},\"potentialAction\":[{\"@type\":\"SearchAction\",\"target\":{\"@type\":\"EntryPoint\",\"urlTemplate\":\"https:\/\/www.camping-serendipite.fr\/?s={search_term_string}\"},\"query-input\":{\"@type\":\"PropertyValueSpecification\",\"valueRequired\":true,\"valueName\":\"search_term_string\"}}],\"inLanguage\":\"de\"},{\"@type\":\"Organization\",\"@id\":\"https:\/\/www.camping-serendipite.fr\/#organization\",\"name\":\"Camping S\u00e9rendipit\u00e9\",\"url\":\"https:\/\/www.camping-serendipite.fr\/\",\"logo\":{\"@type\":\"ImageObject\",\"inLanguage\":\"de\",\"@id\":\"https:\/\/www.camping-serendipite.fr\/#\/schema\/logo\/image\/\",\"url\":\"https:\/\/www.camping-serendipite.fr\/wp-content\/uploads\/2022\/06\/cropped-serendipite-camping-3-1.png\",\"contentUrl\":\"https:\/\/www.camping-serendipite.fr\/wp-content\/uploads\/2022\/06\/cropped-serendipite-camping-3-1.png\",\"width\":383,\"height\":461,\"caption\":\"Camping S\u00e9rendipit\u00e9\"},\"image\":{\"@id\":\"https:\/\/www.camping-serendipite.fr\/#\/schema\/logo\/image\/\"}}]}<\/script>\n<!-- \/ Yoast SEO plugin. -->","yoast_head_json":{"title":"\u00d6kologischer Campingplatz Vulkane Auvergne | \u00d6kologischer Campingplatz Cantal","robots":{"index":"index","follow":"follow","max-snippet":"max-snippet:-1","max-image-preview":"max-image-preview:large","max-video-preview":"max-video-preview:-1"},"canonical":"https:\/\/www.camping-serendipite.fr\/de\/oekologischer-camping-cantal\/","og_locale":"de_DE","og_type":"article","og_title":"\u00d6kologischer Campingplatz Vulkane Auvergne | \u00d6kologischer Campingplatz Cantal","og_url":"https:\/\/www.camping-serendipite.fr\/de\/oekologischer-camping-cantal\/","og_site_name":"Camping S\u00e9rendipit\u00e9","article_modified_time":"2025-02-10T13:12:57+00:00","og_image":[{"width":2560,"height":1920,"url":"https:\/\/www.camping-serendipite.fr\/wp-content\/uploads\/2024\/02\/IMG_0623-1-2-scaled-e1708617694564.jpg","type":"image\/jpeg"}],"twitter_card":"summary_large_image","twitter_misc":{"Gesch\u00e4tzte Lesezeit":"2\u00a0Minuten"},"schema":{"@context":"https:\/\/schema.org","@graph":[{"@type":"WebPage","@id":"https:\/\/www.camping-serendipite.fr\/de\/oekologischer-camping-cantal\/","url":"https:\/\/www.camping-serendipite.fr\/de\/oekologischer-camping-cantal\/","name":"\u00d6kologischer Campingplatz Vulkane Auvergne | \u00d6kologischer Campingplatz Cantal","isPartOf":{"@id":"https:\/\/www.camping-serendipite.fr\/#website"},"primaryImageOfPage":{"@id":"https:\/\/www.camping-serendipite.fr\/de\/oekologischer-camping-cantal\/#primaryimage"},"image":{"@id":"https:\/\/www.camping-serendipite.fr\/de\/oekologischer-camping-cantal\/#primaryimage"},"thumbnailUrl":"https:\/\/www.camping-serendipite.fr\/wp-content\/uploads\/2024\/02\/IMG_0623-1-2-scaled-e1708617694564.jpg","datePublished":"2023-05-22T14:28:48+00:00","dateModified":"2025-02-10T13:12:57+00:00","breadcrumb":{"@id":"https:\/\/www.camping-serendipite.fr\/de\/oekologischer-camping-cantal\/#breadcrumb"},"inLanguage":"de","potentialAction":[{"@type":"ReadAction","target":["https:\/\/www.camping-serendipite.fr\/de\/oekologischer-camping-cantal\/"]}]},{"@type":"ImageObject","inLanguage":"de","@id":"https:\/\/www.camping-serendipite.fr\/de\/oekologischer-camping-cantal\/#primaryimage","url":"https:\/\/www.camping-serendipite.fr\/wp-content\/uploads\/2024\/02\/IMG_0623-1-2-scaled-e1708617694564.jpg","contentUrl":"https:\/\/www.camping-serendipite.fr\/wp-content\/uploads\/2024\/02\/IMG_0623-1-2-scaled-e1708617694564.jpg","width":2560,"height":1920,"caption":"IMG 0623 (1) (2)"},{"@type":"BreadcrumbList","@id":"https:\/\/www.camping-serendipite.fr\/de\/oekologischer-camping-cantal\/#breadcrumb","itemListElement":[{"@type":"ListItem","position":1,"name":"Camping Cantal","item":"https:\/\/www.camping-serendipite.fr\/de\/"},{"@type":"ListItem","position":2,"name":"\u00d6kologischer Campingplatz in der N\u00e4he der Vulkane Auvergne"}]},{"@type":"WebSite","@id":"https:\/\/www.camping-serendipite.fr\/#website","url":"https:\/\/www.camping-serendipite.fr\/","name":"Camping S\u00e9rendipit\u00e9","description":"","publisher":{"@id":"https:\/\/www.camping-serendipite.fr\/#organization"},"potentialAction":[{"@type":"SearchAction","target":{"@type":"EntryPoint","urlTemplate":"https:\/\/www.camping-serendipite.fr\/?s={search_term_string}"},"query-input":{"@type":"PropertyValueSpecification","valueRequired":true,"valueName":"search_term_string"}}],"inLanguage":"de"},{"@type":"Organization","@id":"https:\/\/www.camping-serendipite.fr\/#organization","name":"Camping S\u00e9rendipit\u00e9","url":"https:\/\/www.camping-serendipite.fr\/","logo":{"@type":"ImageObject","inLanguage":"de","@id":"https:\/\/www.camping-serendipite.fr\/#\/schema\/logo\/image\/","url":"https:\/\/www.camping-serendipite.fr\/wp-content\/uploads\/2022\/06\/cropped-serendipite-camping-3-1.png","contentUrl":"https:\/\/www.camping-serendipite.fr\/wp-content\/uploads\/2022\/06\/cropped-serendipite-camping-3-1.png","width":383,"height":461,"caption":"Camping S\u00e9rendipit\u00e9"},"image":{"@id":"https:\/\/www.camping-serendipite.fr\/#\/schema\/logo\/image\/"}}]}},"_links":{"self":[{"href":"https:\/\/www.camping-serendipite.fr\/de\/wp-json\/wp\/v2\/pages\/2115","targetHints":{"allow":["GET"]}}],"collection":[{"href":"https:\/\/www.camping-serendipite.fr\/de\/wp-json\/wp\/v2\/pages"}],"about":[{"href":"https:\/\/www.camping-serendipite.fr\/de\/wp-json\/wp\/v2\/types\/page"}],"author":[{"embeddable":true,"href":"https:\/\/www.camping-serendipite.fr\/de\/wp-json\/wp\/v2\/users\/1"}],"replies":[{"embeddable":true,"href":"https:\/\/www.camping-serendipite.fr\/de\/wp-json\/wp\/v2\/comments?post=2115"}],"version-history":[{"count":3,"href":"https:\/\/www.camping-serendipite.fr\/de\/wp-json\/wp\/v2\/pages\/2115\/revisions"}],"predecessor-version":[{"id":3534,"href":"https:\/\/www.camping-serendipite.fr\/de\/wp-json\/wp\/v2\/pages\/2115\/revisions\/3534"}],"wp:featuredmedia":[{"embeddable":true,"href":"https:\/\/www.camping-serendipite.fr\/de\/wp-json\/wp\/v2\/media\/2857"}],"wp:attachment":[{"href":"https:\/\/www.camping-serendipite.fr\/de\/wp-json\/wp\/v2\/media?parent=2115"}],"wp:term":[{"taxonomy":"sujet","embeddable":true,"href":"https:\/\/www.camping-serendipite.fr\/de\/wp-json\/wp\/v2\/sujet?post=2115"}],"curies":[{"name":"wp","href":"https:\/\/api.w.org\/{rel}","templated":true}]}}